{"id":148503,"date":"2025-07-11T06:45:09","date_gmt":"2025-07-11T04:45:09","guid":{"rendered":"https:\/\/metal-badge.ch\/product\/148503\/barriera-pieghevole-per-parcheggio-blocco-manuale-del-parcheggio\/"},"modified":"2025-07-11T06:45:09","modified_gmt":"2025-07-11T04:45:09","slug":"barriera-pieghevole-per-parcheggio-blocco-manuale-del-parcheggio","status":"publish","type":"product","link":"https:\/\/metal-badge.ch\/it\/product\/148503\/barriera-pieghevole-per-parcheggio-blocco-manuale-del-parcheggio\/","title":{"rendered":"Barriera pieghevole per parcheggio\/blocco manuale del parcheggio"},"content":{"rendered":"<p><span style=\"font-weight: 400;\">La scelta ideale per parcheggi privati, garage, ingressi o altre aree che necessitano di protezione. La barriera pieghevole per parcheggio \u00e8 la soluzione ideale per chi desidera proteggere il proprio posto auto in modo semplice e sicuro. Con questa barriera \u00e8 possibile proteggere i propri parcheggi da ospiti indesiderati, garantendo cos\u00ec maggiore sicurezza e tranquillit\u00e0. La barriera per parcheggio \u00e8 facile da installare e pu\u00f2 essere rapidamente aperta o chiusa per bloccare o consentire l&#8217;accesso al parcheggio. Questa barriera per parcheggio \u00e8 protetta da un dispositivo di blocco. Per aprirlo, \u00e8 necessario utilizzare le chiavi in dotazione. Con la stessa chiave \u00e8 possibile chiudere il blocco sul cilindro della serratura collegato.&nbsp;<\/span><\/p>\n<p><span style=\"font-weight: 400;\">Opzionalmente, il blocco pu\u00f2 essere ulteriormente protetto con un piccolo lucchetto (non incluso) per proteggere il parcheggio da un uso non autorizzato. Montaggio stabile con&nbsp;2 viti nel terreno (non incluse). La barriera per parcheggio \u00e8 fissata su tutti i lati con nastro riflettente 3M per una buona visibilit\u00e0 anche di notte.&nbsp;<\/span><\/p>\n<p><b>Nota:<\/b><span style=\"font-weight: 400;\">&nbsp;l&#8217;articolo \u00e8 nuovo e mai usato. Potrebbero esserci lievi graffi o scheggiature della vernice. Ci scusiamo per questi piccoli difetti estetici che non influiscono sulla funzionalit\u00e0 del prodotto.<\/span><\/p>\n<p><b>Informazioni prodotto:<\/b><\/p>\n<ul>\n<li><span style=\"font-weight: 400;\">Denominazione: Barriera di blocco per parcheggio PL-A60-00B<\/span><\/li>\n<li><span style=\"font-weight: 400;\">La scelta ideale per parcheggi privati, garage, ingressi o altre aree che necessitano di protezione<\/span><\/li>\n<li><span style=\"font-weight: 400;\">Utilizzo: per tutti i parcheggi&nbsp;<\/span><\/li>\n<li><span style=\"font-weight: 400;\">Dimensioni: lunghezza 70 cm\/larghezza 23 cm\/altezza 40 cm<\/span><\/li>\n<li><span style=\"font-weight: 400;\">Peso: 5 kg&nbsp;<\/span><\/li>\n<li><span style=\"font-weight: 400;\">Colore: giallo&nbsp;<\/span><\/li>\n<li><span style=\"font-weight: 400;\">Materiale: acciaio&nbsp;<\/span><\/li>\n<li><span style=\"font-weight: 400;\">Dotato di nastro riflettente 3M su tutti i lati per una buona visibilit\u00e0 anche di notte.<\/span><\/li>\n<li><span style=\"font-weight: 400;\">Staffa per parcheggio pieghevole con serratura a cilindro&nbsp;<\/span><\/li>\n<li><span style=\"font-weight: 400;\">Nella confezione sono incluse le due chiavi per il cilindro della serratura&nbsp;<\/span><\/li>\n<li><span style=\"font-weight: 400;\">Il lucchetto opzionale per il fissaggio non \u00e8 incluso nella confezione.&nbsp;<\/span><\/li>\n<li><span style=\"font-weight: 400;\">La barriera per parcheggio \u00e8 facile da installare e pu\u00f2 essere rapidamente aperta o chiusa per bloccare o consentire l&#8217;accesso al parcheggio<\/span><\/li>\n<li><span style=\"font-weight: 400;\">Montaggio stabile con&nbsp;2 viti nel terreno (non incluse)<\/span><\/li>\n<\/ul>\n","protected":false},"excerpt":{"rendered":"<p><span style=\"font-weight: 400;\">La scelta ideale per parcheggi privati, garage, ingressi o altre aree che necessitano di protezione. La barriera pieghevole per parcheggio \u00e8 la soluzione ideale per chi desidera proteggere il proprio posto auto in modo semplice e sicuro. Con questa barriera \u00e8 possibile proteggere i propri parcheggi da ospiti indesiderati, garantendo cos\u00ec maggiore sicurezza e tranquillit\u00e0. La barriera per parcheggio \u00e8 facile da installare e pu\u00f2 essere rapidamente aperta o chiusa per bloccare o consentire l&#8217;accesso al parcheggio. Questa barriera per parcheggio \u00e8 protetta da un dispositivo di blocco. Per aprirlo, \u00e8 necessario utilizzare le chiavi in dotazione. Con la stessa chiave \u00e8 possibile chiudere il blocco sul cilindro della serratura collegato.&nbsp;<\/span><\/p>\n","protected":false},"featured_media":148480,"comment_status":"closed","ping_status":"closed","template":"","meta":{"inline_featured_image":false},"product_brand":[],"product_cat":[888,1460],"product_tag":[1794],"class_list":{"0":"post-148503","1":"product","2":"type-product","3":"status-publish","4":"has-post-thumbnail","6":"product_cat-accessori","7":"product_cat-barriere","8":"product_tag-veicolo-strada","10":"first","11":"instock","12":"taxable","13":"shipping-taxable","14":"purchasable","15":"product-type-simple"},"_links":{"self":[{"href":"https:\/\/metal-badge.ch\/it\/wp-json\/wp\/v2\/product\/148503","targetHints":{"allow":["GET"]}}],"collection":[{"href":"https:\/\/metal-badge.ch\/it\/wp-json\/wp\/v2\/product"}],"about":[{"href":"https:\/\/metal-badge.ch\/it\/wp-json\/wp\/v2\/types\/product"}],"replies":[{"embeddable":true,"href":"https:\/\/metal-badge.ch\/it\/wp-json\/wp\/v2\/comments?post=148503"}],"wp:featuredmedia":[{"embeddable":true,"href":"https:\/\/metal-badge.ch\/it\/wp-json\/wp\/v2\/media\/148480"}],"wp:attachment":[{"href":"https:\/\/metal-badge.ch\/it\/wp-json\/wp\/v2\/media?parent=148503"}],"wp:term":[{"taxonomy":"product_brand","embeddable":true,"href":"https:\/\/metal-badge.ch\/it\/wp-json\/wp\/v2\/product_brand?post=148503"},{"taxonomy":"product_cat","embeddable":true,"href":"https:\/\/metal-badge.ch\/it\/wp-json\/wp\/v2\/product_cat?post=148503"},{"taxonomy":"product_tag","embeddable":true,"href":"https:\/\/metal-badge.ch\/it\/wp-json\/wp\/v2\/product_tag?post=148503"}],"curies":[{"name":"wp","href":"https:\/\/api.w.org\/{rel}","templated":true}]}}