{"id":148411,"date":"2025-07-11T05:36:39","date_gmt":"2025-07-11T03:36:40","guid":{"rendered":"https:\/\/metal-badge.ch\/?post_type=product&#038;p=148411"},"modified":"2025-07-11T05:50:52","modified_gmt":"2025-07-11T03:50:52","slug":"tenda-di-emergenza-rifugio-di-emergenza-verde-con-rivestimento-in-alluminio-su-un-lato","status":"publish","type":"product","link":"https:\/\/metal-badge.ch\/it\/product\/148411\/tenda-di-emergenza-rifugio-di-emergenza-verde-con-rivestimento-in-alluminio-su-un-lato\/","title":{"rendered":"Tenda di emergenza, rifugio di emergenza verde, con rivestimento in alluminio su un lato"},"content":{"rendered":"<p><span style=\"font-weight: 400;\">La tenda di emergenza&nbsp;Zero Hour Tent&nbsp;di&nbsp;Pentagon<\/span><b>&nbsp;<\/b><span style=\"font-weight: 400;\">offre una protezione perfetta contro il freddo improvviso, isola bene dal freddo del terreno e tiene al riparo dalle intemperie. Realizzata in poliestere leggero e resistente e foglio di alluminio, \u00e8 perfetta per le situazioni di emergenza. L&#8217;esterno della tenda ha colori vivaci per garantire la massima visibilit\u00e0 e sicurezza in caso di emergenza. Il rifugio di emergenza \u00e8 versatile: pu\u00f2 essere usato come tenda di emergenza o coperta termica per proteggere il corpo, sacco a pelo di emergenza, telo di copertura o base isolante per la base della tenda, ecc.<\/span><\/p>\n<p><span style=\"font-weight: 400;\">La tenda di emergenza pesa solo 385 grammi con picchetti, clip di fissaggio e corda. Una volta ripiegata, la tenda occupa pochissimo spazio nello zaino. Nella confezione \u00e8 incluso anche un fischietto di emergenza.&nbsp;<\/span><\/p>\n<p><b>Informazioni prodotto:<\/b><\/p>\n<ul>\n<li><span style=\"font-weight: 400;\">Denominazione: Tenda di emergenza, rifugio di emergenza verde, con rivestimento in alluminio su un lato<\/span><\/li>\n<li><span style=\"font-weight: 400;\">Protegge da freddo, umidit\u00e0, vento e calore<\/span><\/li>\n<li><span style=\"font-weight: 400;\">Versatile, pu\u00f2 essere usato come sacco a pelo di emergenza, coperta termica, tenda di emergenza, ecc.<\/span><\/li>\n<li><span style=\"font-weight: 400;\">1 telo per tenda con 4 occhielli in metallo<\/span><span style=\"font-weight: 400;\"><br \/>\n<\/span><\/li>\n<li><span style=\"font-weight: 400;\">1 corda per tenda, circa 6 m<\/span><span style=\"font-weight: 400;\"><br \/>\n<\/span><\/li>\n<li><span style=\"font-weight: 400;\">2 clip di fissaggio<\/span><span style=\"font-weight: 400;\"><br \/>\n<\/span><\/li>\n<li><span style=\"font-weight: 400;\">4 picchetti in metallo<\/span><span style=\"font-weight: 400;\"><br \/>\n<\/span><\/li>\n<li><span style=\"font-weight: 400;\">1 fischietto di emergenza<\/span><span style=\"font-weight: 400;\"><br \/>\n<\/span><\/li>\n<li><span style=\"font-weight: 400;\">Borsa per il trasporto con fischietto e cordino<\/span><span style=\"font-weight: 400;\"><br \/>\n<\/span><\/li>\n<li><span style=\"font-weight: 400;\">Dimensioni: circa 240 x 150 cm<\/span><span style=\"font-weight: 400;\"><br \/>\n<\/span><\/li>\n<li><span style=\"font-weight: 400;\">Dimensioni ripiegata: circa 6 cm x 22 cm (P x A)<\/span><span style=\"font-weight: 400;\"><br \/>\n<\/span><\/li>\n<li><span style=\"font-weight: 400;\">Peso: circa 385 g, sacca inclusa<\/span><span style=\"font-weight: 400;\"><br \/>\n<\/span><\/li>\n<li><span style=\"font-weight: 400;\">Materiale: polietilene\/alluminio<\/span><\/li>\n<li><span style=\"font-weight: 400;\">Colore: verde <\/span><\/li>\n<\/ul>\n","protected":false},"excerpt":{"rendered":"<p><span style=\"font-weight: 400;\">La tenda di emergenza&nbsp;Zero Hour Tent&nbsp;di&nbsp;Pentagon<\/span><b>&nbsp;<\/b><span style=\"font-weight: 400;\">offre una protezione perfetta contro il freddo improvviso, isola bene dal freddo del terreno e tiene al riparo dalle intemperie. Realizzata in poliestere leggero e resistente e foglio di alluminio, \u00e8 perfetta per le situazioni di emergenza. L&#8217;esterno della tenda ha colori vivaci per garantire la massima visibilit\u00e0 e sicurezza in caso di emergenza. Il rifugio di emergenza \u00e8 versatile: pu\u00f2 essere usato come tenda di emergenza o coperta termica per proteggere il corpo, sacco a pelo di emergenza, telo di copertura o base isolante per la base della tenda, ecc.<\/span><\/p>\n","protected":false},"featured_media":148415,"comment_status":"closed","ping_status":"closed","template":"","meta":{"inline_featured_image":false},"product_brand":[],"product_cat":[888,1695],"product_tag":[1770,1766],"class_list":{"0":"post-148411","1":"product","2":"type-product","3":"status-publish","4":"has-post-thumbnail","6":"product_cat-accessori","7":"product_cat-sacchi-a-pelo-sacchi-da-bivacco-amache","8":"product_tag-army-survival-it","9":"product_tag-sport-outdoor-it","11":"first","12":"instock","13":"taxable","14":"shipping-taxable","15":"purchasable","16":"product-type-simple"},"_links":{"self":[{"href":"https:\/\/metal-badge.ch\/it\/wp-json\/wp\/v2\/product\/148411","targetHints":{"allow":["GET"]}}],"collection":[{"href":"https:\/\/metal-badge.ch\/it\/wp-json\/wp\/v2\/product"}],"about":[{"href":"https:\/\/metal-badge.ch\/it\/wp-json\/wp\/v2\/types\/product"}],"replies":[{"embeddable":true,"href":"https:\/\/metal-badge.ch\/it\/wp-json\/wp\/v2\/comments?post=148411"}],"wp:featuredmedia":[{"embeddable":true,"href":"https:\/\/metal-badge.ch\/it\/wp-json\/wp\/v2\/media\/148415"}],"wp:attachment":[{"href":"https:\/\/metal-badge.ch\/it\/wp-json\/wp\/v2\/media?parent=148411"}],"wp:term":[{"taxonomy":"product_brand","embeddable":true,"href":"https:\/\/metal-badge.ch\/it\/wp-json\/wp\/v2\/product_brand?post=148411"},{"taxonomy":"product_cat","embeddable":true,"href":"https:\/\/metal-badge.ch\/it\/wp-json\/wp\/v2\/product_cat?post=148411"},{"taxonomy":"product_tag","embeddable":true,"href":"https:\/\/metal-badge.ch\/it\/wp-json\/wp\/v2\/product_tag?post=148411"}],"curies":[{"name":"wp","href":"https:\/\/api.w.org\/{rel}","templated":true}]}}