{"id":148302,"date":"2025-07-11T02:18:13","date_gmt":"2025-07-11T00:18:13","guid":{"rendered":"https:\/\/metal-badge.ch\/product\/148302\/coltello-da-caccia-fixed-blade\/"},"modified":"2025-07-11T02:36:13","modified_gmt":"2025-07-11T00:36:13","slug":"coltello-da-caccia-fixed-blade-verde-oliva","status":"publish","type":"product","link":"https:\/\/metal-badge.ch\/it\/product\/148302\/coltello-da-caccia-fixed-blade-verde-oliva\/","title":{"rendered":"Coltello da caccia Fixed Blade &#8211; verde oliva\u00a0"},"content":{"rendered":"<p><b>Fixed Blade<\/b><span style=\"font-weight: 400;\">&nbsp;Coltello da caccia a lama liscia fissa, semplice ed efficace. Realizzato in acciaio inossidabile 440 A, garantisce che la lama resti affilata a lungo senza bisogno di essere riaffilata spesso. Grazie all&#8217;impugnatura gommata con struttura diamantata, \u00e8 comodo da tenere in mano ed \u00e8 perfettamente bilanciato. Senza fronzoli. In struttura massiccia. Ideale per attivit\u00e0 all&#8217;aperto come la caccia, la pesca e il campeggio. Viene fornito in una custodia in plastica composta da materiale termoplastico TPR e nylon composito.&nbsp;&nbsp;<\/span><\/p>\n<p><b>Informazioni prodotto:&nbsp;<\/b><\/p>\n<ul>\n<li><span style=\"font-weight: 400;\">Denominazione: coltello da caccia <\/span><span style=\"font-weight: 400;\">a lama fissa<\/span><\/li>\n<li><span style=\"font-weight: 400;\">Presa perfetta grazie all&#8217;impugnatura ergonomica in TPE<\/span><\/li>\n<li><span style=\"font-weight: 400;\">Sistema di aggancio alla cintura MOLLE<\/span><\/li>\n<li><span style=\"font-weight: 400;\">Materiale: acciaio inossidabile 440A&nbsp;<\/span><\/li>\n<li><span style=\"font-weight: 400;\">Materiale: manico in termoplastica TPR<\/span><\/li>\n<li><span style=\"font-weight: 400;\">Estremit\u00e0 dell&#8217;impugnatura con foro di fissaggio<\/span><\/li>\n<li><span style=\"font-weight: 400;\">Affilatura lama: liscia&nbsp;<\/span><\/li>\n<li><span style=\"font-weight: 400;\">Forma della lama: drop point<\/span><\/li>\n<li><span style=\"font-weight: 400;\">Peso (solo coltello): 190 g<\/span><\/li>\n<li><span style=\"font-weight: 400;\">Peso (coltello con fodero): 298 g&nbsp;&nbsp;<\/span><\/li>\n<li><span style=\"font-weight: 400;\">Colore: nero&nbsp;<\/span><\/li>\n<li><span style=\"font-weight: 400;\">Colore manico: verde oliva&nbsp;<\/span><\/li>\n<li><span style=\"font-weight: 400;\">Spessore manico: 2,0 cm<\/span><\/li>\n<li><span style=\"font-weight: 400;\">Dimensioni: larghezza lama 3,0 cm&nbsp;<\/span><\/li>\n<li><span style=\"font-weight: 400;\">Lunghezza totale: 25 cm<\/span><\/li>\n<li><span style=\"font-weight: 400;\">Lunghezza manico: 12 cm<\/span><\/li>\n<li><span style=\"font-weight: 400;\">Lunghezza lama: 13 cm&nbsp;<\/span><\/li>\n<li><span style=\"font-weight: 400;\">Durezza lama: 58-60 HRC<\/span><\/li>\n<li><span style=\"font-weight: 400;\">Il prezzo include il fodero in nylon e TPR<\/span><\/li>\n<\/ul>\n","protected":false},"excerpt":{"rendered":"<p><b>Fixed Blade<\/b><span style=\"font-weight: 400;\">&nbsp;Coltello da caccia a lama liscia fissa, semplice ed efficace. Realizzato in acciaio inossidabile 440 A, garantisce che la lama resti affilata a lungo senza bisogno di essere riaffilata spesso. Grazie all&#8217;impugnatura gommata con struttura diamantata, \u00e8 comodo da tenere in mano ed \u00e8 perfettamente bilanciato. Senza fronzoli. In struttura massiccia. Ideale per attivit\u00e0 all&#8217;aperto come la caccia, la pesca e il campeggio. Viene fornito in una custodia in plastica composta da materiale termoplastico TPR e nylon composito.&nbsp;&nbsp;<\/span><\/p>\n","protected":false},"featured_media":148279,"comment_status":"closed","ping_status":"closed","template":"","meta":{"inline_featured_image":false},"product_brand":[],"product_cat":[1036,888,1348],"product_tag":[],"class_list":{"0":"post-148302","1":"product","2":"type-product","3":"status-publish","4":"has-post-thumbnail","6":"product_cat-coltelli-machete","7":"product_cat-accessori","8":"product_cat-accessori-per-esercito-caccia","10":"first","11":"instock","12":"taxable","13":"shipping-taxable","14":"purchasable","15":"product-type-simple"},"_links":{"self":[{"href":"https:\/\/metal-badge.ch\/it\/wp-json\/wp\/v2\/product\/148302","targetHints":{"allow":["GET"]}}],"collection":[{"href":"https:\/\/metal-badge.ch\/it\/wp-json\/wp\/v2\/product"}],"about":[{"href":"https:\/\/metal-badge.ch\/it\/wp-json\/wp\/v2\/types\/product"}],"replies":[{"embeddable":true,"href":"https:\/\/metal-badge.ch\/it\/wp-json\/wp\/v2\/comments?post=148302"}],"wp:featuredmedia":[{"embeddable":true,"href":"https:\/\/metal-badge.ch\/it\/wp-json\/wp\/v2\/media\/148279"}],"wp:attachment":[{"href":"https:\/\/metal-badge.ch\/it\/wp-json\/wp\/v2\/media?parent=148302"}],"wp:term":[{"taxonomy":"product_brand","embeddable":true,"href":"https:\/\/metal-badge.ch\/it\/wp-json\/wp\/v2\/product_brand?post=148302"},{"taxonomy":"product_cat","embeddable":true,"href":"https:\/\/metal-badge.ch\/it\/wp-json\/wp\/v2\/product_cat?post=148302"},{"taxonomy":"product_tag","embeddable":true,"href":"https:\/\/metal-badge.ch\/it\/wp-json\/wp\/v2\/product_tag?post=148302"}],"curies":[{"name":"wp","href":"https:\/\/api.w.org\/{rel}","templated":true}]}}