{"id":148161,"date":"2025-07-10T18:49:44","date_gmt":"2025-07-10T16:49:45","guid":{"rendered":"https:\/\/metal-badge.ch\/?post_type=product&#038;p=148161"},"modified":"2025-07-10T19:07:00","modified_gmt":"2025-07-10T17:07:00","slug":"il-portapranzo-premium-in-acciaio-inossidabile-2","status":"publish","type":"product","link":"https:\/\/metal-badge.ch\/it\/product\/148161\/il-portapranzo-premium-in-acciaio-inossidabile-2\/","title":{"rendered":"Il portapranzo premium in acciaio inossidabile"},"content":{"rendered":"<p><span style=\"font-weight: 400;\">Non \u00e8 solo un contenitore per il pranzo, ma un compagno affidabile per tante occasioni!<\/span><\/p>\n<p><span style=\"font-weight: 400;\">Con questo portapranzo riutilizzabile in acciaio inossidabile, puoi finalmente conservare e trasportare il tuo cibo in modo ecologico e senza l&#8217;utilizzo di plastica o altri imballaggi. Grazie al divisorio rimovibile, puoi tenere separati in modo igienico due tipi di cibo diversi. I tuoi alimenti resteranno cos\u00ec privi di BPA e odori fastidiosi. Due chiusure a scatto fissano il coperchio con una guarnizione ermetica in silicone. In questo modo puoi trasportare in modo sicuro anche i cibi liquidi. \u00c8 perfetto per le escursioni, lo sport, l&#8217;asilo, la scuola o l&#8217;universit\u00e0, l&#8217;ufficio e per andare al lavoro. Il coperchio \u00e8 dotato anche di due maniglie pieghevoli e di una piccola valvola di depressione per una facile apertura. Il robusto acciaio inossidabile \u00e8 super resistente, anche quando le cose si fanno un po&#8217; pi\u00f9 movimentate. Il portapranzo \u00e8 lavabile comodamente in lavastoviglie.<\/span><\/p>\n<p><b>Informazioni prodotto:&nbsp;<\/b><\/p>\n<ul>\n<li><span style=\"font-weight: 400;\">Denominazione: portapranzo in acciaio inossidabile NI360-MFFH-2<\/span><\/li>\n<li><span style=\"font-weight: 400;\">Perfetto per il campeggio, la scuola, le escursioni, la pesca, ecc.<\/span><\/li>\n<li><span style=\"font-weight: 400;\">Ideale per snack, muesli, yogurt, ecc.<\/span><\/li>\n<li><span style=\"font-weight: 400;\">A tenuta grazie all&#8217;anello in silicone integrato nel coperchio<\/span><\/li>\n<li><span style=\"font-weight: 400;\">100% senza plastica<\/span><\/li>\n<li><span style=\"font-weight: 400;\">100% ermetico<\/span><\/li>\n<li><span style=\"font-weight: 400;\">Coperchio con maniglie pieghevoli<\/span><\/li>\n<li><span style=\"font-weight: 400;\">Piccola valvola per una pi\u00f9 facile apertura<\/span><\/li>\n<li><span style=\"font-weight: 400;\">Divisorio rimovibile con due scomparti per diversi tipi di cibo<\/span><\/li>\n<li><span style=\"font-weight: 400;\">Inodore e insapore<\/span><\/li>\n<li><span style=\"font-weight: 400;\">Chiusura sicura, facile da aprire anche per i bambini<\/span><\/li>\n<li><span style=\"font-weight: 400;\">Riduce i rifiuti e gli imballaggi monouso<\/span><\/li>\n<li><span style=\"font-weight: 400;\">Facilissimo da lavare in lavastoviglie<\/span><\/li>\n<li><span style=\"font-weight: 400;\">Resistente e robusto grazie ai materiali di alta qualit\u00e0<\/span><\/li>\n<li><b>Regalo<\/b><span style=\"font-weight: 400;\"> perfetto di alta qualit\u00e0<\/span><\/li>\n<li><span style=\"font-weight: 400;\">Disponibile anche con logo o incisione personalizzati&nbsp;<\/span><\/li>\n<li><span style=\"font-weight: 400;\">Pratica chiusura<\/span><\/li>\n<\/ul>\n<p><b>Avvertenze:<\/b><\/p>\n<ul>\n<li><span style=\"font-weight: 400;\">Il portapranzo in acciaio inox non deve essere utilizzato nel microonde.<\/span><\/li>\n<li><span style=\"font-weight: 400;\">Non utilizzare detergenti contenenti cloro, poich\u00e9 potrebbero danneggiare il materiale.<\/span><\/li>\n<li><span style=\"font-weight: 400;\">Non conservare gli avanzi del pranzo nel portapranzo per troppo tempo, per evitare cattivi odori e danni al materiale.<\/span><\/li>\n<li><span style=\"font-weight: 400;\">Non lasciare il portapranzo in acqua per tanto tempo per evitare che si arrugginisca.<\/span><\/li>\n<li><span style=\"font-weight: 400;\">Colore: argento&nbsp;<\/span><\/li>\n<li><span style=\"font-weight: 400;\">Capacit\u00e0: 1.800 ml<\/span><\/li>\n<li><span style=\"font-weight: 400;\">Dimensioni: lunghezza 20,5 cm x larghezza 15,5 cm x altezza 8,5 cm<\/span><\/li>\n<\/ul>\n<p><span style=\"font-weight: 400;\">Peso: 620 g&nbsp;<\/span><\/p>\n","protected":false},"excerpt":{"rendered":"<p><span style=\"font-weight: 400;\">Non \u00e8 solo un contenitore per il pranzo, ma un compagno affidabile per tante occasioni!<\/span><\/p>\n<p><span style=\"font-weight: 400;\">Con questo portapranzo riutilizzabile in acciaio inossidabile, puoi finalmente conservare e trasportare il tuo cibo in modo ecologico e senza l&#8217;utilizzo di plastica o altri imballaggi. Grazie al divisorio rimovibile, puoi tenere separati in modo igienico due tipi di cibo diversi. I tuoi alimenti resteranno cos\u00ec privi di BPA e odori fastidiosi. Due chiusure a scatto fissano il coperchio con una guarnizione ermetica in silicone. In questo modo puoi trasportare in modo sicuro anche i cibi liquidi. \u00c8 perfetto per le escursioni, lo sport, l&#8217;asilo, la scuola o l&#8217;universit\u00e0, l&#8217;ufficio e per andare al lavoro. Il coperchio \u00e8 dotato anche di due maniglie pieghevoli e di una piccola valvola di depressione per una facile apertura. Il robusto acciaio inossidabile \u00e8 super resistente, anche quando le cose si fanno un po&#8217; pi\u00f9 movimentate. Il portapranzo \u00e8 lavabile comodamente in lavastoviglie.<\/span><\/p>\n","protected":false},"featured_media":148173,"comment_status":"closed","ping_status":"closed","template":"","meta":{"inline_featured_image":false},"product_brand":[],"product_cat":[888,1276,1436],"product_tag":[],"class_list":{"0":"post-148161","1":"product","2":"type-product","3":"status-publish","4":"has-post-thumbnail","6":"product_cat-accessori","7":"product_cat-bottiglie-padella-contenitore","8":"product_cat-campeggio-viaggio","10":"first","11":"instock","12":"taxable","13":"shipping-taxable","14":"purchasable","15":"product-type-simple"},"_links":{"self":[{"href":"https:\/\/metal-badge.ch\/it\/wp-json\/wp\/v2\/product\/148161","targetHints":{"allow":["GET"]}}],"collection":[{"href":"https:\/\/metal-badge.ch\/it\/wp-json\/wp\/v2\/product"}],"about":[{"href":"https:\/\/metal-badge.ch\/it\/wp-json\/wp\/v2\/types\/product"}],"replies":[{"embeddable":true,"href":"https:\/\/metal-badge.ch\/it\/wp-json\/wp\/v2\/comments?post=148161"}],"wp:featuredmedia":[{"embeddable":true,"href":"https:\/\/metal-badge.ch\/it\/wp-json\/wp\/v2\/media\/148173"}],"wp:attachment":[{"href":"https:\/\/metal-badge.ch\/it\/wp-json\/wp\/v2\/media?parent=148161"}],"wp:term":[{"taxonomy":"product_brand","embeddable":true,"href":"https:\/\/metal-badge.ch\/it\/wp-json\/wp\/v2\/product_brand?post=148161"},{"taxonomy":"product_cat","embeddable":true,"href":"https:\/\/metal-badge.ch\/it\/wp-json\/wp\/v2\/product_cat?post=148161"},{"taxonomy":"product_tag","embeddable":true,"href":"https:\/\/metal-badge.ch\/it\/wp-json\/wp\/v2\/product_tag?post=148161"}],"curies":[{"name":"wp","href":"https:\/\/api.w.org\/{rel}","templated":true}]}}