{"id":148008,"date":"2025-07-10T07:43:12","date_gmt":"2025-07-10T05:43:14","guid":{"rendered":"https:\/\/metal-badge.ch\/?post_type=product&#038;p=148008"},"modified":"2025-07-10T07:49:10","modified_gmt":"2025-07-10T05:49:10","slug":"securite-ferroviaire-etichetta-con-scritta-per-abbigliamento-con-velcro-sulla-parte-posteriore","status":"publish","type":"product","link":"https:\/\/metal-badge.ch\/it\/product\/148008\/securite-ferroviaire-etichetta-con-scritta-per-abbigliamento-con-velcro-sulla-parte-posteriore\/","title":{"rendered":"S\u00e9curit\u00e9 Ferroviair\u00e9 Etichetta con scritta per abbigliamento con velcro sulla parte posteriore"},"content":{"rendered":"<p><span style=\"font-weight: 400;\">La scritta \u00e8 applicata sulla parte posteriore mediante del velcro. La scritta \u00e8 di colore giallo \/ nero rifrangente.<\/span><\/p>\n<p><span style=\"font-weight: 400;\">Dimensioni del velcro: grande: 10 cm x 30 cm \/ piccolo: 4 cm x 12 cm<\/span><span style=\"font-weight: 400;\"><br \/>\n<\/span><span style=\"font-weight: 400;\">Colore: giallo \/ nero&nbsp; &nbsp;<\/span><\/p>\n<p><span style=\"font-weight: 400;\">Per scritte su richiesta telefonateci.<\/span><\/p>\n","protected":false},"excerpt":{"rendered":"<p><span style=\"font-weight: 400;\">La scritta \u00e8 applicata sulla parte posteriore mediante del velcro. La scritta \u00e8 di colore giallo \/ nero rifrangente.<\/span><\/p>\n","protected":false},"featured_media":148012,"comment_status":"closed","ping_status":"closed","template":"","meta":{"inline_featured_image":false},"product_brand":[],"product_cat":[1667,888,2183],"product_tag":[],"class_list":{"0":"post-148008","1":"product","2":"type-product","3":"status-publish","4":"has-post-thumbnail","6":"product_cat-segni-etichette-in-velcro","7":"product_cat-accessori","8":"product_cat-etichetta","10":"first","11":"instock","12":"taxable","13":"shipping-taxable","14":"purchasable","15":"product-type-simple"},"_links":{"self":[{"href":"https:\/\/metal-badge.ch\/it\/wp-json\/wp\/v2\/product\/148008","targetHints":{"allow":["GET"]}}],"collection":[{"href":"https:\/\/metal-badge.ch\/it\/wp-json\/wp\/v2\/product"}],"about":[{"href":"https:\/\/metal-badge.ch\/it\/wp-json\/wp\/v2\/types\/product"}],"replies":[{"embeddable":true,"href":"https:\/\/metal-badge.ch\/it\/wp-json\/wp\/v2\/comments?post=148008"}],"wp:featuredmedia":[{"embeddable":true,"href":"https:\/\/metal-badge.ch\/it\/wp-json\/wp\/v2\/media\/148012"}],"wp:attachment":[{"href":"https:\/\/metal-badge.ch\/it\/wp-json\/wp\/v2\/media?parent=148008"}],"wp:term":[{"taxonomy":"product_brand","embeddable":true,"href":"https:\/\/metal-badge.ch\/it\/wp-json\/wp\/v2\/product_brand?post=148008"},{"taxonomy":"product_cat","embeddable":true,"href":"https:\/\/metal-badge.ch\/it\/wp-json\/wp\/v2\/product_cat?post=148008"},{"taxonomy":"product_tag","embeddable":true,"href":"https:\/\/metal-badge.ch\/it\/wp-json\/wp\/v2\/product_tag?post=148008"}],"curies":[{"name":"wp","href":"https:\/\/api.w.org\/{rel}","templated":true}]}}