{"id":147574,"date":"2025-07-08T20:03:55","date_gmt":"2025-07-08T18:04:01","guid":{"rendered":"https:\/\/metal-badge.ch\/?post_type=product&#038;p=147574"},"modified":"2025-07-09T01:23:52","modified_gmt":"2025-07-08T23:23:52","slug":"ginocchiera-di-sostegno-con-ampia-chiusura-in-velcro-da-5-cm-nero-3","status":"publish","type":"product","link":"https:\/\/metal-badge.ch\/it\/product\/147574\/ginocchiera-di-sostegno-con-ampia-chiusura-in-velcro-da-5-cm-nero-3\/","title":{"rendered":"Ginocchiera di sostegno con ampia chiusura in velcro da 5 cm &#8211; nero"},"content":{"rendered":"<p><span style=\"font-weight: 400;\">Ideale per il tempo libero e lo sport, offre maggiore sicurezza e sostegno.<\/span><\/p>\n<p><span style=\"font-weight: 400;\">Grazie a questa ginocchiera potrai muoverti pi\u00f9 liberamente nella vita di tutti i giorni. La funzione di supporto della ginocchiera aiuta a tenere stabile l&#8217;articolazione del ginocchio e fornisce maggiore sostegno e stabilit\u00e0. Grazie al supporto compressivo, potrai tornare a fare lunghe passeggiate nella natura, salire le scale e fare sport. Adatto a tutte le attivit\u00e0. Il leggero effetto compressivo offre un sostegno maggiore al ginocchio e stimola la circolazione sanguigna, favorendo una migliore irrorazione dell&#8217;articolazione e dei tessuti. Con questa ginocchiere potrai spostare pi\u00f9 peso sul ginocchio, rendendo pi\u00f9 facile stare in piedi a lungo. La ginocchiera pu\u00f2 essere indossata in qualsiasi momento e durante tutte le attivit\u00e0 quotidiane. Grazie alla leggera compressione, il ginocchio pu\u00f2 muoversi meglio e con meno dolore. Il materiale super elastico e traspirante offre il massimo comfort e si adatta perfettamente alla gamba grazie alle chiusure in velcro. Anche la forza del supporto pu\u00f2 essere regolata tramite le chiusure in velcro. La ginocchiera \u00e8 lavabile a 30\u00b0 ed \u00e8 adatta a tutti i movimenti quotidiani.<\/span><\/p>\n<p><b><i>Come si manifesta il dolore al ginocchio<\/i><\/b><\/p>\n<p><b><i>Pensi che il dolore al ginocchio sia dovuto a un carico sbagliato, a uno sforzo eccessivo durante lo sport o alla degenerazione della cartilagine dovuta all&#8217;et\u00e0 con artrosi incipiente o conclamata? Non \u00e8 proprio cos\u00ec.<\/i><\/b><b><i><br \/>\n<\/i><\/b><b><i>Il dolore al ginocchio \u00e8 causato da muscoli sempre corti e tesi, cos\u00ec come da fasce muscolari rigide. Queste tensioni errate creano una forte pressione sull&#8217;articolazione del ginocchio, che fa comprimere la cartilagine e la consuma a causa della pressione unilaterale, provocando alla fine l&#8217;artrosi.&nbsp;<\/i><\/b><\/p>\n<p><b>Informazioni prodotto:&nbsp;<\/b><\/p>\n<ul>\n<li><span style=\"font-weight: 400;\">Denominazione: ginocchiera con fascia in velcro&nbsp;<\/span><\/li>\n<li><span style=\"font-weight: 400;\">Modello: HJ014&nbsp;<\/span><\/li>\n<li><span style=\"font-weight: 400;\">Confortevole da indossare<\/span><\/li>\n<li><span style=\"font-weight: 400;\">Traspirante e confortevole da indossare&nbsp;<\/span><\/li>\n<li><span style=\"font-weight: 400;\">migliore circolazione sanguigna<\/span><\/li>\n<li><span style=\"font-weight: 400;\">Adatto a tutte le attivit\u00e0: sport e fitness, ciclismo, corsa, attivit\u00e0 all&#8217;aperto in generale<\/span><\/li>\n<li><span style=\"font-weight: 400;\">Con fascia in velcro larga 5 cm e lunga 100 cm<\/span><\/li>\n<li><span style=\"font-weight: 400;\">La forza del sostegno pu\u00f2 essere regolata in modo ottimale grazie alle chiusure in velcro<\/span><\/li>\n<li><span style=\"font-weight: 400;\">La fascia elastica su tutta la lunghezza viene avvolta a forma di 8 e fissata con la chiusura in velcro<\/span><\/li>\n<li><span style=\"font-weight: 400;\">Materiale: 60% nylon, 10% spandex, 30% tessuto in lattice gommato&nbsp;<\/span><\/li>\n<li><span style=\"font-weight: 400;\">Taglie: S\/M\/L\/XL\/2XL&nbsp;<\/span><\/li>\n<\/ul>\n<p><b>Dimensioni in cm:<\/b><\/p>\n<ul>\n<li><b>S: <\/b><span style=\"font-weight: 400;\">Larghezza parte superiore: 15 cm, larghezza parte inferiore: 13 cm, lunghezza: 27 cm&nbsp;<br \/>\n<\/span><b>Circonferenza consigliata della gamba: 30-40 cm&nbsp;<\/b><\/li>\n<li><b>M:<\/b><span style=\"font-weight: 400;\">&nbsp;Larghezza parte superiore: 16 cm, larghezza parte inferiore: 14 cm, lunghezza: 27 cm<\/span><span style=\"font-weight: 400;\"><br \/>\n<\/span><b>Circonferenza gamba consigliata: 35-41 cm<\/b><span style=\"font-weight: 400;\">, peso consigliato: 40-60 kg<\/span><\/li>\n<li><b>L:<\/b><span style=\"font-weight: 400;\">&nbsp;Larghezza parte superiore: 17 cm, larghezza parte inferiore: 15 cm, lunghezza: 27 cm<\/span><span style=\"font-weight: 400;\"><br \/>\n<\/span><b>Circonferenza gamba consigliata: 42-47 cm<\/b><span style=\"font-weight: 400;\">, peso consigliato: 60-75 kg<\/span><\/li>\n<li><b>XL<\/b><span style=\"font-weight: 400;\">:&nbsp;Larghezza parte superiore: 18 cm, larghezza parte inferiore: 16 cm, lunghezza: 27 cm<\/span><span style=\"font-weight: 400;\"><br \/>\n<\/span><b>Circonferenza gamba consigliata: 48-55 cm<\/b><span style=\"font-weight: 400;\">, peso consigliato: 75-95 kg<\/span><\/li>\n<li><b>XXL:<\/b><span style=\"font-weight: 400;\">&nbsp;Larghezza parte superiore: 19 cm, larghezza parte inferiore: 17 cm, lunghezza: 27 cm<\/span><span style=\"font-weight: 400;\"><br \/>\n<\/span><b>Circonferenza gamba consigliata: 56-63 cm<\/b><span style=\"font-weight: 400;\"><span style=\"font-weight: 400;\">, peso consigliato: 95-110 kg<\/span><\/span>&nbsp;<\/li>\n<li><span style=\"font-weight: 400;\">Colori disponibili: nero\/verde-nero\/arancione-nero\/rosso-nero <\/span><\/li>\n<li><span style=\"font-weight: 400;\">Lavabile a 30\u00b0<\/span><\/li>\n<li><span style=\"font-weight: 400;\">Peso: 124 g&nbsp;<\/span><\/li>\n<li><span style=\"font-weight: 400;\">Contenuto: 1 ginocchiera <\/span><\/li>\n<\/ul>\n","protected":false},"excerpt":{"rendered":"<p><span style=\"font-weight: 400;\">Ideale per il tempo libero e lo sport, offre maggiore sicurezza e sostegno.<\/span><\/p>\n<p><span style=\"font-weight: 400;\">Grazie a questa ginocchiera potrai muoverti pi\u00f9 liberamente nella vita di tutti i giorni. La funzione di supporto della ginocchiera aiuta a tenere stabile l&#8217;articolazione del ginocchio e fornisce maggiore sostegno e stabilit\u00e0. Grazie al supporto compressivo, potrai tornare a fare lunghe passeggiate nella natura, salire le scale e fare sport. Adatto a tutte le attivit\u00e0.<\/span><\/p>\n","protected":false},"featured_media":147581,"comment_status":"closed","ping_status":"closed","template":"","meta":{"inline_featured_image":false},"product_brand":[],"product_cat":[2530],"product_tag":[],"class_list":{"0":"post-147574","1":"product","2":"type-product","3":"status-publish","4":"has-post-thumbnail","6":"product_cat-protezione-supporti-protettori","8":"first","9":"instock","10":"taxable","11":"shipping-taxable","12":"purchasable","13":"product-type-simple"},"_links":{"self":[{"href":"https:\/\/metal-badge.ch\/it\/wp-json\/wp\/v2\/product\/147574","targetHints":{"allow":["GET"]}}],"collection":[{"href":"https:\/\/metal-badge.ch\/it\/wp-json\/wp\/v2\/product"}],"about":[{"href":"https:\/\/metal-badge.ch\/it\/wp-json\/wp\/v2\/types\/product"}],"replies":[{"embeddable":true,"href":"https:\/\/metal-badge.ch\/it\/wp-json\/wp\/v2\/comments?post=147574"}],"wp:featuredmedia":[{"embeddable":true,"href":"https:\/\/metal-badge.ch\/it\/wp-json\/wp\/v2\/media\/147581"}],"wp:attachment":[{"href":"https:\/\/metal-badge.ch\/it\/wp-json\/wp\/v2\/media?parent=147574"}],"wp:term":[{"taxonomy":"product_brand","embeddable":true,"href":"https:\/\/metal-badge.ch\/it\/wp-json\/wp\/v2\/product_brand?post=147574"},{"taxonomy":"product_cat","embeddable":true,"href":"https:\/\/metal-badge.ch\/it\/wp-json\/wp\/v2\/product_cat?post=147574"},{"taxonomy":"product_tag","embeddable":true,"href":"https:\/\/metal-badge.ch\/it\/wp-json\/wp\/v2\/product_tag?post=147574"}],"curies":[{"name":"wp","href":"https:\/\/api.w.org\/{rel}","templated":true}]}}