{"id":147349,"date":"2025-07-06T01:24:24","date_gmt":"2025-07-05T23:24:24","guid":{"rendered":"https:\/\/metal-badge.ch\/?post_type=product&#038;p=147349"},"modified":"2025-07-06T01:29:23","modified_gmt":"2025-07-05T23:29:23","slug":"manicotto-a-compressione-per-gambe-gambali-di-sostegno-2","status":"publish","type":"product","link":"https:\/\/metal-badge.ch\/it\/product\/147349\/manicotto-a-compressione-per-gambe-gambali-di-sostegno-2\/","title":{"rendered":"Manicotto a compressione per gambe\/Gambali di sostegno"},"content":{"rendered":"<p><span style=\"font-weight: 400;\">Comprimi le gambe per alleviare il dolore! Grazie a questa ginocchiera potrai muoverti pi\u00f9 liberamente nella vita di tutti i giorni.<\/span> <span style=\"font-weight: 400;\">Adatto a tutte le attivit\u00e0. Il leggero effetto compressivo offre un sostegno maggiore al ginocchio e stimola la circolazione sanguigna.<\/span><\/p>\n<p><span style=\"font-weight: 400;\">Il manicotto per le gambe offre pressione e protezione muscolare per ginocchia e gambe. Migliorando la circolazione sanguigna, allevia il dolore, il gonfiore e l&#8217;infiammazione. In pi\u00f9, aiuta a recuperare pi\u00f9 in fretta e ti permette di mantenere tutta la tua mobilit\u00e0.<\/span><b> Trattamento del dolore:<\/b><span style=\"font-weight: 400;\"> il nostro manicotto per le gambe trattiene il calore corporeo per riscaldare l&#8217;articolazione e migliorare la circolazione sanguigna. Questo allevia il dolore acuto e cronico causato da artrite, stiramenti e affaticamento. <\/span><b>Prevenzione degli infortuni:<\/b><span style=\"font-weight: 400;\"> il nostro manicotto per le gambe distribuisce il carico dalle articolazioni del ginocchio ai muscoli della coscia. Favorisce la corretta distribuzione del peso e aiuta a prevenire possibili lesioni. <\/span><b>Guarigione veloce: <\/b><span style=\"font-weight: 400;\">il manicotto per le gambe riduce la tensione muscolare e tiene tutti i legamenti dell&#8217;articolazione del ginocchio perfettamente in posizione. Accelera il recupero dopo lesioni al menisco, distorsioni o interventi chirurgici. <\/span><b>Supporto a 360\u00b0: <\/b><span style=\"font-weight: 400;\">il nostro manicotto per le gambe protegge tutta la gamba, comprese le ginocchia, le cosce e i polpacci. Nella parte superiore della fascia \u00e8 presente una striscia elastica in velcro lunga 45 cm che permette di adattarsi ancora meglio alla gamba. Pu\u00f2 essere rimossa nel caso non serva. La ginocchiera \u00e8 lavabile a 30\u00b0.<\/span><\/p>\n<p><b>Informazioni prodotto:<\/b><\/p>\n<ul>\n<li><span style=\"font-weight: 400;\">Denominazione: manicotto a compressione per gambe&nbsp;<\/span><\/li>\n<li><span style=\"font-weight: 400;\">Modello: HJ028<\/span><\/li>\n<li><span style=\"font-weight: 400;\">Traspirante e confortevole da indossare, non fa sudare<\/span><\/li>\n<li><span style=\"font-weight: 400;\">Adatto a tutte le attivit\u00e0; sport e fitness, ciclismo, corsa, attivit\u00e0 all&#8217;aperto in generale<\/span><\/li>\n<li><span style=\"font-weight: 400;\">Parte superiore con fascia in velcro larga 5 cm e lunga 45 cm&nbsp;<\/span><\/li>\n<li><span style=\"font-weight: 400;\">Materiale: 60% nylon, 10% spandex, 30% tessuto in lattice gommato.<\/span><span style=\"font-weight: 400;\"><br \/>\n<\/span><span style=\"font-weight: 400;\">Pulizia:<\/span> <span style=\"font-weight: 400;\">la ginocchiera \u00e8 lavabile a 30\u00b0<\/span><b>.<\/b><\/li>\n<li><span style=\"font-weight: 400;\">Taglie: M\/L\/XL\/2XL&nbsp;<\/span><\/li>\n<\/ul>\n<p><b>Altezza in cm:<\/b><\/p>\n<ul>\n<li><b>M:<\/b><span style=\"font-weight: 400;\">&nbsp;Larghezza parte superiore: 16 cm, larghezza parte inferiore: 12 cm, lunghezza: 50 cm<\/span><span style=\"font-weight: 400;\"><br \/>\n<\/span><b>Circonferenza gamba consigliata: 35-41 cm<\/b><span style=\"font-weight: 400;\">, peso consigliato: 40-60 kg<\/span><\/li>\n<li><b>L:<\/b><span style=\"font-weight: 400;\">&nbsp;Larghezza parte superiore: 17 cm, larghezza parte inferiore: 12,5 cm, lunghezza: 50 cm<\/span><span style=\"font-weight: 400;\"><br \/>\n<\/span><b>Circonferenza gamba consigliata: 42-47 cm<\/b><span style=\"font-weight: 400;\">, peso consigliato: 60-75 kg<\/span><\/li>\n<li><b>XL:<\/b><span style=\"font-weight: 400;\">&nbsp;Larghezza parte superiore:&nbsp;18 cm, larghezza parte inferiore: 13 cm, lunghezza: 50 cm<\/span><span style=\"font-weight: 400;\"><br \/>\n<\/span><b>Circonferenza gamba consigliata: 48-55 cm<\/b><span style=\"font-weight: 400;\">, peso consigliato: 75-95 kg<\/span><\/li>\n<li><b>XXL:&nbsp;Larghezza parte superiore:<\/b><span style=\"font-weight: 400;\">&nbsp;19 cm, larghezza parte inferiore: 13,5 cm, lunghezza: 50 cm<\/span><span style=\"font-weight: 400;\"><br \/>\n<\/span><b>Circonferenza gamba consigliata: 56-63 cm<\/b><span style=\"font-weight: 400;\">, peso consigliato: 95-110 kg<\/p>\n<p><\/span><\/li>\n<li><span style=\"font-weight: 400;\">Colore: nero.&nbsp;<\/span><\/li>\n<li><span style=\"font-weight: 400;\">Peso 2 pezzi: 140 gr<\/span><\/li>\n<li><span style=\"font-weight: 400;\">2 pezzi<\/span><\/li>\n<\/ul>\n","protected":false},"excerpt":{"rendered":"<p><span style=\"font-weight: 400;\">Comprimi le gambe per alleviare il dolore! Grazie a questa ginocchiera potrai muoverti pi\u00f9 liberamente nella vita di tutti i giorni.<\/span> <span style=\"font-weight: 400;\">Adatto a tutte le attivit\u00e0. Il leggero effetto compressivo offre un sostegno maggiore al ginocchio e stimola la circolazione sanguigna.<\/span><\/p>\n<p><span style=\"font-weight: 400;\">Il manicotto per le gambe offre pressione e protezione muscolare per ginocchia e gambe. Migliorando la circolazione sanguigna, allevia il dolore, il gonfiore e l&#8217;infiammazione. In pi\u00f9, aiuta a recuperare pi\u00f9 in fretta e ti permette di mantenere tutta la tua mobilit\u00e0.<\/span><\/p>\n","protected":false},"featured_media":147353,"comment_status":"closed","ping_status":"closed","template":"","meta":{"inline_featured_image":false},"product_brand":[],"product_cat":[2530],"product_tag":[],"class_list":{"0":"post-147349","1":"product","2":"type-product","3":"status-publish","4":"has-post-thumbnail","6":"product_cat-protezione-supporti-protettori","8":"first","9":"instock","10":"taxable","11":"shipping-taxable","12":"purchasable","13":"product-type-simple"},"_links":{"self":[{"href":"https:\/\/metal-badge.ch\/it\/wp-json\/wp\/v2\/product\/147349","targetHints":{"allow":["GET"]}}],"collection":[{"href":"https:\/\/metal-badge.ch\/it\/wp-json\/wp\/v2\/product"}],"about":[{"href":"https:\/\/metal-badge.ch\/it\/wp-json\/wp\/v2\/types\/product"}],"replies":[{"embeddable":true,"href":"https:\/\/metal-badge.ch\/it\/wp-json\/wp\/v2\/comments?post=147349"}],"wp:featuredmedia":[{"embeddable":true,"href":"https:\/\/metal-badge.ch\/it\/wp-json\/wp\/v2\/media\/147353"}],"wp:attachment":[{"href":"https:\/\/metal-badge.ch\/it\/wp-json\/wp\/v2\/media?parent=147349"}],"wp:term":[{"taxonomy":"product_brand","embeddable":true,"href":"https:\/\/metal-badge.ch\/it\/wp-json\/wp\/v2\/product_brand?post=147349"},{"taxonomy":"product_cat","embeddable":true,"href":"https:\/\/metal-badge.ch\/it\/wp-json\/wp\/v2\/product_cat?post=147349"},{"taxonomy":"product_tag","embeddable":true,"href":"https:\/\/metal-badge.ch\/it\/wp-json\/wp\/v2\/product_tag?post=147349"}],"curies":[{"name":"wp","href":"https:\/\/api.w.org\/{rel}","templated":true}]}}