{"id":147320,"date":"2025-07-06T00:47:22","date_gmt":"2025-07-05T22:47:23","guid":{"rendered":"https:\/\/metal-badge.ch\/?post_type=product&#038;p=147320"},"modified":"2025-07-06T00:56:39","modified_gmt":"2025-07-05T22:56:39","slug":"ginocchiera-elastica-ginocchiera-di-sostegno-blu","status":"publish","type":"product","link":"https:\/\/metal-badge.ch\/it\/product\/147320\/ginocchiera-elastica-ginocchiera-di-sostegno-blu\/","title":{"rendered":"Ginocchiera elastica\/ginocchiera di sostegno &#8211; blu"},"content":{"rendered":"<p><span style=\"font-weight: 400;\">Ideale per il tempo libero e lo sport, offre maggiore sicurezza e sostegno durante la camminata e l&#8217;attivit\u00e0 sportiva.<\/span><\/p>\n<p><span style=\"font-weight: 400;\">I gambali extra lunghi offrono una compressione performante, stabilizzano i muscoli e proteggono meglio da urti, tagli e graffi.<\/span><b><br \/>\n<\/b><span style=\"font-weight: 400;\">Queste protezioni sono state progettate per garantire prestazioni ottimali. Negli sport ad alta intensit\u00e0, i muscoli hanno bisogno di ossigeno. Questi gambali offrono la massima compressione al ginocchio per migliorare la circolazione sanguigna e allo stesso tempo garantire la massima libert\u00e0 di movimento delle articolazioni. Con un modello in schiuma anatomicamente progettato con un&#8217;elevata resistenza agli urti. Goditi una resistenza pi\u00f9 lunga, prestazioni migliori, meno crampi muscolari e un recupero pi\u00f9 veloce. Indossa le calze a compressione se vuoi recuperare in fretta e ridurre il rischio di infortuni.<\/span><span style=\"font-weight: 400;\"><br \/>\n<\/span><span style=\"font-weight: 400;\">Grazie al leggero effetto compressivo, il ginocchio \u00e8 pi\u00f9 sostenuto e la circolazione sanguigna \u00e8 stimolata. Confortevoli da indossare,<\/span> <span style=\"font-weight: 400;\">il materiale super elastico e traspirante offre il massimo comfort e si adatta perfettamente alla gamba.&nbsp;<\/span><\/p>\n<p><b>Informazioni prodotto:<\/b><\/p>\n<ul>\n<li><span style=\"font-weight: 400;\">Denominazione: Ginocchiera elastica in nylon&nbsp;<\/span><\/li>\n<li><span style=\"font-weight: 400;\">Modello: HJ012<\/span><\/li>\n<li><span style=\"font-weight: 400;\">Traspirante e confortevole da indossare&nbsp;<\/span><\/li>\n<li><span style=\"font-weight: 400;\">Adatto a tutte le attivit\u00e0: sport e fitness, ciclismo, corsa, attivit\u00e0 all&#8217;aperto in generale<\/span><\/li>\n<li><span style=\"font-weight: 400;\">Con imbottitura in schiuma resistente agli urti sul ginocchio&nbsp;<\/span><\/li>\n<li><span style=\"font-weight: 400;\">Materiale: 70% lycra chinlon, 20% spandex&nbsp;<\/span><\/li>\n<li><span style=\"font-weight: 400;\">Pulizia: lavabile in lavatrice<\/span><b>&nbsp;<\/b><\/li>\n<li><span style=\"font-weight: 400;\">Piena libert\u00e0 di movimento<\/span><\/li>\n<li><span style=\"font-weight: 400;\">Taglie: M\/L\/XL&nbsp;&nbsp;<\/span><\/li>\n<\/ul>\n<p><b>Dimensioni in cm:<\/b><\/p>\n<ul>\n<li><b>M:<\/b><span style=\"font-weight: 400;\">&nbsp;Larghezza parte superiore:&nbsp;16 cm, larghezza parte inferiore: 11 cm, lunghezza: 42 cm<\/span><span style=\"font-weight: 400;\"><br \/>\n<\/span><b>Circonferenza gamba consigliata: 35-41 cm<\/b><span style=\"font-weight: 400;\">, peso consigliato: 40-60 kg<\/span><\/li>\n<li><b>L:<\/b><span style=\"font-weight: 400;\">&nbsp;Larghezza parte superiore: 18 cm, larghezza parte inferiore: 12 cm, lunghezza: 44 cm<\/span><span style=\"font-weight: 400;\"><br \/>\n<\/span><b>Circonferenza gamba consigliata: 42-47 cm<\/b><span style=\"font-weight: 400;\">, peso consigliato: 60-75 kg<\/span><\/li>\n<li><b>XL:<\/b><span style=\"font-weight: 400;\">&nbsp;Larghezza parte superiore:&nbsp;20 cm, larghezza parte inferiore: 13 cm, lunghezza: 46 cm<\/span><span style=\"font-weight: 400;\"><br \/>\n<\/span><b>Circonferenza gamba consigliata: 48-55 cm<\/b><span style=\"font-weight: 400;\"><span style=\"font-weight: 400;\">, peso consigliato: 75-95 kg<\/p>\n<p><\/span><\/span><\/li>\n<li><span style=\"font-weight: 400;\">Colore: blu<\/span><\/li>\n<li><span style=\"font-weight: 400;\">Peso 2 pezzi: 150 g<\/span><\/li>\n<li><span style=\"font-weight: 400;\">2 pz.<\/span><\/li>\n<\/ul>\n","protected":false},"excerpt":{"rendered":"<p><span style=\"font-weight: 400;\">Ideale per il tempo libero e lo sport, offre maggiore sicurezza e sostegno durante la camminata e l&#8217;attivit\u00e0 sportiva.<\/span><\/p>\n<p><span style=\"font-weight: 400;\">I gambali extra lunghi offrono una compressione performante, stabilizzano i muscoli e proteggono meglio da urti, tagli e graffi.<\/span><b><br \/>\n<\/b><span style=\"font-weight: 400;\">Queste protezioni sono state progettate per garantire prestazioni ottimali. Negli sport ad alta intensit\u00e0, i muscoli hanno bisogno di ossigeno. Questi gambali offrono la massima compressione al ginocchio per migliorare la circolazione sanguigna e allo stesso tempo garantire la massima libert\u00e0 di movimento delle articolazioni.<\/span><\/p>\n","protected":false},"featured_media":147324,"comment_status":"closed","ping_status":"closed","template":"","meta":{"inline_featured_image":false},"product_brand":[],"product_cat":[2530],"product_tag":[],"class_list":{"0":"post-147320","1":"product","2":"type-product","3":"status-publish","4":"has-post-thumbnail","6":"product_cat-protezione-supporti-protettori","8":"first","9":"instock","10":"taxable","11":"shipping-taxable","12":"purchasable","13":"product-type-simple"},"_links":{"self":[{"href":"https:\/\/metal-badge.ch\/it\/wp-json\/wp\/v2\/product\/147320","targetHints":{"allow":["GET"]}}],"collection":[{"href":"https:\/\/metal-badge.ch\/it\/wp-json\/wp\/v2\/product"}],"about":[{"href":"https:\/\/metal-badge.ch\/it\/wp-json\/wp\/v2\/types\/product"}],"replies":[{"embeddable":true,"href":"https:\/\/metal-badge.ch\/it\/wp-json\/wp\/v2\/comments?post=147320"}],"wp:featuredmedia":[{"embeddable":true,"href":"https:\/\/metal-badge.ch\/it\/wp-json\/wp\/v2\/media\/147324"}],"wp:attachment":[{"href":"https:\/\/metal-badge.ch\/it\/wp-json\/wp\/v2\/media?parent=147320"}],"wp:term":[{"taxonomy":"product_brand","embeddable":true,"href":"https:\/\/metal-badge.ch\/it\/wp-json\/wp\/v2\/product_brand?post=147320"},{"taxonomy":"product_cat","embeddable":true,"href":"https:\/\/metal-badge.ch\/it\/wp-json\/wp\/v2\/product_cat?post=147320"},{"taxonomy":"product_tag","embeddable":true,"href":"https:\/\/metal-badge.ch\/it\/wp-json\/wp\/v2\/product_tag?post=147320"}],"curies":[{"name":"wp","href":"https:\/\/api.w.org\/{rel}","templated":true}]}}