{"id":147149,"date":"2025-07-05T07:34:43","date_gmt":"2025-07-05T05:34:43","guid":{"rendered":"https:\/\/metal-badge.ch\/product\/147149\/ginocchiere-elastiche-ginocchiere-di-sostegno-nero-grigio\/"},"modified":"2025-07-08T16:50:14","modified_gmt":"2025-07-08T14:50:14","slug":"ginocchiere-elastiche-ginocchiere-di-sostegno-nero-grigio","status":"publish","type":"product","link":"https:\/\/metal-badge.ch\/it\/product\/147149\/ginocchiere-elastiche-ginocchiere-di-sostegno-nero-grigio\/","title":{"rendered":"Ginocchiere elastiche\/ginocchiere di sostegno &#8211; nero-grigio"},"content":{"rendered":"<p><span style=\"font-weight: 400;\">Ideali per il tempo libero e lo sport, offrono maggiore sicurezza e sostegno durante la camminata e l&#8217;attivit\u00e0 sportiva.<\/span><b><br \/>\n<\/b><span style=\"font-weight: 400;\">Grazie a queste ginocchiere potrai muovervi pi\u00f9 liberamente nella vita di tutti i giorni. La funzione di supporto della ginocchiera aiuta a tenere stabile l&#8217;articolazione del ginocchio e fornisce maggiore sostegno e stabilit\u00e0. Grazie al supporto compressivo, potrai tornare a fare lunghe passeggiate nella natura, salire le scale e fare sport. Adatto a tutte le attivit\u00e0. Il leggero effetto compressivo offre un sostegno maggiore al ginocchio e stimola la circolazione sanguigna, favorendo una migliore irrorazione dell&#8217;articolazione e dei tessuti. Con questa ginocchiere potrai spostare pi\u00f9 peso sul ginocchio, rendendo pi\u00f9 facile stare in piedi a lungo. La ginocchiera aiuta a migliorare la mobilit\u00e0 e pu\u00f2 essere indossata in qualsiasi momento e durante tutte le attivit\u00e0 quotidiane. Grazie alla leggera compressione, il ginocchio pu\u00f2 muoversi meglio e con meno dolore. <\/span><b>Confortevoli da indossare, <\/b><span style=\"font-weight: 400;\">il materiale super elastico e traspirante offre il massimo comfort e si adatta perfettamente alla gamba.&nbsp;<\/span><\/p>\n<p><b><i>Come si manifesta il dolore al ginocchio<\/i><\/b><\/p>\n<p><b><i>Pensi che il dolore al ginocchio sia dovuto a un carico sbagliato, a uno sforzo eccessivo durante lo sport o alla degenerazione della cartilagine dovuta all&#8217;et\u00e0 con artrosi incipiente o conclamata? Non \u00e8 proprio cos\u00ec.<\/i><\/b><b><i><br \/>\n<\/i><\/b><b><i>Il dolore al ginocchio \u00e8 causato da muscoli sempre corti e tesi, cos\u00ec come da fasce muscolari rigide. Queste tensioni errate creano una forte pressione sull&#8217;articolazione del ginocchio, che fa comprimere la cartilagine e la consuma a causa della pressione unilaterale, provocando alla fine l&#8217;artrosi.&nbsp;<\/i><\/b><\/p>\n<p><b>Informazioni prodotto:<\/b><\/p>\n<ul>\n<li><span style=\"font-weight: 400;\">Denominazione: Ginocchiera elastica in nylon&nbsp;<\/span><\/li>\n<li><span style=\"font-weight: 400;\">Modello: HJ001<\/span><\/li>\n<li><span style=\"font-weight: 400;\">Traspirante e confortevole da indossare&nbsp;<\/span><\/li>\n<li><span style=\"font-weight: 400;\">Adatto a tutte le attivit\u00e0: sport e fitness, ciclismo, corsa, attivit\u00e0 all&#8217;aperto in generale<\/span><\/li>\n<li><span style=\"font-weight: 400;\">Parte superiore e inferiore con strisce antiscivolo in silicone<\/span><\/li>\n<li><span style=\"font-weight: 400;\">Materiale: 60% nylon, 10% spandex, 30% tessuto in lattice gommato.<\/span><span style=\"font-weight: 400;\"><br \/>\n<\/span><span style=\"font-weight: 400;\">Pulizia:<\/span> <span style=\"font-weight: 400;\">lavare la fascia a mano con un detergente delicato<\/span><\/li>\n<li><span style=\"font-weight: 400;\">Taglie: S\/M\/L\/XL\/2XL\/3XL&nbsp;<\/span><\/li>\n<\/ul>\n<p><b>Dimensioni in cm:<\/b><\/p>\n<ul>\n<li><b>S:<\/b><span style=\"font-weight: 400;\">&nbsp;Larghezza parte superiore: 15 cm, larghezza parte inferiore: 13 cm, lunghezza: 27 cm<\/span><span style=\"font-weight: 400;\"><br \/>\n<\/span><b>Circonferenza gamba consigliata: 30-34 cm<\/b><span style=\"font-weight: 400;\">, peso consigliato: 35-40 kg<\/span><\/li>\n<li><b>M:<\/b><span style=\"font-weight: 400;\">&nbsp;Larghezza parte superiore: 16 cm, larghezza parte inferiore: 14 cm, lunghezza: 27 cm<\/span><span style=\"font-weight: 400;\"><br \/>\n<\/span><b>Circonferenza gamba consigliata: 35-41 cm<\/b><span style=\"font-weight: 400;\">, peso consigliato: 40-60 kg<\/span><\/li>\n<li><b>L:<\/b><span style=\"font-weight: 400;\">&nbsp;Larghezza parte superiore: 17 cm, larghezza parte inferiore: 15 cm, lunghezza: 27 cm<\/span><span style=\"font-weight: 400;\"><br \/>\n<\/span><b>Circonferenza gamba consigliata: 42-47 cm<\/b><span style=\"font-weight: 400;\">, peso consigliato: 60-75 kg<\/span><\/li>\n<li><b>XL<\/b><span style=\"font-weight: 400;\">:&nbsp;Larghezza parte superiore: 18 cm, larghezza parte inferiore: 16 cm, lunghezza: 27 cm<\/span><span style=\"font-weight: 400;\"><br \/>\n<\/span><b>Circonferenza gamba consigliata: 48-55 cm<\/b><span style=\"font-weight: 400;\">, peso consigliato: 75-95 kg<\/span><\/li>\n<li><b>XXL:<\/b><span style=\"font-weight: 400;\">&nbsp;Larghezza parte superiore: 19 cm, larghezza parte inferiore: 17 cm, lunghezza: 27 cm<\/span><span style=\"font-weight: 400;\"><br \/>\n<\/span><b>Circonferenza gamba consigliata: 56-63 cm<\/b><span style=\"font-weight: 400;\">, peso consigliato: 95-110 kg<\/span><\/li>\n<li><span style=\"font-weight: 400;\">Colori disponibili: nero-grigio&nbsp;<\/span><\/li>\n<li><span style=\"font-weight: 400;\">Peso 2 pezzi: 140 g<\/span><\/li>\n<\/ul>\n","protected":false},"excerpt":{"rendered":"<p><span style=\"font-weight: 400;\">Ideali per il tempo libero e lo sport, offrono maggiore sicurezza e sostegno durante la camminata e l&#8217;attivit\u00e0 sportiva.<\/span><b><br \/>\n<\/b><span style=\"font-weight: 400;\">Grazie a queste ginocchiere potrai muovervi pi\u00f9 liberamente nella vita di tutti i giorni. La funzione di supporto della ginocchiera aiuta a tenere stabile l&#8217;articolazione del ginocchio e fornisce maggiore sostegno e stabilit\u00e0. Grazie al supporto compressivo, potrai tornare a fare lunghe passeggiate nella natura, salire le scale e fare sport. Adatto a tutte le attivit\u00e0. Il leggero effetto compressivo offre un sostegno maggiore al ginocchio e stimola la circolazione sanguigna, favorendo una migliore irrorazione dell&#8217;articolazione e dei tessuti. Con questa ginocchiere potrai spostare pi\u00f9 peso sul ginocchio, rendendo pi\u00f9 facile stare in piedi a lungo. La ginocchiera aiuta a migliorare la mobilit\u00e0 e pu\u00f2 essere indossata in qualsiasi momento e durante tutte le attivit\u00e0 quotidiane. Grazie alla leggera compressione, il ginocchio pu\u00f2 muoversi meglio e con meno dolore. <\/span><b>Confortevoli da indossare, <\/b><span style=\"font-weight: 400;\">il materiale super elastico e traspirante offre il massimo comfort e si adatta perfettamente alla gamba.&nbsp;<\/span><\/p>\n","protected":false},"featured_media":147138,"comment_status":"closed","ping_status":"closed","template":"","meta":{"inline_featured_image":false},"product_brand":[],"product_cat":[2530],"product_tag":[],"class_list":{"0":"post-147149","1":"product","2":"type-product","3":"status-publish","4":"has-post-thumbnail","6":"product_cat-protezione-supporti-protettori","8":"first","9":"instock","10":"taxable","11":"shipping-taxable","12":"purchasable","13":"product-type-simple"},"_links":{"self":[{"href":"https:\/\/metal-badge.ch\/it\/wp-json\/wp\/v2\/product\/147149","targetHints":{"allow":["GET"]}}],"collection":[{"href":"https:\/\/metal-badge.ch\/it\/wp-json\/wp\/v2\/product"}],"about":[{"href":"https:\/\/metal-badge.ch\/it\/wp-json\/wp\/v2\/types\/product"}],"replies":[{"embeddable":true,"href":"https:\/\/metal-badge.ch\/it\/wp-json\/wp\/v2\/comments?post=147149"}],"wp:featuredmedia":[{"embeddable":true,"href":"https:\/\/metal-badge.ch\/it\/wp-json\/wp\/v2\/media\/147138"}],"wp:attachment":[{"href":"https:\/\/metal-badge.ch\/it\/wp-json\/wp\/v2\/media?parent=147149"}],"wp:term":[{"taxonomy":"product_brand","embeddable":true,"href":"https:\/\/metal-badge.ch\/it\/wp-json\/wp\/v2\/product_brand?post=147149"},{"taxonomy":"product_cat","embeddable":true,"href":"https:\/\/metal-badge.ch\/it\/wp-json\/wp\/v2\/product_cat?post=147149"},{"taxonomy":"product_tag","embeddable":true,"href":"https:\/\/metal-badge.ch\/it\/wp-json\/wp\/v2\/product_tag?post=147149"}],"curies":[{"name":"wp","href":"https:\/\/api.w.org\/{rel}","templated":true}]}}