{"id":147001,"date":"2025-07-05T05:43:48","date_gmt":"2025-07-05T03:43:48","guid":{"rendered":"https:\/\/metal-badge.ch\/product\/147001\/dispositivo-disturbatore-tattico-elettronico-nd30-con-11-000-lumen\/"},"modified":"2025-07-05T05:43:48","modified_gmt":"2025-07-05T03:43:48","slug":"dispositivo-disturbatore-tattico-elettronico-nd30-con-11-000-lumen","status":"publish","type":"product","link":"https:\/\/metal-badge.ch\/it\/product\/147001\/dispositivo-disturbatore-tattico-elettronico-nd30-con-11-000-lumen\/","title":{"rendered":"Dispositivo disturbatore tattico-elettronico ND30 con 11.000 lumen"},"content":{"rendered":"<p><span style=\"font-weight: 400;\">Quando le forze speciali della polizia, dell&#8217;esercito e della dogana entrano in azione, spesso usano i &#8220;flashbang&#8221;, anche chiamati granate stordenti. Mettono temporaneamente fuori combattimento i bersagli con un flash accecante e forti detonazioni, per garantire un accesso sicuro. Nonostante la loro efficacia, tuttavia, i flashbang tradizionali presentano alcuni svantaggi: pirotecnica, esplosivi, fuoco aperto e forte sviluppo di fumo. Questo li rende pericolosi non solo per l&#8217;avversario, ma anche per le forze di intervento.<\/span><\/p>\n<p><span style=\"font-weight: 400;\">Il fuoco e il fumo rendono quasi impossibile l&#8217;uso dei flashbang tradizionali in posti come stazioni di servizio, navi, depositi chimici o impianti a gas. E sono anche troppo pericolosi in situazioni di pericolo, come quando gli aggressori hanno sparso liquidi infiammabili. E nessuno vuole far scattare un impianto antincendio che rende l&#8217;intervento pi\u00f9 complicato e costoso del necessario.<\/span><\/p>\n<p><span style=\"font-weight: 400;\">\u00c8 qui che entra in gioco il&nbsp;ND30&nbsp;di&nbsp;NEXTORCH&nbsp;, l&#8217;alternativa intelligente al classico flashbang. Questo \u201cdispositivo abbagliante\u201d elettronico non emette un rumore forte come quelli tradizionali, ma abbaglia con ben 11.000 lumen e disturba con un allarme acuto di 130 dB.<\/span><\/p>\n<p><span style=\"font-weight: 400;\">Dato che il ND30 pu\u00f2 essere usato pi\u00f9 volte (\u00e8 pronto di nuovo in pochi secondi dopo l&#8217;uso), \u00e8 perfetto anche per l&#8217;allenamento.<\/span><\/p>\n<p><b><i>L&#8217;ND30 offre le seguenti opzioni di regolazione:<\/i><\/b><\/p>\n<ul>\n<li><span style=\"font-weight: 400;\">Attivazione ritardata: puoi scegliere tra 0,5 s\/1 s\/1,5 s\/3 s.<\/span><\/li>\n<li><span style=\"font-weight: 400;\">Modalit\u00e0 I: luce stroboscopica + suono una volta.<\/span><\/li>\n<li><span style=\"font-weight: 400;\">Modalit\u00e0 II: luce stroboscopica + suono due volte.<\/span><\/li>\n<li><span style=\"font-weight: 400;\">Modalit\u00e0 III: luce stroboscopica + suono nove volte.<\/span><\/li>\n<li><span style=\"font-weight: 400;\">Modalit\u00e0 IV: luce stroboscopica + suono per 12 secondi.<\/span><\/li>\n<\/ul>\n<p><span style=\"font-weight: 400;\">L&#8217;ND30 \u00e8 dotato di un pratico dispositivo di sicurezza per il trasporto che pu\u00f2 essere attivato e disattivato tramite la porta di ricarica USB-C. La forma cilindrica e i 18 LED ad alta potenza, disposti tutto intorno e protetti da policarbonato trasparente, garantiscono un effetto abbagliante a 360\u00b0. La struttura robusta rende l&#8217;ND30 super resistente: puoi lanciarlo senza paura, \u00e8 super resistente.<\/span><\/p>\n<p><span style=\"font-weight: 400;\">Le sue dimensioni compatte e il peso ottimizzato fanno s\u00ec che il ND30 possa essere lanciato in modo perfetto e preciso. Il corpo in alluminio speciale e policarbonato \u00e8 stato progettato per resistere alle condizioni pi\u00f9 estreme. Non preoccuparti per le dita: l&#8217;ND30 non produce calore n\u00e9 esplosioni, solo una luce abbagliante e un rumore assordante. E grazie alla potente batteria ricaricabile tramite la porta USB-C integrata, l&#8217;ND30 \u00e8 sempre pronto all&#8217;uso.<\/span><\/p>\n<p><span style=\"font-weight: 400;\">NEXTORCH ND30: la soluzione moderna per le operazioni professionali.<\/span><\/p>\n<p><span style=\"font-weight: 400;\">Un altro grande vantaggio del NEXTORCH ND30 \u00e8 la sua estrema economicit\u00e0: pu\u00f2 essere utilizzato pi\u00f9 volte e, dopo una breve formazione, \u00e8 immediatamente pronto all&#8217;uso.<\/span><b>&nbsp;<\/b><b><br \/>\n<\/b><b><br \/>\n<\/b><b>Informazioni prodotto:&nbsp;&nbsp;<\/b><\/p>\n<ul>\n<li><span style=\"font-weight: 400;\">Marca: Nextorch&nbsp;<\/span><\/li>\n<li><span style=\"font-weight: 400;\">Denominazione: ND30&nbsp;<\/span><\/li>\n<li><span style=\"font-weight: 400;\">Colore: nero&nbsp;<\/span><\/li>\n<li><span style=\"font-weight: 400;\">Nessuna fiamma libera&nbsp;o sviluppo di fumo&nbsp;<\/span><\/li>\n<li><span style=\"font-weight: 400;\">Nessun esplosivo o altre sostanze pericolose&nbsp;<\/span><\/li>\n<li><span style=\"font-weight: 400;\">Sicuro per gli utilizzatori&nbsp;<\/span><\/li>\n<li><span style=\"font-weight: 400;\">Nessun rischio per gli astanti&nbsp;<\/span><\/li>\n<li><span style=\"font-weight: 400;\">Sicuro per i bambini<\/span><b>&nbsp;<\/b><\/li>\n<li><span style=\"font-weight: 400;\">Utilizzabile in luoghi pubblici&nbsp;<\/span><\/li>\n<li><span style=\"font-weight: 400;\">Effetto abbagliante con 11.000 lumen<\/span><\/li>\n<li><span style=\"font-weight: 400;\">Segnale di allarme acuto da 130 dB<\/span><\/li>\n<li><span style=\"font-weight: 400;\">Comprovato effetto irritante, disorientante e destabilizzante sulle persone bersaglio.<\/span><\/li>\n<li><span style=\"font-weight: 400;\">Con sistema antirotolamento<\/span><\/li>\n<li><span style=\"font-weight: 400;\">Effetto abbagliante a 360\u00b0&nbsp;<\/span><\/li>\n<li><span style=\"font-weight: 400;\">Questo dispositivo consente anche di risparmiare sui costi:&nbsp;<\/span><\/li>\n<li><span style=\"font-weight: 400;\">riutilizzabile, grazie alla batteria e alla porta USB-C per la ricarica&nbsp;<\/span><\/li>\n<li><span style=\"font-weight: 400;\">utilizzabile in modo ottimale come dispositivo di addestramento&nbsp;<\/span><\/li>\n<li><span style=\"font-weight: 400;\">basta una breve formazione&nbsp;<\/span><\/li>\n<li><span style=\"font-weight: 400;\">Dispositivo disturbatore con 11.000 lumen&nbsp;<\/span><\/li>\n<li><span style=\"font-weight: 400;\">Luce stroboscopica a 360 gradi<\/span><\/li>\n<li><span style=\"font-weight: 400;\">Segnale ad alta intensit\u00e0 di 130 dB<\/span><\/li>\n<li><span style=\"font-weight: 400;\">Ritardo di attivazione regolabile<\/span><\/li>\n<li><span style=\"font-weight: 400;\">Ricaricabile tramite USB-C<\/span><\/li>\n<li><span style=\"font-weight: 400;\">Indicatore di carica della batteria<\/span><\/li>\n<li><span style=\"font-weight: 400;\">Luce stroboscopica da 11.000 lumen<\/span><\/li>\n<li><span style=\"font-weight: 400;\">Segnale di allarme da 130 dB&nbsp;<\/span><\/li>\n<li><span style=\"font-weight: 400;\">Resistente agli urti fino a 2 m<\/span><\/li>\n<li><span style=\"font-weight: 400;\">IPX7, impermeabile fino a 1 m<\/span><\/li>\n<li><span style=\"font-weight: 400;\">Leggero: 265 g<\/span><\/li>\n<li><span style=\"font-weight: 400;\">Dimensioni: 128 mm x 40 mm<\/span><\/li>\n<li><span style=\"font-weight: 400;\">Materiale dell&#8217;alloggiamento: alluminio aeronautico + policarbonato<\/span><\/li>\n<li><span style=\"font-weight: 400;\">Tempi di attivazione ritardata regolabili: 0,5 s\/1 s\/1,5 s\/3 s<\/span><\/li>\n<\/ul>\n<p><b><i>Contenuto della confezione:&nbsp;<\/i><\/b><\/p>\n<ul>\n<li><span style=\"font-weight: 400;\">Nextorch ND30<\/span><\/li>\n<li><span style=\"font-weight: 400;\">Cavo di ricarica<\/span><\/li>\n<li><span style=\"font-weight: 400;\">2 anelli di ricambio<\/span><\/li>\n<li><span style=\"font-weight: 400;\">2 archetti di ricambio&nbsp;<\/span><\/li>\n<\/ul>\n","protected":false},"excerpt":{"rendered":"<p><span style=\"font-weight: 400;\">Quando le forze speciali della polizia, dell&#8217;esercito e della dogana entrano in azione, spesso usano i &#8220;flashbang&#8221;, anche chiamati granate stordenti. Mettono temporaneamente fuori combattimento i bersagli con un flash accecante e forti detonazioni, per garantire un accesso sicuro. Nonostante la loro efficacia, tuttavia, i flashbang tradizionali presentano alcuni svantaggi: pirotecnica, esplosivi, fuoco aperto e forte sviluppo di fumo. Questo li rende pericolosi non solo per l&#8217;avversario, ma anche per le forze di intervento.<\/span><\/p>\n","protected":false},"featured_media":146978,"comment_status":"closed","ping_status":"closed","template":"","meta":{"inline_featured_image":false},"product_brand":[],"product_cat":[1731,888,1945],"product_tag":[1782],"class_list":{"0":"post-147001","1":"product","2":"type-product","3":"status-publish","4":"has-post-thumbnail","6":"product_cat-sistemi-di-monitoraggio-allarme","7":"product_cat-accessori","8":"product_cat-organizzazioni-a-luce-blu-sicurezza","9":"product_tag-polizia-sicurezza","11":"first","12":"instock","13":"taxable","14":"shipping-taxable","15":"purchasable","16":"product-type-simple"},"_links":{"self":[{"href":"https:\/\/metal-badge.ch\/it\/wp-json\/wp\/v2\/product\/147001","targetHints":{"allow":["GET"]}}],"collection":[{"href":"https:\/\/metal-badge.ch\/it\/wp-json\/wp\/v2\/product"}],"about":[{"href":"https:\/\/metal-badge.ch\/it\/wp-json\/wp\/v2\/types\/product"}],"replies":[{"embeddable":true,"href":"https:\/\/metal-badge.ch\/it\/wp-json\/wp\/v2\/comments?post=147001"}],"wp:featuredmedia":[{"embeddable":true,"href":"https:\/\/metal-badge.ch\/it\/wp-json\/wp\/v2\/media\/146978"}],"wp:attachment":[{"href":"https:\/\/metal-badge.ch\/it\/wp-json\/wp\/v2\/media?parent=147001"}],"wp:term":[{"taxonomy":"product_brand","embeddable":true,"href":"https:\/\/metal-badge.ch\/it\/wp-json\/wp\/v2\/product_brand?post=147001"},{"taxonomy":"product_cat","embeddable":true,"href":"https:\/\/metal-badge.ch\/it\/wp-json\/wp\/v2\/product_cat?post=147001"},{"taxonomy":"product_tag","embeddable":true,"href":"https:\/\/metal-badge.ch\/it\/wp-json\/wp\/v2\/product_tag?post=147001"}],"curies":[{"name":"wp","href":"https:\/\/api.w.org\/{rel}","templated":true}]}}