{"id":146961,"date":"2025-07-05T03:44:22","date_gmt":"2025-07-05T01:44:22","guid":{"rendered":"https:\/\/metal-badge.ch\/product\/146961\/leggero-cappello-parasole-da-lavoro-con-strisce-riflettenti-giallo-fluorescente-ad-alta-visibilita\/"},"modified":"2025-07-05T03:44:22","modified_gmt":"2025-07-05T01:44:22","slug":"leggero-cappello-parasole-da-lavoro-con-strisce-riflettenti-giallo-fluorescente-ad-alta-visibilita","status":"publish","type":"product","link":"https:\/\/metal-badge.ch\/it\/product\/146961\/leggero-cappello-parasole-da-lavoro-con-strisce-riflettenti-giallo-fluorescente-ad-alta-visibilita\/","title":{"rendered":"Leggero cappello parasole da lavoro con strisce riflettenti giallo fluorescente ad alta visibilit\u00e0"},"content":{"rendered":"<p><span style=\"font-weight: 400;\">Il cappello da lavoro ideale per la massima sicurezza e comfort. Rifinito in un sorprendente giallo fluorescente ad alta visibilit\u00e0, questo cappello da sole leggero offre un&#8217;eccellente visibilit\u00e0, sia alla luce del giorno che al crepuscolo. Le strisce riflettenti a tutto tondo offrono una protezione aggiuntiva e aumentano la visibilit\u00e0.<\/span><\/p>\n<ul>\n<li style=\"font-weight: 400;\" aria-level=\"1\"><span style=\"font-weight: 400;\">Materiale: 100% poliestere \u2013 robusto, leggero e di facile manutenzione.<\/span><\/li>\n<li style=\"font-weight: 400;\" aria-level=\"1\"><span style=\"font-weight: 400;\">Vestibilit\u00e0 ottimale: con un cordino regolabile, il cappello pu\u00f2 essere personalizzato (circonferenza della testa da 56 a 58 cm).<\/span><\/li>\n<li style=\"font-weight: 400;\" aria-level=\"1\"><span style=\"font-weight: 400;\">Comfort: la ventilazione laterale in rete garantisce una piacevole circolazione dell&#8217;aria, ideale per tutto il giorno.<\/span><\/li>\n<li style=\"font-weight: 400;\" aria-level=\"1\"><span style=\"font-weight: 400;\">Versatilit\u00e0: perfettamente adatto per l&#8217;uso in cantieri, strade o altre attivit\u00e0 all&#8217;aperto in cui la visibilit\u00e0 e la protezione sono una priorit\u00e0.<\/span><\/li>\n<\/ul>\n<p><span style=\"font-weight: 400;\">Questo cappello da lavoro ad alta visibilit\u00e0 combina sicurezza, comfort e funzionalit\u00e0: un accessorio essenziale per svolgere il lavoro quotidiano al sicuro. Il bordo misura 7 cm.&nbsp;<\/span><\/p>\n<p><span style=\"font-weight: 400;\">Con questo cappello funzionale e confortevole sarai sempre ben protetto e visibile incl. protezione UV.<\/span><\/p>\n<p><b>Caratteristiche prodotto:&nbsp;<\/b><\/p>\n<ul>\n<li><span style=\"font-weight: 400;\">Nome: cappello parasole \/ cappello da lavoro&nbsp;<\/span><\/li>\n<li><span style=\"font-weight: 400;\">Leggero e confortevole con ventilazione tramite rete laterale&nbsp;<\/span><\/li>\n<li><span style=\"font-weight: 400;\">Istruzioni per il lavaggio: lavabile in lavatrice 40\u00b0<\/span><\/li>\n<li><span style=\"font-weight: 400;\">Colore: giallo fluorescente ad alta visibilit\u00e0<\/span><\/li>\n<li><span style=\"font-weight: 400;\">Bordo: 7cm<\/span><\/li>\n<li><span style=\"font-weight: 400;\">Riflettore a tutto tondo<\/span><\/li>\n<li><span style=\"font-weight: 400;\">Cordicella sotto al mento regolabile<\/span><\/li>\n<li><span style=\"font-weight: 400;\">Materiale: 100% poliestere<\/span><\/li>\n<li><span style=\"font-weight: 400;\">Peso: 80 gr.&nbsp;<\/span><\/li>\n<li><span style=\"font-weight: 400;\">Dimensioni circonferenza della testa: da 56 a 58 cm <\/span><\/li>\n<\/ul>\n","protected":false},"excerpt":{"rendered":"<p><span style=\"font-weight: 400;\">Il cappello da lavoro ideale per la massima sicurezza e comfort. Rifinito in un sorprendente giallo fluorescente ad alta visibilit\u00e0, questo cappello da sole leggero offre un&#8217;eccellente visibilit\u00e0, sia alla luce del giorno che al crepuscolo. Le strisce riflettenti a tutto tondo offrono una protezione aggiuntiva e aumentano la visibilit\u00e0.<\/span><\/p>\n","protected":false},"featured_media":146954,"comment_status":"closed","ping_status":"closed","template":"","meta":{"inline_featured_image":false},"product_brand":[],"product_cat":[1607,1623],"product_tag":[],"class_list":{"0":"post-146961","1":"product","2":"type-product","3":"status-publish","4":"has-post-thumbnail","6":"product_cat-abbigliamento-segnaletico-rifrangente","7":"product_cat-cappellini","9":"first","10":"instock","11":"taxable","12":"shipping-taxable","13":"purchasable","14":"product-type-simple"},"_links":{"self":[{"href":"https:\/\/metal-badge.ch\/it\/wp-json\/wp\/v2\/product\/146961","targetHints":{"allow":["GET"]}}],"collection":[{"href":"https:\/\/metal-badge.ch\/it\/wp-json\/wp\/v2\/product"}],"about":[{"href":"https:\/\/metal-badge.ch\/it\/wp-json\/wp\/v2\/types\/product"}],"replies":[{"embeddable":true,"href":"https:\/\/metal-badge.ch\/it\/wp-json\/wp\/v2\/comments?post=146961"}],"wp:featuredmedia":[{"embeddable":true,"href":"https:\/\/metal-badge.ch\/it\/wp-json\/wp\/v2\/media\/146954"}],"wp:attachment":[{"href":"https:\/\/metal-badge.ch\/it\/wp-json\/wp\/v2\/media?parent=146961"}],"wp:term":[{"taxonomy":"product_brand","embeddable":true,"href":"https:\/\/metal-badge.ch\/it\/wp-json\/wp\/v2\/product_brand?post=146961"},{"taxonomy":"product_cat","embeddable":true,"href":"https:\/\/metal-badge.ch\/it\/wp-json\/wp\/v2\/product_cat?post=146961"},{"taxonomy":"product_tag","embeddable":true,"href":"https:\/\/metal-badge.ch\/it\/wp-json\/wp\/v2\/product_tag?post=146961"}],"curies":[{"name":"wp","href":"https:\/\/api.w.org\/{rel}","templated":true}]}}