{"id":146663,"date":"2025-07-04T06:07:44","date_gmt":"2025-07-04T04:07:44","guid":{"rendered":"https:\/\/metal-badge.ch\/product\/146663\/guinzaglio-per-jogging-per-cani-guinzaglio-per-addestramento-colore-arancione-fluorescente\/"},"modified":"2025-07-04T06:07:44","modified_gmt":"2025-07-04T04:07:44","slug":"guinzaglio-per-jogging-per-cani-guinzaglio-per-addestramento-colore-arancione-fluorescente","status":"publish","type":"product","link":"https:\/\/metal-badge.ch\/it\/product\/146663\/guinzaglio-per-jogging-per-cani-guinzaglio-per-addestramento-colore-arancione-fluorescente\/","title":{"rendered":"Guinzaglio per jogging per cani guinzaglio per addestramento colore arancione fluorescente"},"content":{"rendered":"<p><b>Guinzaglio per jogging <\/b><span style=\"font-weight: 400;\">&nbsp;ideale per correre, camminare, fare trail running insieme al tuo cane. La cintura addominale \u00e8 regolabile e pu\u00f2 anche essere regolata come un normale cinturino. Pertanto, il cinturino \u00e8 adatto anche per un utilizzo camminando normalmente Inoltre, il cinturino \u00e8 imbottito ed \u00e8 molto comodo da tenere in mano. Grazie al moschettone, il passante intorno ai fianchi pu\u00f2 sempre essere aperto super velocemente durante la corsa. Grazie all&#8217;elasticit\u00e0 di questo guinzaglio per cani, tu e il tuo amico a quattro zampe sarete protetti in modo ottimale dai movimenti di trazione e arresto a scatti. Tali movimenti sono ammortizzati rendendo il guinzaglio molto comodo per entrambi. Il guinzaglio \u00e8 disponibile in due misure. Con il grande e leggero moschettone in alluminio con chiusura girevole di sicurezza ad \u00bc, tutti i collari per cani possono essere fissati rapidamente e facilmente. Il guinzaglio \u00e8 ideale per cani di taglia medio-grande. Estremamente robusto e resistente.&nbsp;<\/span><\/p>\n<p><b>Informazioni prodotto:<\/b><\/p>\n<ul>\n<li><span style=\"font-weight: 400;\">Nome: guinzaglio da jogging per cani TLL2271<\/span><span style=\"font-weight: 400;\"><br \/>\n<\/span><\/li>\n<li><span style=\"font-weight: 400;\">Materiale guinzaglio: nylon&nbsp; <\/span><span style=\"font-weight: 400;\"><br \/>\n<\/span><\/li>\n<li><span style=\"font-weight: 400;\">Materiale moschettone: alluminio a sgancio rapido a \u00bc &nbsp; <\/span><span style=\"font-weight: 400;\"><br \/>\n<\/span><\/li>\n<li><span style=\"font-weight: 400;\">Chiusura girevole con moschettone <\/span><span style=\"font-weight: 400;\"><br \/>\n<\/span><\/li>\n<li><span style=\"font-weight: 400;\">Colore: arancione <\/span><span style=\"font-weight: 400;\"><br \/>\n<\/span><\/li>\n<li><span style=\"font-weight: 400;\">Grazie All&#8217;elasticit\u00e0 di questo guinzaglio per cani, tu e il tuo amico a quattro zampe sarete protetti in modo ottimale dai movimenti di trazione e arresto a scatti<\/span><span style=\"font-weight: 400;\"><br \/>\n<\/span><\/li>\n<li><span style=\"font-weight: 400;\">Facile e veloce da attaccare al collare del cane <\/span><span style=\"font-weight: 400;\"><br \/>\n<\/span><\/li>\n<li><span style=\"font-weight: 400;\">Particolarmente robusto e resistente <\/span><span style=\"font-weight: 400;\"><br \/>\n<\/span><\/li>\n<li><span style=\"font-weight: 400;\">Anello in morbido neoprene<\/span><span style=\"font-weight: 400;\"><br \/>\n<\/span><\/li>\n<li><span style=\"font-weight: 400;\">Il cinturino \u00e8 comodo da tenere in mano<\/span><span style=\"font-weight: 400;\"><br \/>\n<\/span><\/li>\n<li><span style=\"font-weight: 400;\">Il cinturino \u00e8 dotato di un moschettone <\/span><span style=\"font-weight: 400;\"><br \/>\n<\/span><span style=\"font-weight: 400;\">Con cinturino regolabile per corsa, jogging, trail running ideale per tenere libere le braccia<\/span><span style=\"font-weight: 400;\"><br \/>\n<\/span><\/li>\n<li><span style=\"font-weight: 400;\">Dimensioni: larghezza 2.5 cm<\/span><span style=\"font-weight: 400;\"><br \/>\n<\/span><\/li>\n<li><span style=\"font-weight: 400;\">Lunghezza Medium: da 140 cm a 200 cm<\/span><span style=\"font-weight: 400;\"><br \/>\n<\/span><\/li>\n<li><span style=\"font-weight: 400;\">Lunghezza Large: da 200 cm a 340 cm <\/span><span style=\"font-weight: 400;\"><br \/>\n<\/span><\/li>\n<li><span style=\"font-weight: 400;\">Peso: circa 250 gr. <\/span><\/li>\n<\/ul>\n","protected":false},"excerpt":{"rendered":"<p><b>Guinzaglio per jogging <\/b><span style=\"font-weight: 400;\">&nbsp;ideale per correre, camminare, fare trail running insieme al tuo cane. La cintura addominale \u00e8 regolabile e pu\u00f2 anche essere regolata come un normale cinturino. Pertanto, il cinturino \u00e8 adatto anche per un utilizzo camminando normalmente Inoltre, il cinturino \u00e8 imbottito ed \u00e8 molto comodo da tenere in mano. Grazie al moschettone, il passante intorno ai fianchi pu\u00f2 sempre essere aperto super velocemente durante la corsa. Grazie all&#8217;elasticit\u00e0 di questo guinzaglio per cani, tu e il tuo amico a quattro zampe sarete protetti in modo ottimale dai movimenti di trazione e arresto a scatti. Tali movimenti sono ammortizzati rendendo il guinzaglio molto comodo per entrambi. Il guinzaglio \u00e8 disponibile in due misure. Con il grande e leggero moschettone in alluminio con chiusura girevole di sicurezza ad \u00bc, tutti i collari per cani possono essere fissati rapidamente e facilmente. Il guinzaglio \u00e8 ideale per cani di taglia medio-grande. Estremamente robusto e resistente.&nbsp;<\/span><\/p>\n","protected":false},"featured_media":146644,"comment_status":"closed","ping_status":"closed","template":"","meta":{"inline_featured_image":false},"product_brand":[],"product_cat":[1372,888],"product_tag":[],"class_list":{"0":"post-146663","1":"product","2":"type-product","3":"status-publish","4":"has-post-thumbnail","6":"product_cat-accessori-per-il-cane","7":"product_cat-accessori","9":"first","10":"instock","11":"taxable","12":"shipping-taxable","13":"purchasable","14":"product-type-simple"},"_links":{"self":[{"href":"https:\/\/metal-badge.ch\/it\/wp-json\/wp\/v2\/product\/146663","targetHints":{"allow":["GET"]}}],"collection":[{"href":"https:\/\/metal-badge.ch\/it\/wp-json\/wp\/v2\/product"}],"about":[{"href":"https:\/\/metal-badge.ch\/it\/wp-json\/wp\/v2\/types\/product"}],"replies":[{"embeddable":true,"href":"https:\/\/metal-badge.ch\/it\/wp-json\/wp\/v2\/comments?post=146663"}],"wp:featuredmedia":[{"embeddable":true,"href":"https:\/\/metal-badge.ch\/it\/wp-json\/wp\/v2\/media\/146644"}],"wp:attachment":[{"href":"https:\/\/metal-badge.ch\/it\/wp-json\/wp\/v2\/media?parent=146663"}],"wp:term":[{"taxonomy":"product_brand","embeddable":true,"href":"https:\/\/metal-badge.ch\/it\/wp-json\/wp\/v2\/product_brand?post=146663"},{"taxonomy":"product_cat","embeddable":true,"href":"https:\/\/metal-badge.ch\/it\/wp-json\/wp\/v2\/product_cat?post=146663"},{"taxonomy":"product_tag","embeddable":true,"href":"https:\/\/metal-badge.ch\/it\/wp-json\/wp\/v2\/product_tag?post=146663"}],"curies":[{"name":"wp","href":"https:\/\/api.w.org\/{rel}","templated":true}]}}