{"id":146544,"date":"2025-07-03T02:11:19","date_gmt":"2025-07-03T00:11:20","guid":{"rendered":"https:\/\/metal-badge.ch\/?post_type=product&#038;p=146544"},"modified":"2025-07-03T02:16:57","modified_gmt":"2025-07-03T00:16:57","slug":"ciotola-per-cani-in-silicone-pieghevole-con-gancio-a-moschettone-verde","status":"publish","type":"product","link":"https:\/\/metal-badge.ch\/it\/product\/146544\/ciotola-per-cani-in-silicone-pieghevole-con-gancio-a-moschettone-verde\/","title":{"rendered":"Ciotola per cani in silicone pieghevole con gancio a moschettone &#8211; verde"},"content":{"rendered":"<p><span style=\"font-weight: 400;\">La ciotola da viaggio in silicone \u00e8 la soluzione ideale per i proprietari di cani che sono in viaggio e vogliono prendersi cura del loro amico a quattro zampe in modo ottimale, quindi la nostra ciotola in silicone \u00e8 proprio la cosa giusta per te. La ciotola pieghevole pu\u00f2 essere utilizzata sia come ciotola per il cibo che per l&#8217;acqua. Grazie al gancio a moschettone, la ciotola si pu\u00f2 trasportare sul bagaglio, sullo zaino, ecc. o sul passante della cintura, oppure riporre nel bagaglio a mano. Con una capacit\u00e0 di 350 ml o 650 ml e un diametro di 16 cm o 13 cm, questa ciotola offre spazio sufficiente per cibo e acqua. Il bordo in plastica solida garantisce un&#8217;elevata stabilit\u00e0 dimensionale e la resistenza alla lavastoviglie rende la pulizia un gioco da ragazzi. La ciotola da viaggio \u00e8 realizzata in TPE di alta qualit\u00e0 e, grazie alla sua pieghevolezza, offre una conservazione semplice e salvaspazio.<\/span><\/p>\n<p><b>Informazioni prodotto:&nbsp;<\/b><\/p>\n<ul>\n<li><span style=\"font-weight: 400;\">Descrizione: Ciotola per cani<\/span> <span style=\"font-weight: 400;\">con gancio a moschettone&nbsp;<\/span><\/li>\n<li><span style=\"font-weight: 400;\">Pieghevole e salvaspazio, perfetta per gli spostamenti<\/span><\/li>\n<li><span style=\"font-weight: 400;\">Leggera e maneggevole<\/span><\/li>\n<li><span style=\"font-weight: 400;\">Disponibile in due dimensioni&nbsp;<\/span><\/li>\n<li><span style=\"font-weight: 400;\">Capacit\u00e0: 350 ml \/ 650 ml<\/span><\/li>\n<li><span style=\"font-weight: 400;\">Colori: verde<\/span><\/li>\n<li><span style=\"font-weight: 400;\">Materiale: silicone TPE&nbsp;<\/span><\/li>\n<li><span style=\"font-weight: 400;\">Lavabile in lavastoviglie<\/span><\/li>\n<li><span style=\"font-weight: 400;\">Particolarmente stabile grazie al bordo in plastica solida<\/span><\/li>\n<li><span style=\"font-weight: 400;\">Peso: 65 g \/ 85 g con moschettone<\/span><\/li>\n<li><span style=\"font-weight: 400;\">Diametro: 13 cm \/ 16 cm<\/span><\/li>\n<li><span style=\"font-weight: 400;\">Altezza: 5,5 cm \/ 6,5 cm<\/span><\/li>\n<li><span style=\"font-weight: 400;\">Materiale: silicone TPE <\/span><\/li>\n<\/ul>\n","protected":false},"excerpt":{"rendered":"<p><span style=\"font-weight: 400;\">La ciotola da viaggio in silicone \u00e8 la soluzione ideale per i proprietari di cani che sono in viaggio e vogliono prendersi cura del loro amico a quattro zampe in modo ottimale, quindi la nostra ciotola in silicone \u00e8 proprio la cosa giusta per te. La ciotola pieghevole pu\u00f2 essere utilizzata sia come ciotola per il cibo che per l&#8217;acqua. Grazie al gancio a moschettone, la ciotola si pu\u00f2 trasportare sul bagaglio, sullo zaino, ecc. o sul passante della cintura, oppure riporre nel bagaglio a mano. Con una capacit\u00e0 di 350 ml o 650 ml e un diametro di 16 cm o 13 cm, questa ciotola offre spazio sufficiente per cibo e acqua. Il bordo in plastica solida garantisce un&#8217;elevata stabilit\u00e0 dimensionale e la resistenza alla lavastoviglie rende la pulizia un gioco da ragazzi. La ciotola da viaggio \u00e8 realizzata in TPE di alta qualit\u00e0 e, grazie alla sua pieghevolezza, offre una conservazione semplice e salvaspazio.<\/span><\/p>\n","protected":false},"featured_media":146548,"comment_status":"closed","ping_status":"closed","template":"","meta":{"inline_featured_image":false},"product_brand":[],"product_cat":[888,1372],"product_tag":[1891],"class_list":{"0":"post-146544","1":"product","2":"type-product","3":"status-publish","4":"has-post-thumbnail","6":"product_cat-accessori","7":"product_cat-accessori-per-il-cane","8":"product_tag-i-regali","10":"first","11":"instock","12":"taxable","13":"shipping-taxable","14":"purchasable","15":"product-type-simple"},"_links":{"self":[{"href":"https:\/\/metal-badge.ch\/it\/wp-json\/wp\/v2\/product\/146544","targetHints":{"allow":["GET"]}}],"collection":[{"href":"https:\/\/metal-badge.ch\/it\/wp-json\/wp\/v2\/product"}],"about":[{"href":"https:\/\/metal-badge.ch\/it\/wp-json\/wp\/v2\/types\/product"}],"replies":[{"embeddable":true,"href":"https:\/\/metal-badge.ch\/it\/wp-json\/wp\/v2\/comments?post=146544"}],"wp:featuredmedia":[{"embeddable":true,"href":"https:\/\/metal-badge.ch\/it\/wp-json\/wp\/v2\/media\/146548"}],"wp:attachment":[{"href":"https:\/\/metal-badge.ch\/it\/wp-json\/wp\/v2\/media?parent=146544"}],"wp:term":[{"taxonomy":"product_brand","embeddable":true,"href":"https:\/\/metal-badge.ch\/it\/wp-json\/wp\/v2\/product_brand?post=146544"},{"taxonomy":"product_cat","embeddable":true,"href":"https:\/\/metal-badge.ch\/it\/wp-json\/wp\/v2\/product_cat?post=146544"},{"taxonomy":"product_tag","embeddable":true,"href":"https:\/\/metal-badge.ch\/it\/wp-json\/wp\/v2\/product_tag?post=146544"}],"curies":[{"name":"wp","href":"https:\/\/api.w.org\/{rel}","templated":true}]}}