{"id":146405,"date":"2025-07-02T20:11:38","date_gmt":"2025-07-02T18:11:38","guid":{"rendered":"https:\/\/metal-badge.ch\/product\/146405\/cappellino-da-baseball-per-cacciatori-in-mimetica-arancione\/"},"modified":"2025-07-02T20:11:38","modified_gmt":"2025-07-02T18:11:38","slug":"cappellino-da-baseball-per-cacciatori-in-mimetica-arancione","status":"publish","type":"product","link":"https:\/\/metal-badge.ch\/it\/product\/146405\/cappellino-da-baseball-per-cacciatori-in-mimetica-arancione\/","title":{"rendered":"Cappellino da baseball per cacciatori in mimetica arancione"},"content":{"rendered":"<p><span style=\"font-weight: 400;\">Il berretto con visiera in colori mimetici \u00e8 adatto per la caccia e le attivit\u00e0 all&#8217;aperto. Il nostro cappellino da baseball mimetizza e avverte allo stesso tempo.<\/span> <span style=\"font-weight: 400;\">Grazie al&nbsp;motivo mimetico, la sagoma della testa diventa&nbsp;<\/span><b>quasi invisibile alla selvaggina,<\/b><span style=\"font-weight: 400;\">&nbsp;mentre il&nbsp;<\/span><b>colore arancione<\/b><span style=\"font-weight: 400;\">&nbsp;tra i cacciatori garantisce una buona&nbsp;visibilit\u00e0&nbsp;e un elevato livello di sicurezza.<\/span> <span style=\"font-weight: 400;\">I cervi, invece, non percepiscono il colore arancione del segnale perch\u00e9 \u00e8 al di fuori della percezione cromatica della selvaggina. Protegge dal sole. E assicura una testa fresca. La taglia \u00e8 regolabile e pu\u00f2 essere adattata individualmente grazie alla chiusura con velcro. Il materiale \u00e8 100% poliestere. Ottima qualit\u00e0, vestibilit\u00e0 ottimale. Visiera curva e fascia tergisudore integrata.<\/span><\/p>\n<p><b>Informazioni prodotto:<\/b><\/p>\n<ul>\n<li><span style=\"font-weight: 400;\">Descrizione: cappellino da baseball\/berretto con visiera mimetico in arancione&nbsp;<\/span><\/li>\n<li><span style=\"font-weight: 400;\">Modello: SCA05<\/span><\/li>\n<li><span style=\"font-weight: 400;\">Materiale: 100% poliestere&nbsp;<\/span><\/li>\n<li><span style=\"font-weight: 400;\">Colore: arancione segnaletico&nbsp;<\/span><\/li>\n<li><span style=\"font-weight: 400;\">Motivo mimetico arancione\/nero&nbsp;<\/span><\/li>\n<li><span style=\"font-weight: 400;\">Alta visibilit\u00e0<\/span><\/li>\n<li><span style=\"font-weight: 400;\">Buona mimetizzazione<\/span><\/li>\n<li><span style=\"font-weight: 400;\">Protegge dal sole<\/span><\/li>\n<li><span style=\"font-weight: 400;\">Ottima qualit\u00e0, vestibilit\u00e0 ottimale<\/span><\/li>\n<li><span style=\"font-weight: 400;\">Peso: 68 g&nbsp;<\/span><\/li>\n<li><span style=\"font-weight: 400;\">Taglia: regolabile con velcro<\/span><\/li>\n<\/ul>\n","protected":false},"excerpt":{"rendered":"<p><span style=\"font-weight: 400;\">Il berretto con visiera in colori mimetici \u00e8 adatto per la caccia e le attivit\u00e0 all&#8217;aperto. Il nostro cappellino da baseball mimetizza e avverte allo stesso tempo.<\/span> <span style=\"font-weight: 400;\">Grazie al&nbsp;motivo mimetico, la sagoma della testa diventa&nbsp;<\/span><b>quasi invisibile alla selvaggina,<\/b><span style=\"font-weight: 400;\">&nbsp;mentre il&nbsp;<\/span><b>colore arancione<\/b><span style=\"font-weight: 400;\">&nbsp;tra i cacciatori garantisce una buona&nbsp;visibilit\u00e0&nbsp;e un elevato livello di sicurezza.<\/span> <span style=\"font-weight: 400;\">I cervi, invece, non percepiscono il colore arancione del segnale perch\u00e9 \u00e8 al di fuori della percezione cromatica della selvaggina. Protegge dal sole. E assicura una testa fresca. La taglia \u00e8 regolabile e pu\u00f2 essere adattata individualmente grazie alla chiusura con velcro. Il materiale \u00e8 100% poliestere. Ottima qualit\u00e0, vestibilit\u00e0 ottimale. Visiera curva e fascia tergisudore integrata.<\/span><\/p>\n","protected":false},"featured_media":146390,"comment_status":"closed","ping_status":"closed","template":"","meta":{"inline_featured_image":false},"product_brand":[],"product_cat":[1623],"product_tag":[],"class_list":{"0":"post-146405","1":"product","2":"type-product","3":"status-publish","4":"has-post-thumbnail","6":"product_cat-cappellini","8":"first","9":"instock","10":"taxable","11":"shipping-taxable","12":"purchasable","13":"product-type-simple"},"_links":{"self":[{"href":"https:\/\/metal-badge.ch\/it\/wp-json\/wp\/v2\/product\/146405","targetHints":{"allow":["GET"]}}],"collection":[{"href":"https:\/\/metal-badge.ch\/it\/wp-json\/wp\/v2\/product"}],"about":[{"href":"https:\/\/metal-badge.ch\/it\/wp-json\/wp\/v2\/types\/product"}],"replies":[{"embeddable":true,"href":"https:\/\/metal-badge.ch\/it\/wp-json\/wp\/v2\/comments?post=146405"}],"wp:featuredmedia":[{"embeddable":true,"href":"https:\/\/metal-badge.ch\/it\/wp-json\/wp\/v2\/media\/146390"}],"wp:attachment":[{"href":"https:\/\/metal-badge.ch\/it\/wp-json\/wp\/v2\/media?parent=146405"}],"wp:term":[{"taxonomy":"product_brand","embeddable":true,"href":"https:\/\/metal-badge.ch\/it\/wp-json\/wp\/v2\/product_brand?post=146405"},{"taxonomy":"product_cat","embeddable":true,"href":"https:\/\/metal-badge.ch\/it\/wp-json\/wp\/v2\/product_cat?post=146405"},{"taxonomy":"product_tag","embeddable":true,"href":"https:\/\/metal-badge.ch\/it\/wp-json\/wp\/v2\/product_tag?post=146405"}],"curies":[{"name":"wp","href":"https:\/\/api.w.org\/{rel}","templated":true}]}}