{"id":146385,"date":"2025-07-02T18:54:15","date_gmt":"2025-07-02T16:54:15","guid":{"rendered":"https:\/\/metal-badge.ch\/product\/146385\/cappellino-da-baseball-per-cacciatori-in-mimetica-bianco\/"},"modified":"2025-07-02T18:54:15","modified_gmt":"2025-07-02T16:54:15","slug":"cappellino-da-baseball-per-cacciatori-in-mimetica-bianco","status":"publish","type":"product","link":"https:\/\/metal-badge.ch\/it\/product\/146385\/cappellino-da-baseball-per-cacciatori-in-mimetica-bianco\/","title":{"rendered":"Cappellino da baseball per cacciatori in mimetica bianco"},"content":{"rendered":"<p><span style=\"font-weight: 400;\">Il berretto con visiera in colori mimetici \u00e8 adatto per la caccia e le attivit\u00e0 all&#8217;aperto. Grazie al&nbsp;motivo mimetico, la sagoma della testa diventa&nbsp;quasi invisibile alla selvaggina. Protegge dal sole. E assicura una testa fresca. La taglia \u00e8 regolabile e pu\u00f2 essere adattata individualmente grazie alla chiusura con velcro. Il materiale \u00e8 100% poliestere. Ottima qualit\u00e0, vestibilit\u00e0 ottimale. Visiera curva e fascia tergisudore integrata.<\/span><\/p>\n<p><b>Informazioni prodotto:<\/b><\/p>\n<ul>\n<li><span style=\"font-weight: 400;\">Descrizione: cappellino da baseball\/berretto con visiera mimetico marrone&nbsp;<\/span><\/li>\n<li><span style=\"font-weight: 400;\">Modello: SCA05<\/span><\/li>\n<li><span style=\"font-weight: 400;\">Materiale: 100% poliestere&nbsp;<\/span><\/li>\n<li><span style=\"font-weight: 400;\">Colore: bianco&nbsp;<\/span><\/li>\n<li><span style=\"font-weight: 400;\">Marrone mimetico&nbsp;&nbsp;<\/span><\/li>\n<li><span style=\"font-weight: 400;\">Alta visibilit\u00e0<\/span><\/li>\n<li><span style=\"font-weight: 400;\">Buona mimetizzazione<\/span><\/li>\n<li><span style=\"font-weight: 400;\">Protegge dal sole<\/span><\/li>\n<li><span style=\"font-weight: 400;\">Ottima qualit\u00e0, vestibilit\u00e0 ottimale<\/span><\/li>\n<li><span style=\"font-weight: 400;\">Peso: 68 g&nbsp;<\/span><\/li>\n<li><span style=\"font-weight: 400;\">Taglia: regolabile con velcro<\/span><\/li>\n<\/ul>\n","protected":false},"excerpt":{"rendered":"<p><span style=\"font-weight: 400;\">Il berretto con visiera in colori mimetici \u00e8 adatto per la caccia e le attivit\u00e0 all&#8217;aperto. Grazie al&nbsp;motivo mimetico, la sagoma della testa diventa&nbsp;quasi invisibile alla selvaggina. Protegge dal sole. E assicura una testa fresca. La taglia \u00e8 regolabile e pu\u00f2 essere adattata individualmente grazie alla chiusura con velcro. Il materiale \u00e8 100% poliestere. Ottima qualit\u00e0, vestibilit\u00e0 ottimale. Visiera curva e fascia tergisudore integrata.<\/span><\/p>\n","protected":false},"featured_media":146370,"comment_status":"closed","ping_status":"closed","template":"","meta":{"inline_featured_image":false},"product_brand":[],"product_cat":[1623],"product_tag":[],"class_list":{"0":"post-146385","1":"product","2":"type-product","3":"status-publish","4":"has-post-thumbnail","6":"product_cat-cappellini","8":"first","9":"instock","10":"taxable","11":"shipping-taxable","12":"purchasable","13":"product-type-simple"},"_links":{"self":[{"href":"https:\/\/metal-badge.ch\/it\/wp-json\/wp\/v2\/product\/146385","targetHints":{"allow":["GET"]}}],"collection":[{"href":"https:\/\/metal-badge.ch\/it\/wp-json\/wp\/v2\/product"}],"about":[{"href":"https:\/\/metal-badge.ch\/it\/wp-json\/wp\/v2\/types\/product"}],"replies":[{"embeddable":true,"href":"https:\/\/metal-badge.ch\/it\/wp-json\/wp\/v2\/comments?post=146385"}],"wp:featuredmedia":[{"embeddable":true,"href":"https:\/\/metal-badge.ch\/it\/wp-json\/wp\/v2\/media\/146370"}],"wp:attachment":[{"href":"https:\/\/metal-badge.ch\/it\/wp-json\/wp\/v2\/media?parent=146385"}],"wp:term":[{"taxonomy":"product_brand","embeddable":true,"href":"https:\/\/metal-badge.ch\/it\/wp-json\/wp\/v2\/product_brand?post=146385"},{"taxonomy":"product_cat","embeddable":true,"href":"https:\/\/metal-badge.ch\/it\/wp-json\/wp\/v2\/product_cat?post=146385"},{"taxonomy":"product_tag","embeddable":true,"href":"https:\/\/metal-badge.ch\/it\/wp-json\/wp\/v2\/product_tag?post=146385"}],"curies":[{"name":"wp","href":"https:\/\/api.w.org\/{rel}","templated":true}]}}