{"id":146317,"date":"2025-07-02T16:46:40","date_gmt":"2025-07-02T14:46:40","guid":{"rendered":"https:\/\/metal-badge.ch\/product\/146317\/cappello-da-sole-bonnie-impermeabile-e-pieghevole-da-donna-e-da-uomo-nero\/"},"modified":"2025-07-02T16:46:40","modified_gmt":"2025-07-02T14:46:40","slug":"cappello-da-sole-bonnie-impermeabile-e-pieghevole-da-donna-e-da-uomo-nero","status":"publish","type":"product","link":"https:\/\/metal-badge.ch\/it\/product\/146317\/cappello-da-sole-bonnie-impermeabile-e-pieghevole-da-donna-e-da-uomo-nero\/","title":{"rendered":"Cappello da sole Bonnie impermeabile e pieghevole da donna e da uomo &#8211; nero"},"content":{"rendered":"<p><span style=\"font-weight: 400;\">Proteggiti dal sole e dalla pioggia con il nostro Bonnie impermeabile e pieghevole<\/span><\/p>\n<p><span style=\"font-weight: 400;\">Questo cappello offre protezione dai dannosi raggi UV e grazie all&#8217;ampia tesa di 7 cm anche il viso \u00e8 protetto. Ideale per attivit\u00e0 all&#8217;aperto come escursioni, pesca, gite in spiaggia e altro ancora. Grazie alla funzione di piegatura, il cappello pu\u00f2 essere facilmente riposto e portato con s\u00e9. Con la tasca incorporata nella parte interna, il cappello pu\u00f2 essere riposto in un attimo e appeso con la clip allo zaino o alla cintura, ecc.<\/span><\/p>\n<p><span style=\"font-weight: 400;\">Il nostro cappello da sole \u00e8 realizzato in poliestere di alta qualit\u00e0 ad asciugatura rapida con un rivestimento impermeabile che offre protezione contro la pioggia leggera. Il tessuto LSF50+ migliorato blocca efficacemente oltre il 99% dei raggi UV, garantendo cos\u00ec una protezione solare duratura durante le attivit\u00e0 all&#8217;aperto.<\/span><\/p>\n<p><b>Design ultra traspirante:&nbsp;<\/b><span style=\"font-weight: 400;\">a differenza dei tradizionali tessuti impermeabili, il nostro cappello offre un&#8217;eccezionale traspirabilit\u00e0 con una permeabilit\u00e0 all&#8217;aria di 7500 g\/m\u00b2\/24 ore. \u00c8 realizzato in materiale leggero e flessibile ed esercita una pressione minima quando indossato.<\/span><\/p>\n<p><b>Leggero e resistente:&nbsp;<\/b><span style=\"font-weight: 400;\">con un peso di soli 70 grammi, il nostro cappello impermeabile \u00e8 incredibilmente leggero e robusto. \u00c8 realizzato con materiali importati resistenti agli strappi, ai graffi e all&#8217;usura e dispone di un cordoncino antivento migliorato per una vestibilit\u00e0 sicura e stabilit\u00e0. Pu\u00f2 essere facilmente ripiegato senza deformazioni e consente di risparmiare spazio, in modo da poter essere comodamente riposto e portato in viaggio.<\/span><\/p>\n<p><b>Vestibilit\u00e0 regolabile:&nbsp;<\/b><span style=\"font-weight: 400;\">con una circonferenza massima della testa di 59 cm e un innovativo cordoncino elastico sul retro, il nostro cappello da sole impermeabile \u00e8 adatto sia per uomini che per donne. Progettato con la larghezza e l&#8217;angolazione perfette della tesa, offre un&#8217;efficace protezione solare senza ostacolare la vista. \u00c8 ideale per varie attivit\u00e0 all&#8217;aperto e serve come accessorio versatile per la pesca, l&#8217;escursionismo, le avventure safari e il giardinaggio quotidiano.<\/span><\/p>\n<p><b>Informazioni Prodotto:&nbsp;<\/b><\/p>\n<ul>\n<li><span style=\"font-weight: 400;\">Descrizione: cappello da sole\/Bonnie&nbsp;<\/span><\/li>\n<li><span style=\"font-weight: 400;\">Peso: 70 g&nbsp;<\/span><\/li>\n<li><span style=\"font-weight: 400;\">Falda: 7 cm<\/span><\/li>\n<li><span style=\"font-weight: 400;\">Con coulisse elastica regolabile con stopper<\/span><\/li>\n<li><span style=\"font-weight: 400;\">Con borsa per il trasporto integrata con clip&nbsp;<\/span><\/li>\n<li><span style=\"font-weight: 400;\">Protezione da sole e pioggia&nbsp;<\/span><\/li>\n<li><span style=\"font-weight: 400;\">Lavabile in lavatrice a 40\u00b0 gradi<\/span><\/li>\n<li><span style=\"font-weight: 400;\">Circonferenza: da 55 cm a 62 cm&nbsp;<\/span><\/li>\n<li><span style=\"font-weight: 400;\">Materiale: poliestere\/cotone&nbsp;<\/span><\/li>\n<li><span style=\"font-weight: 400;\">Colori: nero<\/span><\/li>\n<\/ul>\n","protected":false},"excerpt":{"rendered":"<p><span style=\"font-weight: 400;\">Proteggiti dal sole e dalla pioggia con il nostro Bonnie impermeabile e pieghevole<\/span><\/p>\n<p><span style=\"font-weight: 400;\">Questo cappello offre protezione dai dannosi raggi UV e grazie all&#8217;ampia tesa di 7 cm anche il viso \u00e8 protetto. Ideale per attivit\u00e0 all&#8217;aperto come escursioni, pesca, gite in spiaggia e altro ancora. Grazie alla funzione di piegatura, il cappello pu\u00f2 essere facilmente riposto e portato con s\u00e9. Con la tasca incorporata nella parte interna, il cappello pu\u00f2 essere riposto in un attimo e appeso con la clip allo zaino o alla cintura, ecc.<\/span><\/p>\n","protected":false},"featured_media":146298,"comment_status":"closed","ping_status":"closed","template":"","meta":{"inline_featured_image":false},"product_brand":[],"product_cat":[1623],"product_tag":[],"class_list":{"0":"post-146317","1":"product","2":"type-product","3":"status-publish","4":"has-post-thumbnail","6":"product_cat-cappellini","8":"first","9":"instock","10":"taxable","11":"shipping-taxable","12":"purchasable","13":"product-type-simple"},"_links":{"self":[{"href":"https:\/\/metal-badge.ch\/it\/wp-json\/wp\/v2\/product\/146317","targetHints":{"allow":["GET"]}}],"collection":[{"href":"https:\/\/metal-badge.ch\/it\/wp-json\/wp\/v2\/product"}],"about":[{"href":"https:\/\/metal-badge.ch\/it\/wp-json\/wp\/v2\/types\/product"}],"replies":[{"embeddable":true,"href":"https:\/\/metal-badge.ch\/it\/wp-json\/wp\/v2\/comments?post=146317"}],"wp:featuredmedia":[{"embeddable":true,"href":"https:\/\/metal-badge.ch\/it\/wp-json\/wp\/v2\/media\/146298"}],"wp:attachment":[{"href":"https:\/\/metal-badge.ch\/it\/wp-json\/wp\/v2\/media?parent=146317"}],"wp:term":[{"taxonomy":"product_brand","embeddable":true,"href":"https:\/\/metal-badge.ch\/it\/wp-json\/wp\/v2\/product_brand?post=146317"},{"taxonomy":"product_cat","embeddable":true,"href":"https:\/\/metal-badge.ch\/it\/wp-json\/wp\/v2\/product_cat?post=146317"},{"taxonomy":"product_tag","embeddable":true,"href":"https:\/\/metal-badge.ch\/it\/wp-json\/wp\/v2\/product_tag?post=146317"}],"curies":[{"name":"wp","href":"https:\/\/api.w.org\/{rel}","templated":true}]}}