{"id":146117,"date":"2025-06-30T21:26:59","date_gmt":"2025-06-30T19:26:59","guid":{"rendered":"https:\/\/metal-badge.ch\/product\/146117\/utensile-halligan-con-piede-di-porco\/"},"modified":"2025-06-30T21:36:47","modified_gmt":"2025-06-30T19:36:47","slug":"utensile-halligan-con-piede-di-porco","status":"publish","type":"product","link":"https:\/\/metal-badge.ch\/it\/product\/146117\/utensile-halligan-con-piede-di-porco\/","title":{"rendered":"Utensile Halligan con piede di porco"},"content":{"rendered":"<p><span style=\"font-weight: 400;\">Attrezzo da demolizione per polizia, vigili del fuoco e militari<\/span><\/p>\n<p><span style=\"font-weight: 400;\">Utensile Halligan versatile con piede di porco come strumento di leva per l&#8217;assistenza tecnica e soprattutto per l&#8217;apertura forzata delle porte (Forcible Entry) in uso. Grazie alla lama stretta e allo stesso tempo curva, porte e finestre possono essere aperte con particolare facilit\u00e0. Una superficie d&#8217;impatto aggiuntiva sull&#8217;uncino della leva consente di colpire una porta anche in spazi molto ristretti, ad esempio alla fine di un corridoio.&nbsp;&nbsp;<\/span><\/p>\n<p><span style=\"font-weight: 400;\">Le due aree di presa sono chiaramente identificate dalla &#8220;scanalatura&#8221; e sono particolarmente antiscivolo per una presa sicura. L&#8217;utensile in acciaio \u00e8 realizzato sulla testa con una superficie galvanizzata passivata e rivestita e quindi progettato per una lunga durata.<\/span><\/p>\n<p><span style=\"font-weight: 400;\">Allo stesso tempo, l&#8217;uncino di leva dell&#8217;utensile Halligan pu\u00f2 essere utilizzato per estrarre viti e chiodi di grandi dimensioni o per rompere i cilindri delle serrature. A tal fine, la fessura dell&#8217;uncino con 20 mm nella parte superiore e 5 mm nella parte inferiore \u00e8 particolarmente adatta e le due estremit\u00e0 sono state levigate e affilate di conseguenza. In determinate condizioni, \u00e8 possibile utilizzare l&#8217;uncino di leva per tagliare lamiere e vetro stratificato.<\/span><\/p>\n<p><b>Informazioni prodotto:<\/b><\/p>\n<ul>\n<li><span style=\"font-weight: 400;\">Descrizione: utensile Halligan con piede di porco&nbsp;<\/span><\/li>\n<li><span style=\"font-weight: 400;\">Versatile&nbsp;<\/span><\/li>\n<li><span style=\"font-weight: 400;\">Due impugnature antiscivolo<\/span><\/li>\n<li><span style=\"font-weight: 400;\">Lunga durata indistruttibile&nbsp;<\/span><\/li>\n<li><span style=\"font-weight: 400;\">Estremamente alta stabilit\u00e0 delle teste forgiate<\/span><\/li>\n<li><span style=\"font-weight: 400;\">Distanza tra le unghie superiore a 20 mm&nbsp;<\/span><\/li>\n<li><span style=\"font-weight: 400;\">Uncino inferiore 5 mm<\/span><\/li>\n<\/ul>\n<p><b>Ambito di applicazione:&nbsp;<\/b><\/p>\n<ul>\n<li><span style=\"font-weight: 400;\">Superficie d&#8217;impatto aggiuntiva sull&#8217;uncino della leva per spazi ristretti&nbsp;<\/span><\/li>\n<li><span style=\"font-weight: 400;\">Apertura di porte e finestre<\/span><\/li>\n<li><span style=\"font-weight: 400;\">Creazione di uno spazio per il divaricatore<\/span><\/li>\n<li><span style=\"font-weight: 400;\">Apertura del cofano e del bagagliaio<\/span><\/li>\n<li><span style=\"font-weight: 400;\">Rottura di serrature a cilindro<\/span><\/li>\n<li><span style=\"font-weight: 400;\">Apertura di lucchetti e catene<\/span><\/li>\n<li><span style=\"font-weight: 400;\">Lavori di leva generale.<\/span><\/li>\n<li><span style=\"font-weight: 400;\">Colore: argento&nbsp;<\/span><\/li>\n<li><span style=\"font-weight: 400;\">Materiale: acciaio&nbsp;<\/span><\/li>\n<li><span style=\"font-weight: 400;\">Peso: 5,3 kg<\/span><\/li>\n<li><span style=\"font-weight: 400;\">Lunghezza: 90 cm<\/span><\/li>\n<li><span style=\"font-weight: 400;\">Diametro tubo: 3,5 cm<\/span><\/li>\n<\/ul>\n","protected":false},"excerpt":{"rendered":"<p><span style=\"font-weight: 400;\">Attrezzo da demolizione per polizia, vigili del fuoco e militari<\/span><\/p>\n<p><span style=\"font-weight: 400;\">Utensile Halligan versatile con piede di porco come strumento di leva per l&#8217;assistenza tecnica e soprattutto per l&#8217;apertura forzata delle porte (Forcible Entry) in uso. Grazie alla lama stretta e allo stesso tempo curva, porte e finestre possono essere aperte con particolare facilit\u00e0. Una superficie d&#8217;impatto aggiuntiva sull&#8217;uncino della leva consente di colpire una porta anche in spazi molto ristretti, ad esempio alla fine di un corridoio.&nbsp;&nbsp;<\/span><\/p>\n<p><span style=\"font-weight: 400;\">Le due aree di p<\/span><\/p>\n","protected":false},"featured_media":146106,"comment_status":"closed","ping_status":"closed","template":"","meta":{"inline_featured_image":false},"product_brand":[],"product_cat":[888,1945],"product_tag":[1782],"class_list":{"0":"post-146117","1":"product","2":"type-product","3":"status-publish","4":"has-post-thumbnail","6":"product_cat-accessori","7":"product_cat-organizzazioni-a-luce-blu-sicurezza","8":"product_tag-polizia-sicurezza","10":"first","11":"instock","12":"taxable","13":"shipping-taxable","14":"purchasable","15":"product-type-simple"},"_links":{"self":[{"href":"https:\/\/metal-badge.ch\/it\/wp-json\/wp\/v2\/product\/146117","targetHints":{"allow":["GET"]}}],"collection":[{"href":"https:\/\/metal-badge.ch\/it\/wp-json\/wp\/v2\/product"}],"about":[{"href":"https:\/\/metal-badge.ch\/it\/wp-json\/wp\/v2\/types\/product"}],"replies":[{"embeddable":true,"href":"https:\/\/metal-badge.ch\/it\/wp-json\/wp\/v2\/comments?post=146117"}],"wp:featuredmedia":[{"embeddable":true,"href":"https:\/\/metal-badge.ch\/it\/wp-json\/wp\/v2\/media\/146106"}],"wp:attachment":[{"href":"https:\/\/metal-badge.ch\/it\/wp-json\/wp\/v2\/media?parent=146117"}],"wp:term":[{"taxonomy":"product_brand","embeddable":true,"href":"https:\/\/metal-badge.ch\/it\/wp-json\/wp\/v2\/product_brand?post=146117"},{"taxonomy":"product_cat","embeddable":true,"href":"https:\/\/metal-badge.ch\/it\/wp-json\/wp\/v2\/product_cat?post=146117"},{"taxonomy":"product_tag","embeddable":true,"href":"https:\/\/metal-badge.ch\/it\/wp-json\/wp\/v2\/product_tag?post=146117"}],"curies":[{"name":"wp","href":"https:\/\/api.w.org\/{rel}","templated":true}]}}