{"id":146101,"date":"2025-06-30T21:06:08","date_gmt":"2025-06-30T19:06:08","guid":{"rendered":"https:\/\/metal-badge.ch\/product\/146101\/unigloves-guanti-in-nitrile-senza-polvere-arancione-power-grip\/"},"modified":"2025-08-09T06:26:06","modified_gmt":"2025-08-09T04:26:06","slug":"unigloves-guanti-in-nitrile-senza-polvere-arancione-nero-power-grip","status":"publish","type":"product","link":"https:\/\/metal-badge.ch\/it\/product\/146101\/unigloves-guanti-in-nitrile-senza-polvere-arancione-nero-power-grip\/","title":{"rendered":"Unigloves guanti in nitrile senza polvere arancione\/nero POWER GRIP"},"content":{"rendered":"<p><span style=\"font-weight: 400;\">GRIPZZLY \u2013 GUANTI, NITRILE, SENZA TALCO CON STRUTTURA DIAMANTATA \u2013 arancione\/nero<\/span><\/p>\n<p><span style=\"font-weight: 400;\">Gripzzly \u00e8 un guanto in nitrile che protegge le mani da sostanze pericolose. La loro struttura diamantata garantisce una presa salda e il controllo durante il lavoro, il che \u00e8 particolarmente importante quando si maneggiano utensili o oggetti appuntiti.<\/span><\/p>\n<p><span style=\"font-weight: 400;\">I guanti Gripzzly sono senza polvere, il che significa che non contengono talco, che pu\u00f2 causare reazioni allergiche in alcune persone. Sono inoltre resistenti all&#8217;olio e al grasso e quindi ideali per l&#8217;uso in officine, fabbriche e altre aree in cui sono presenti sostanze chimiche. I guanti Gripzzly sono resistenti a virus e funghi, il che \u00e8 particolarmente importante quando si lavora in laboratori o nell&#8217;industria medica. Sono anche approvati per il contatto con gli alimenti, quindi possono essere utilizzati in cucine e altre aree in cui \u00e8 richiesta l&#8217;igiene delle mani. I guanti possono essere indossati su entrambi i lati e sono disponibili in varie taglie. Confezione da 50 pz.&nbsp;<\/span><\/p>\n<p><b>Informazioni prodotto:<\/b><\/p>\n<ul>\n<li><span style=\"font-weight: 400;\">Descrizione: Gripzzly guanti in nitrile senza polvere arancione<\/span><span style=\"font-weight: 400;\"><br \/>\n<\/span><\/li>\n<li><span style=\"font-weight: 400;\">Materiale: 100% nitrile<\/span><span style=\"font-weight: 400;\"><br \/>\n<\/span><\/li>\n<li><span style=\"font-weight: 400;\">senza polvere: nessun rischio di contaminazione di campioni\/alimenti con polvere di amido<\/span><\/li>\n<li><span style=\"font-weight: 400;\">molto robusti e resistenti<\/span><\/li>\n<li><span style=\"font-weight: 400;\">resistenti agli strappi e all&#8217;abrasione<\/span><\/li>\n<li><span style=\"font-weight: 400;\">guanto reversibile con bordo arrotolato<\/span><\/li>\n<li><span style=\"font-weight: 400;\">alta sensibilit\u00e0<\/span><\/li>\n<li><span style=\"font-weight: 400;\">struttura antiscivolo su entrambi i lati per una presa eccellente<\/span><\/li>\n<li><span style=\"font-weight: 400;\">Polsino: arrotolato per una facile vestibilit\u00e0<\/span><span style=\"font-weight: 400;\"><br \/>\n<\/span><span style=\"font-weight: 400;\">(test di permeabilit\u00e0 all&#8217;acqua) AQL: 1.5<\/span><span style=\"font-weight: 400;\"><br \/>\n<\/span><\/li>\n<li><span style=\"font-weight: 400;\">Superficie esterna: polimerizzata, struttura diamantata sul palmo e sulle dita<\/span><span style=\"font-weight: 400;\"><br \/>\n<\/span><\/li>\n<li><span style=\"font-weight: 400;\">Protezione contro sostanze presenti, tra l&#8217;altro, in lubrificanti, oli<\/span><\/li>\n<li><span style=\"font-weight: 400;\">Resistente a virus, batteri e funghi approvato<\/span><span style=\"font-weight: 400;\"><br \/>\n<\/span><span style=\"font-weight: 400;\">per il contatto con gli alimenti<\/span><\/li>\n<li><span style=\"font-weight: 400;\">forma universale adatta per mano sinistra e destra<\/span><\/li>\n<li><span style=\"font-weight: 400;\">non sterili<\/span><\/li>\n<li><span style=\"font-weight: 400;\">Il prodotto soddisfa i requisiti delle norme<\/span><\/li>\n<li><span style=\"font-weight: 400;\">EN ISO 374-1.5, EN 374-2.4, EN 16523, EN 420.<\/span><\/li>\n<li><span style=\"font-weight: 400;\">Sistema di garanzia della qualit\u00e0: processo di produzione in conformit\u00e0 con la qualit\u00e0 US FDA<\/span><\/li>\n<li><span style=\"font-weight: 400;\">nella scatola del dispenser con apertura per estrazione<\/span><\/li>\n<li><span style=\"font-weight: 400;\">Colore: arancione\/nero<\/span><\/li>\n<li><span style=\"font-weight: 400;\">Taglie: S\/M\/L\/XL&nbsp;<\/span><\/li>\n<li><span style=\"font-weight: 400;\">Confezione: 50 pz. <\/span><\/li>\n<\/ul>\n","protected":false},"excerpt":{"rendered":"<p><span style=\"font-weight: 400;\">GRIPZZLY \u2013 GUANTI, NITRILE, SENZA TALCO CON STRUTTURA DIAMANTATA \u2013 arancione\/nero<\/span><\/p>\n<p><span style=\"font-weight: 400;\">Gripzzly \u00e8 un guanto in nitrile che protegge le mani da sostanze pericolose. La loro struttura diamantata garantisce una presa salda e il controllo durante il lavoro, il che \u00e8 particolarmente importante quando si maneggiano utensili o oggetti appuntiti.<\/span><\/p>\n","protected":false},"featured_media":146090,"comment_status":"closed","ping_status":"closed","template":"","meta":{"inline_featured_image":false},"product_brand":[],"product_cat":[888,1642,1945],"product_tag":[1786],"class_list":{"0":"post-146101","1":"product","2":"type-product","3":"status-publish","4":"has-post-thumbnail","6":"product_cat-accessori","7":"product_cat-guanti-guanti-da-azione","8":"product_cat-organizzazioni-a-luce-blu-sicurezza","9":"product_tag-pronto-soccorso-soccorso","11":"first","12":"instock","13":"taxable","14":"shipping-taxable","15":"purchasable","16":"product-type-simple"},"_links":{"self":[{"href":"https:\/\/metal-badge.ch\/it\/wp-json\/wp\/v2\/product\/146101","targetHints":{"allow":["GET"]}}],"collection":[{"href":"https:\/\/metal-badge.ch\/it\/wp-json\/wp\/v2\/product"}],"about":[{"href":"https:\/\/metal-badge.ch\/it\/wp-json\/wp\/v2\/types\/product"}],"replies":[{"embeddable":true,"href":"https:\/\/metal-badge.ch\/it\/wp-json\/wp\/v2\/comments?post=146101"}],"wp:featuredmedia":[{"embeddable":true,"href":"https:\/\/metal-badge.ch\/it\/wp-json\/wp\/v2\/media\/146090"}],"wp:attachment":[{"href":"https:\/\/metal-badge.ch\/it\/wp-json\/wp\/v2\/media?parent=146101"}],"wp:term":[{"taxonomy":"product_brand","embeddable":true,"href":"https:\/\/metal-badge.ch\/it\/wp-json\/wp\/v2\/product_brand?post=146101"},{"taxonomy":"product_cat","embeddable":true,"href":"https:\/\/metal-badge.ch\/it\/wp-json\/wp\/v2\/product_cat?post=146101"},{"taxonomy":"product_tag","embeddable":true,"href":"https:\/\/metal-badge.ch\/it\/wp-json\/wp\/v2\/product_tag?post=146101"}],"curies":[{"name":"wp","href":"https:\/\/api.w.org\/{rel}","templated":true}]}}