{"id":145868,"date":"2025-06-28T22:41:54","date_gmt":"2025-06-28T20:41:55","guid":{"rendered":"https:\/\/metal-badge.ch\/?post_type=product&#038;p=145868"},"modified":"2025-06-28T22:46:37","modified_gmt":"2025-06-28T20:46:37","slug":"berretto-in-pile-mimetico-2","status":"publish","type":"product","link":"https:\/\/metal-badge.ch\/it\/product\/145868\/berretto-in-pile-mimetico-2\/","title":{"rendered":"Berretto in pile mimetico"},"content":{"rendered":"<p><span style=\"font-weight: 400;\">Il nostro berretto in pile \u00e8 un cappello in pile classico e leggero, progettato appositamente per gli ambienti freddi e gelidi. \u00c8 ideale per la caccia, la pesca, le attivit\u00e0 all&#8217;aperto in generale o semplicemente per una passeggiata nella stagione fredda. Il materiale traspirante assicura un rapido riscaldamento e un elevato comfort. Il pile \u00e8 leggermente elastico e si adatta bene alla forma della testa. Il berretto pu\u00f2 essere indossato in due modi, con il bordo piegato verso l&#8217;alto o semplicemente verso il basso. Offriamo questo berretto in quattro taglie.<\/span><\/p>\n<p><b>Informazioni prodotto:&nbsp;<\/b><\/p>\n<ul>\n<li><span style=\"font-weight: 400;\">Denominazione: Berretto in pile mimetico&nbsp;<\/span><\/li>\n<li><span style=\"font-weight: 400;\">Colore: mimetico come da foto<\/span><\/li>\n<li><span style=\"font-weight: 400;\">Comodo e confortevole da indossare<\/span><\/li>\n<li><span style=\"font-weight: 400;\">Materiale: pile leggero e traspirante 100% poliestere<\/span><\/li>\n<li><span style=\"font-weight: 400;\">Ideale per il freddo invernale<\/span><\/li>\n<li><span style=\"font-weight: 400;\">Riscaldamento rapido della testa in presenza di basse temperature<\/span><\/li>\n<li><span style=\"font-weight: 400;\">Dimensioni circonferenza testa: S = 56 cm \/ M = 57 cm \/ L = 58 cm \/ XL = 60 cm&nbsp;<\/span><\/li>\n<li><span style=\"font-weight: 400;\">Peso: 65 g<\/span><\/li>\n<\/ul>\n","protected":false},"excerpt":{"rendered":"<p><span style=\"font-weight: 400;\">Il nostro berretto in pile \u00e8 un cappello in pile classico e leggero, progettato appositamente per gli ambienti freddi e gelidi. \u00c8 ideale per la caccia, la pesca, le attivit\u00e0 all&#8217;aperto in generale o semplicemente per una passeggiata nella stagione fredda. Il materiale traspirante assicura un rapido riscaldamento e un elevato comfort. Il pile \u00e8 leggermente elastico e si adatta bene alla forma della testa. Il berretto pu\u00f2 essere indossato in due modi, con il bordo piegato verso l&#8217;alto o semplicemente verso il basso. Offriamo questo berretto in quattro taglie.<\/span><\/p>\n","protected":false},"featured_media":145872,"comment_status":"closed","ping_status":"closed","template":"","meta":{"inline_featured_image":false},"product_brand":[],"product_cat":[1611,1623],"product_tag":[],"class_list":{"0":"post-145868","1":"product","2":"type-product","3":"status-publish","4":"has-post-thumbnail","6":"product_cat-giacche-in-pile","7":"product_cat-cappellini","9":"first","10":"instock","11":"taxable","12":"shipping-taxable","13":"purchasable","14":"product-type-simple"},"_links":{"self":[{"href":"https:\/\/metal-badge.ch\/it\/wp-json\/wp\/v2\/product\/145868","targetHints":{"allow":["GET"]}}],"collection":[{"href":"https:\/\/metal-badge.ch\/it\/wp-json\/wp\/v2\/product"}],"about":[{"href":"https:\/\/metal-badge.ch\/it\/wp-json\/wp\/v2\/types\/product"}],"replies":[{"embeddable":true,"href":"https:\/\/metal-badge.ch\/it\/wp-json\/wp\/v2\/comments?post=145868"}],"wp:featuredmedia":[{"embeddable":true,"href":"https:\/\/metal-badge.ch\/it\/wp-json\/wp\/v2\/media\/145872"}],"wp:attachment":[{"href":"https:\/\/metal-badge.ch\/it\/wp-json\/wp\/v2\/media?parent=145868"}],"wp:term":[{"taxonomy":"product_brand","embeddable":true,"href":"https:\/\/metal-badge.ch\/it\/wp-json\/wp\/v2\/product_brand?post=145868"},{"taxonomy":"product_cat","embeddable":true,"href":"https:\/\/metal-badge.ch\/it\/wp-json\/wp\/v2\/product_cat?post=145868"},{"taxonomy":"product_tag","embeddable":true,"href":"https:\/\/metal-badge.ch\/it\/wp-json\/wp\/v2\/product_tag?post=145868"}],"curies":[{"name":"wp","href":"https:\/\/api.w.org\/{rel}","templated":true}]}}