{"id":145720,"date":"2025-06-28T16:59:20","date_gmt":"2025-06-28T14:59:21","guid":{"rendered":"https:\/\/metal-badge.ch\/?post_type=product&#038;p=145720"},"modified":"2025-06-28T17:11:05","modified_gmt":"2025-06-28T15:11:05","slug":"larve-in-gomma-per-esche-da-pesca-silicone-081601-bianco-rosso","status":"publish","type":"product","link":"https:\/\/metal-badge.ch\/it\/product\/145720\/larve-in-gomma-per-esche-da-pesca-silicone-081601-bianco-rosso\/","title":{"rendered":"Larve in gomma per esche da pesca\/silicone 081601 &#8211; bianco\/rosso"},"content":{"rendered":"<p><span style=\"font-weight: 400;\">Le larve in silicone sono esche per pesci realizzate in silicone morbido e di solito vengono fissate a un amo. La forma delle larve \u00e8 molto variabile e pu\u00f2 presentare un&#8217;ampia variet\u00e0 di colori. Le esche morbide possono essere spesso utilizzate per la pesca di pesci predatori come il persico, il lucioperca, il luccio, la trota, ecc. Sono adatti per la pesca su roccia, nei laghi, nei fiumi, negli stagni e nei torrenti.<\/span><\/p>\n<p><b>Larve in gomma per esche da pesca\/silicone 081601<\/b><\/p>\n<ul>\n<li><span style=\"font-weight: 400;\">Per pesci predatori, persico, lucioperca, luccio, trota, ecc.&nbsp;&nbsp;<\/span><\/li>\n<li><span style=\"font-weight: 400;\">Senza piombatura&nbsp;<\/span><\/li>\n<li><span style=\"font-weight: 400;\">Senza uncini<\/span><\/li>\n<li><span style=\"font-weight: 400;\">Materiale: silicone&nbsp;<\/span><\/li>\n<li><span style=\"font-weight: 400;\">Colore: bianco\/rosso&nbsp;<\/span><\/li>\n<li><span style=\"font-weight: 400;\">Confezione da 50 pezzi<\/span><\/li>\n<li><span style=\"font-weight: 400;\">Peso: pz. 0,5 g \/\/ Confezione: 40 g&nbsp;<\/span><\/li>\n<li><span style=\"font-weight: 400;\">Lunghezza: 2,5 cm&nbsp;<\/span><\/li>\n<li><span style=\"font-weight: 400;\">Di alta qualit\u00e0<\/span><\/li>\n<li><span style=\"font-weight: 400;\">La forma morbida e leggera attira l&#8217;attenzione dei pesci<\/span><\/li>\n<li><span style=\"font-weight: 400;\">Silicone super resistente<\/span><\/li>\n<\/ul>\n","protected":false},"excerpt":{"rendered":"<p><span style=\"font-weight: 400;\">Le larve in silicone sono esche per pesci realizzate in silicone morbido e di solito vengono fissate a un amo. La forma delle larve \u00e8 molto variabile e pu\u00f2 presentare un&#8217;ampia variet\u00e0 di colori. Le esche morbide possono essere spesso utilizzate per la pesca di pesci predatori come il persico, il lucioperca, il luccio, la trota, ecc. Sono adatti per la pesca su roccia, nei laghi, nei fiumi, negli stagni e nei torrenti.<\/span><\/p>\n","protected":false},"featured_media":145724,"comment_status":"closed","ping_status":"closed","template":"","meta":{"inline_featured_image":false},"product_brand":[],"product_cat":[888],"product_tag":[1774],"class_list":{"0":"post-145720","1":"product","2":"type-product","3":"status-publish","4":"has-post-thumbnail","6":"product_cat-accessori","7":"product_tag-caccia-pesca","9":"first","10":"instock","11":"taxable","12":"shipping-taxable","13":"purchasable","14":"product-type-simple"},"_links":{"self":[{"href":"https:\/\/metal-badge.ch\/it\/wp-json\/wp\/v2\/product\/145720","targetHints":{"allow":["GET"]}}],"collection":[{"href":"https:\/\/metal-badge.ch\/it\/wp-json\/wp\/v2\/product"}],"about":[{"href":"https:\/\/metal-badge.ch\/it\/wp-json\/wp\/v2\/types\/product"}],"replies":[{"embeddable":true,"href":"https:\/\/metal-badge.ch\/it\/wp-json\/wp\/v2\/comments?post=145720"}],"wp:featuredmedia":[{"embeddable":true,"href":"https:\/\/metal-badge.ch\/it\/wp-json\/wp\/v2\/media\/145724"}],"wp:attachment":[{"href":"https:\/\/metal-badge.ch\/it\/wp-json\/wp\/v2\/media?parent=145720"}],"wp:term":[{"taxonomy":"product_brand","embeddable":true,"href":"https:\/\/metal-badge.ch\/it\/wp-json\/wp\/v2\/product_brand?post=145720"},{"taxonomy":"product_cat","embeddable":true,"href":"https:\/\/metal-badge.ch\/it\/wp-json\/wp\/v2\/product_cat?post=145720"},{"taxonomy":"product_tag","embeddable":true,"href":"https:\/\/metal-badge.ch\/it\/wp-json\/wp\/v2\/product_tag?post=145720"}],"curies":[{"name":"wp","href":"https:\/\/api.w.org\/{rel}","templated":true}]}}