{"id":145700,"date":"2025-06-28T15:55:53","date_gmt":"2025-06-28T13:55:53","guid":{"rendered":"https:\/\/metal-badge.ch\/product\/145700\/cuscinetti-di-raffreddamento-a-impacco-freddo-caldo\/"},"modified":"2025-06-28T15:55:53","modified_gmt":"2025-06-28T13:55:53","slug":"cuscinetti-di-raffreddamento-a-impacco-freddo-caldo","status":"publish","type":"product","link":"https:\/\/metal-badge.ch\/it\/product\/145700\/cuscinetti-di-raffreddamento-a-impacco-freddo-caldo\/","title":{"rendered":"Cuscinetti di raffreddamento a impacco freddo-caldo"},"content":{"rendered":"<p><span style=\"font-weight: 400;\">Queste versatili compresse in gel sono adatte sia per applicazioni fredde che calde e non dovrebbero mancare nell&#8217;armadietto dei medicinali. Il trattamento a freddo con i cuscinetti refrigeranti aiuta ad alleviare il dolore di distorsioni, contusioni, mal di denti e mal di testa. La terapia a base di calore con gli impacchi caldi stimola la circolazione, allevia le tensioni e aiuta in caso di dolori mestruali, addominali e alla schiena. Grazie alla chiusura ermetica, i cuscinetti di gel refrigerante sono protetti dalle fuoriuscite. Il cuscinetto termico pu\u00f2 essere riscaldato nel microonde per un massimo di 1 minuto. Ci\u00f2 significa che il cuscinetto riscaldante \u00e8 riutilizzabile. Applicarlo quindi sulla parte del corpo, senza posizionarlo direttamente sulla pelle. Lasciare il cuscinetto termico sulla parte dolorante del corpo per circa 20 minuti. Il cuscinetto pu\u00f2 anche essere riscaldato in acqua calda a una temperatura massima di 80 \u00b0C per circa 2 o 3 minuti.&nbsp;&nbsp;&nbsp;<\/span><\/p>\n<p><b>Informazioni prodotto:&nbsp;<\/b><\/p>\n<ul>\n<li><span style=\"font-weight: 400;\">Denominazione: Cuscinetto in gel freddo-caldo<\/span><\/li>\n<li><span style=\"font-weight: 400;\">Riempimento in gel per applicazioni a caldo e a freddo<\/span><\/li>\n<li><span style=\"font-weight: 400;\">Compresse riutilizzabili fredde\/calde con riempimento in gel per l&#8217;applicazione su tutto il corpo<\/span><\/li>\n<li><span style=\"font-weight: 400;\">Terapia a base di calore: riscaldare l&#8217;impacco a bagnomaria o nel microonde, ideale per i dolori addominali e alla schiena.<\/span><\/li>\n<li><span style=\"font-weight: 400;\">Applicazione a freddo: cuscinetti refrigeranti per un efficace sollievo dal dolore in caso di mal di testa, mal di denti, contusioni, ecc.<\/span><\/li>\n<li><span style=\"font-weight: 400;\">Qualit\u00e0: cuscinetti refrigeranti in gel con chiusura ermetica per evitare fuoriuscite<\/span><\/li>\n<li><span style=\"font-weight: 400;\">Rimane modellabile fino a -18 \u00b0C \u2013 Adattamento ottimale alla rispettiva regione del corpo<\/span><\/li>\n<li><span style=\"font-weight: 400;\">Con istruzioni per l&#8217;uso sul cuscinetto in gel<\/span><\/li>\n<\/ul>\n<p><b><i>Compresse rinfrescanti in gel per il trattamento del dolore<\/i><\/b><\/p>\n<ul>\n<li><span style=\"font-weight: 400;\">Borse refrigeranti in gel in un pratico formato per viso e corpo<\/span><\/li>\n<li><span style=\"font-weight: 400;\">Per applicazioni a freddo per contusioni, punture di insetti, mal di testa e mal di denti<\/span><\/li>\n<li><span style=\"font-weight: 400;\">Per applicazioni a caldo per muscoli doloranti, mal di schiena, crampi mestruali<\/span><\/li>\n<\/ul>\n<p><b><i>Istruzioni per l&#8217;uso<\/i><\/b><\/p>\n<ul>\n<li><span style=\"font-weight: 400;\">Per applicazione a freddo: prima dell&#8217;uso, mettere per circa 2 ore in frigorifero o nel congelatore (fino a -18 \u00b0C)<\/span><\/li>\n<li><span style=\"font-weight: 400;\">Per applicazioni a caldo: scaldare per 2,5 minuti a bagnomaria (max. 80 \u00b0C) o per 1,5 minuti nel microonde (800 W)<\/span><\/li>\n<li><span style=\"font-weight: 400;\">Avvolgere in un panno leggero prima dell&#8217;uso per evitare ustioni<\/span><\/li>\n<li><span style=\"font-weight: 400;\">Utilizzo su bambini solo sotto la supervisione di un adulto<\/span><\/li>\n<li><span style=\"font-weight: 400;\">Non utilizzare le compresse per pi\u00f9 di 20 minuti<\/span><\/li>\n<li><span style=\"font-weight: 400;\">Non utilizzare mai una compressa danneggiata<\/span><\/li>\n<li><span style=\"font-weight: 400;\">Colore: blu\/bianco<\/span><\/li>\n<li><span style=\"font-weight: 400;\">Materiale: plastica (PE), gel&nbsp;<\/span><\/li>\n<li><span style=\"font-weight: 400;\">Peso: 250 g&nbsp;<\/span><\/li>\n<li><span style=\"font-weight: 400;\">Dimensioni: 22 cm x 13 cm x 1,5 cm<\/span><\/li>\n<\/ul>\n","protected":false},"excerpt":{"rendered":"<p><span style=\"font-weight: 400;\">Queste versatili compresse in gel sono adatte sia per applicazioni fredde che calde e non dovrebbero mancare nell&#8217;armadietto dei medicinali. Il trattamento a freddo con i cuscinetti refrigeranti aiuta ad alleviare il dolore di distorsioni, contusioni, mal di denti e mal di testa. La terapia a base di calore con gli impacchi caldi stimola la circolazione, allevia le tensioni e aiuta in caso di dolori mestruali, addominali e alla schiena. Grazie alla chiusura ermetica, i cuscinetti di gel refrigerante sono protetti dalle fuoriuscite. Il cuscinetto termico pu\u00f2 essere riscaldato nel microonde per un massimo di 1 minuto. Ci\u00f2 significa che il cuscinetto riscaldante \u00e8 riutilizzabile. Applicarlo quindi sulla parte del corpo, senza posizionarlo direttamente sulla pelle. Lasciare il cuscinetto termico sulla parte dolorante del corpo per circa 20 minuti. Il cuscinetto pu\u00f2 anche essere riscaldato in acqua calda a una temperatura massima di 80 \u00b0C per circa 2 o 3 minuti.<\/span><\/p>\n","protected":false},"featured_media":145697,"comment_status":"closed","ping_status":"closed","template":"","meta":{"inline_featured_image":false},"product_brand":[],"product_cat":[888],"product_tag":[1786],"class_list":{"0":"post-145700","1":"product","2":"type-product","3":"status-publish","4":"has-post-thumbnail","6":"product_cat-accessori","7":"product_tag-pronto-soccorso-soccorso","9":"first","10":"instock","11":"taxable","12":"shipping-taxable","13":"purchasable","14":"product-type-simple"},"_links":{"self":[{"href":"https:\/\/metal-badge.ch\/it\/wp-json\/wp\/v2\/product\/145700","targetHints":{"allow":["GET"]}}],"collection":[{"href":"https:\/\/metal-badge.ch\/it\/wp-json\/wp\/v2\/product"}],"about":[{"href":"https:\/\/metal-badge.ch\/it\/wp-json\/wp\/v2\/types\/product"}],"replies":[{"embeddable":true,"href":"https:\/\/metal-badge.ch\/it\/wp-json\/wp\/v2\/comments?post=145700"}],"wp:featuredmedia":[{"embeddable":true,"href":"https:\/\/metal-badge.ch\/it\/wp-json\/wp\/v2\/media\/145697"}],"wp:attachment":[{"href":"https:\/\/metal-badge.ch\/it\/wp-json\/wp\/v2\/media?parent=145700"}],"wp:term":[{"taxonomy":"product_brand","embeddable":true,"href":"https:\/\/metal-badge.ch\/it\/wp-json\/wp\/v2\/product_brand?post=145700"},{"taxonomy":"product_cat","embeddable":true,"href":"https:\/\/metal-badge.ch\/it\/wp-json\/wp\/v2\/product_cat?post=145700"},{"taxonomy":"product_tag","embeddable":true,"href":"https:\/\/metal-badge.ch\/it\/wp-json\/wp\/v2\/product_tag?post=145700"}],"curies":[{"name":"wp","href":"https:\/\/api.w.org\/{rel}","templated":true}]}}