{"id":145679,"date":"2025-06-28T07:15:19","date_gmt":"2025-06-28T05:15:20","guid":{"rendered":"https:\/\/metal-badge.ch\/?post_type=product&#038;p=145679"},"modified":"2025-06-28T07:25:04","modified_gmt":"2025-06-28T05:25:04","slug":"esca-a-forma-di-pesce-hart-skin-bait-in-confezione-da-1-pezzo-2206gl08","status":"publish","type":"product","link":"https:\/\/metal-badge.ch\/it\/product\/145679\/esca-a-forma-di-pesce-hart-skin-bait-in-confezione-da-1-pezzo-2206gl08\/","title":{"rendered":"Esca a forma di pesce Hart Skin Bait in confezione da 1 pezzo &#8211; 2206GL08"},"content":{"rendered":"<p><span style=\"font-weight: 400;\">I pesci di gomma sono esche in gomma morbida e di solito vengono fissati a un amo. La forma dei pesci di gomma \u00e8 molto variabile e pu\u00f2 imitare un&#8217;ampia variet\u00e0 di organismi viventi. La gamma di pesci in gomma \u00e8 cresciuta costantemente negli ultimi anni e oggi esistono molte variet\u00e0 e colori diversi sul mercato.<\/span><\/p>\n<p><span style=\"font-weight: 400;\">Le esche morbide possono essere spesso utilizzate per la pesca di pesci predatori come il persico, il lucioperca, il luccio, la trota, ecc. Sono adatti per la pesca su roccia, nei laghi, nei fiumi, negli stagni e nei torrenti.<\/span><\/p>\n<p><b>Esca Hart Skin Bait in confezione da 1 pezzo<\/b><\/p>\n<ul>\n<li><span style=\"font-weight: 400;\">Esca dura 2206GL08<\/span><\/li>\n<li><span style=\"font-weight: 400;\">Dotata di due ami a tre unici nella parte anteriore e posteriore<\/span><\/li>\n<li><span style=\"font-weight: 400;\">Per pesci predatori, persico, lucioperca, luccio, trota, ecc.&nbsp;&nbsp;<\/span><\/li>\n<li><span style=\"font-weight: 400;\">Senza piombatura&nbsp;<\/span><\/li>\n<li><span style=\"font-weight: 400;\">Colore: oro\/nero&nbsp;<\/span><\/li>\n<li><span style=\"font-weight: 400;\">2 ami a tre uncini<\/span><\/li>\n<li><span style=\"font-weight: 400;\">Ami di alta qualit\u00e0<\/span><\/li>\n<li><span style=\"font-weight: 400;\">Confezione da 1 pezzo<\/span><\/li>\n<li><span style=\"font-weight: 400;\">Peso: pz. 5 g \/\/ Confezione: 10 g&nbsp;<\/span><\/li>\n<li><span style=\"font-weight: 400;\">Lunghezza: 6,0 cm&nbsp;<\/span><\/li>\n<li><span style=\"font-weight: 400;\">Movimento natatorio testato e allettante<\/span><\/li>\n<li><span style=\"font-weight: 400;\">Sistema di rotazione per l&#8217;amo sul ventre per evitare che l&#8217;amo scivoli<\/span><\/li>\n<li><span style=\"font-weight: 400;\">Materiale del corpo super resistente<\/span><\/li>\n<\/ul>\n","protected":false},"excerpt":{"rendered":"<p><span style=\"font-weight: 400;\">I pesci di gomma sono esche in gomma morbida e di solito vengono fissati a un amo. La forma dei pesci di gomma \u00e8 molto variabile e pu\u00f2 imitare un&#8217;ampia variet\u00e0 di organismi viventi. La gamma di pesci in gomma \u00e8 cresciuta costantemente negli ultimi anni e oggi esistono molte variet\u00e0 e colori diversi sul mercato.<\/span><\/p>\n","protected":false},"featured_media":145683,"comment_status":"closed","ping_status":"closed","template":"","meta":{"inline_featured_image":false},"product_brand":[],"product_cat":[888],"product_tag":[1774],"class_list":{"0":"post-145679","1":"product","2":"type-product","3":"status-publish","4":"has-post-thumbnail","6":"product_cat-accessori","7":"product_tag-caccia-pesca","9":"first","10":"instock","11":"taxable","12":"shipping-taxable","13":"purchasable","14":"product-type-simple"},"_links":{"self":[{"href":"https:\/\/metal-badge.ch\/it\/wp-json\/wp\/v2\/product\/145679","targetHints":{"allow":["GET"]}}],"collection":[{"href":"https:\/\/metal-badge.ch\/it\/wp-json\/wp\/v2\/product"}],"about":[{"href":"https:\/\/metal-badge.ch\/it\/wp-json\/wp\/v2\/types\/product"}],"replies":[{"embeddable":true,"href":"https:\/\/metal-badge.ch\/it\/wp-json\/wp\/v2\/comments?post=145679"}],"wp:featuredmedia":[{"embeddable":true,"href":"https:\/\/metal-badge.ch\/it\/wp-json\/wp\/v2\/media\/145683"}],"wp:attachment":[{"href":"https:\/\/metal-badge.ch\/it\/wp-json\/wp\/v2\/media?parent=145679"}],"wp:term":[{"taxonomy":"product_brand","embeddable":true,"href":"https:\/\/metal-badge.ch\/it\/wp-json\/wp\/v2\/product_brand?post=145679"},{"taxonomy":"product_cat","embeddable":true,"href":"https:\/\/metal-badge.ch\/it\/wp-json\/wp\/v2\/product_cat?post=145679"},{"taxonomy":"product_tag","embeddable":true,"href":"https:\/\/metal-badge.ch\/it\/wp-json\/wp\/v2\/product_tag?post=145679"}],"curies":[{"name":"wp","href":"https:\/\/api.w.org\/{rel}","templated":true}]}}