{"id":145564,"date":"2025-06-27T22:35:23","date_gmt":"2025-06-27T20:35:23","guid":{"rendered":"https:\/\/metal-badge.ch\/product\/145564\/borsa-refrigerante-per-il-raffreddamento-in-varie-dimensioni\/"},"modified":"2025-06-27T22:35:23","modified_gmt":"2025-06-27T20:35:23","slug":"borsa-refrigerante-per-il-raffreddamento-in-varie-dimensioni","status":"publish","type":"product","link":"https:\/\/metal-badge.ch\/it\/product\/145564\/borsa-refrigerante-per-il-raffreddamento-in-varie-dimensioni\/","title":{"rendered":"Borsa refrigerante per il raffreddamento in varie dimensioni"},"content":{"rendered":"<p><span style=\"font-weight: 400;\">La borsa pu\u00f2 essere riempita con acqua fredda o calda e pu\u00f2 essere utilizzata per il trattamento del dolore. La borsa \u00e8 versatile e pu\u00f2 essere utilizzata per mal di denti, mal di testa, febbre, tensione muscolare, gonfiore, punture d&#8217;insetto, crampi mestruali e lesioni sportive o contusioni, per cui le borse di ghiaccio riutilizzabili non dovrebbero mancare in nessun armadietto dei medicinali. Riempita con acqua fredda, la borsa refrigerante istantanea \u00e8 subito pronta per l&#8217;uso. Grazie alle diverse misure e al tessuto in nylon elastico e morbido, avrai un impacco refrigerante adatto a ogni parte del corpo. Quando viene riempito di acqua calda, il cuscinetto refrigerante diventa una borsa dell&#8217;acqua calda e aiuta ad alleviare la tensione o i crampi. Il cuscino refrigerante ermetico \u00e8 adatto anche per l&#8217;uso in viaggio.<\/span><span style=\"font-weight: 400;\">&nbsp;<\/span><\/p>\n<p><span style=\"font-weight: 400;\">Questa comoda e pratica borsa pu\u00f2 essere utilizzata come impacco freddo o caldo.La borsa \u00e8 completamente impermeabile e pu\u00f2 essere facilmente riempita con cubetti di ghiaccio o acqua calda grazie alla sua ampia apertura. Quindi applicarlo sulla zona dolorante. In genere il fastidio si allevia molto rapidamente.<\/span><span style=\"font-weight: 400;\"><br \/>\n<\/span><span style=\"font-weight: 400;\">La borsa pu\u00f2 essere ripiegata ed \u00e8 molto facile da trasportare.<\/span><\/p>\n<p><span style=\"font-weight: 400;\">Il materiale della borsa calda\/fredda \u00e8 morbido e molto confortevole sulla pelle.<\/span><\/p>\n<p><span style=\"font-weight: 400;\">Queste borse sono disponibili nelle 3 seguenti dimensioni.&nbsp;<\/span><\/p>\n<p><b>Informazioni prodotto:&nbsp;<\/b><\/p>\n<ul>\n<li><span style=\"font-weight: 400;\">Borsa del ghiaccio\/borsa termica da riempire con cubetti di ghiaccio o acqua (fredda e calda)<\/span><\/li>\n<li><span style=\"font-weight: 400;\">Materiale: TPU \u2013 materiale termoplastico, nylon poliuretanico, alluminio<\/span><\/li>\n<li><span style=\"font-weight: 400;\">Ampia apertura con tappo a vite<\/span><\/li>\n<li><span style=\"font-weight: 400;\">Diametro apertura: 5,5 cm<\/span><\/li>\n<li><span style=\"font-weight: 400;\">Colore: blu<\/span><\/li>\n<li><span style=\"font-weight: 400;\">Borse refrigeranti riutilizzabili in 3 dimensioni per la casa e in viaggio<\/span><\/li>\n<li><span style=\"font-weight: 400;\">Impacco freddo istantaneo per armadietto dei medicinali, borsa, valigia&nbsp;<\/span><\/li>\n<li><span style=\"font-weight: 400;\">Riempire la borsa del ghiaccio solo per 2\/3<\/span><\/li>\n<li><span style=\"font-weight: 400;\">Con acqua calda per la terapia a base di calore in caso di tensione e crampi<\/span><\/li>\n<li><span style=\"font-weight: 400;\">Comodo cuscinetto refrigerante in morbido nylon per una vestibilit\u00e0 ottimale<\/span><\/li>\n<li><span style=\"font-weight: 400;\">Ampia apertura per un riempimento sicuro e tappo a vite ermetico<\/span><\/li>\n<li><span style=\"font-weight: 400;\">Ideale per: mal di testa, mal di denti, lesioni sportive, gonfiori (punture di insetti, ferite), tensione muscolare, febbre, crampi mestruali<\/span><\/li>\n<\/ul>\n<p><strong>Dimensioni:&nbsp;<\/strong><\/p>\n<ul>\n<li><span style=\"font-weight: 400;\">Lunghezza borsa grande: 26 cm \/ Peso: 130 g non riempita<\/span><\/li>\n<li><span style=\"font-weight: 400;\">Lunghezza borsa media: 23 cm \/ Peso: 100 g non riempita<\/span><\/li>\n<li><span style=\"font-weight: 400;\">Lunghezza borsa piccola: 16,0 cm \/ Peso: 70 g non riempita\n<p><\/span><\/li>\n<li><span style=\"font-weight: 400;\">Capacit\u00e0 borsa piccola: 800 ml&nbsp;<\/span><\/li>\n<li><span style=\"font-weight: 400;\">Capacit\u00e0 borsa media: 1.300 ml<\/span><\/li>\n<li><span style=\"font-weight: 400;\">Capacit\u00e0 borsa grande: 1.900 ml<\/span><\/li>\n<\/ul>\n","protected":false},"excerpt":{"rendered":"<p><span style=\"font-weight: 400;\">La borsa pu\u00f2 essere riempita con acqua fredda o calda e pu\u00f2 essere utilizzata per il trattamento del dolore. La borsa \u00e8 versatile e pu\u00f2 essere utilizzata per mal di denti, mal di testa, febbre, tensione muscolare, gonfiore, punture d&#8217;insetto, crampi mestruali e lesioni sportive o contusioni, per cui le borse di ghiaccio riutilizzabili non dovrebbero mancare in nessun armadietto dei medicinali. Riempita con acqua fredda, la borsa refrigerante istantanea \u00e8 subito pronta per l&#8217;uso. Grazie alle diverse misure e al tessuto in nylon elastico e morbido, avrai un impacco refrigerante adatto a ogni parte del corpo. Quando viene riempito di acqua calda, il cuscinetto refrigerante diventa una borsa dell&#8217;acqua calda e aiuta ad alleviare la tensione o i crampi. Il cuscino refrigerante ermetico \u00e8 adatto anche per l&#8217;uso in viaggio.<\/span><span style=\"font-weight: 400;\">&nbsp;<\/span><\/p>\n","protected":false},"featured_media":145529,"comment_status":"closed","ping_status":"closed","template":"","meta":{"inline_featured_image":false},"product_brand":[],"product_cat":[888],"product_tag":[1786],"class_list":{"0":"post-145564","1":"product","2":"type-product","3":"status-publish","4":"has-post-thumbnail","6":"product_cat-accessori","7":"product_tag-pronto-soccorso-soccorso","9":"first","10":"instock","11":"taxable","12":"shipping-taxable","13":"purchasable","14":"product-type-simple"},"_links":{"self":[{"href":"https:\/\/metal-badge.ch\/it\/wp-json\/wp\/v2\/product\/145564","targetHints":{"allow":["GET"]}}],"collection":[{"href":"https:\/\/metal-badge.ch\/it\/wp-json\/wp\/v2\/product"}],"about":[{"href":"https:\/\/metal-badge.ch\/it\/wp-json\/wp\/v2\/types\/product"}],"replies":[{"embeddable":true,"href":"https:\/\/metal-badge.ch\/it\/wp-json\/wp\/v2\/comments?post=145564"}],"wp:featuredmedia":[{"embeddable":true,"href":"https:\/\/metal-badge.ch\/it\/wp-json\/wp\/v2\/media\/145529"}],"wp:attachment":[{"href":"https:\/\/metal-badge.ch\/it\/wp-json\/wp\/v2\/media?parent=145564"}],"wp:term":[{"taxonomy":"product_brand","embeddable":true,"href":"https:\/\/metal-badge.ch\/it\/wp-json\/wp\/v2\/product_brand?post=145564"},{"taxonomy":"product_cat","embeddable":true,"href":"https:\/\/metal-badge.ch\/it\/wp-json\/wp\/v2\/product_cat?post=145564"},{"taxonomy":"product_tag","embeddable":true,"href":"https:\/\/metal-badge.ch\/it\/wp-json\/wp\/v2\/product_tag?post=145564"}],"curies":[{"name":"wp","href":"https:\/\/api.w.org\/{rel}","templated":true}]}}