{"id":145492,"date":"2025-06-27T20:38:38","date_gmt":"2025-06-27T18:38:39","guid":{"rendered":"https:\/\/metal-badge.ch\/?post_type=product&#038;p=145492"},"modified":"2025-06-27T20:47:05","modified_gmt":"2025-06-27T18:47:05","slug":"borsa-termica-ermetica-con-tracolla-35-litri-nera","status":"publish","type":"product","link":"https:\/\/metal-badge.ch\/it\/product\/145492\/borsa-termica-ermetica-con-tracolla-35-litri-nera\/","title":{"rendered":"Borsa termica ermetica con tracolla \u2013 35 litri nera"},"content":{"rendered":"<p><span style=\"font-weight: 400;\">C&#8217;\u00e8 spazio per tutto: borsa frigo con ampia capacit\u00e0. I due scomparti aggiuntivi in rete esterni offrono uno spazio extra per riporre vari ingredienti. La nostra borsa termica \u00e8 la compagna perfetta per i viaggi o per un semplice picnic. Basta inserire le bevande o gli alimenti nell&#8217;ampio scomparto della borsa ermetica\/portaoggetti e chiudere la cerniera. La borsa termica ha una capacit\u00e0 di 35 litri. In questo modo puoi portare con te cibo e bevande durante un picnic senza che si riscaldino. Compatta e comoda da trasportare: grazie alla tracolla regolabile e imbottita e alle due maniglie, la borsa termica \u00e8 facile da trasportare. E quando \u00e8 vuota, puoi ripiegarla per risparmiare spazio. Questa borsa ermetica per le attivit\u00e0 all&#8217;aperto \u00e8 facile da pulire ed \u00e8 realizzata in un robusto tessuto di nylon. Ovviamente il materiale \u00e8 sicuro per gli alimenti e privo di sostanze nocive. Nel nostro negozio puoi trovare anche elementi refrigeranti per queste borse. Oppure puoi semplicemente aggiungere del ghiaccio e il contenuto si raffredda per ore, proprio come in un frigorifero.<\/span><\/p>\n<p><b>SUGGERIMENTO:<\/b><span style=\"font-weight: 400;\"> posiziona gli elementi refrigeranti nella borsa e avvolgi le bevande in un foglio di giornale per mantenerle fredde ancora pi\u00f9 a lungo.<\/span><\/p>\n<p><b>Informazioni prodotto:<\/b><\/p>\n<ul>\n<li><span style=\"font-weight: 400;\">Denominazione: borsa frigo, ermetica, impermeabile e a tenuta<\/span><\/li>\n<li><span style=\"font-weight: 400;\">Modello: XY-B805&nbsp;<\/span><\/li>\n<li><span style=\"font-weight: 400;\">Materiale: tessuto Oxford 900D con rivestimento in PE impermeabile<\/span><\/li>\n<li><span style=\"font-weight: 400;\">Bevande perfettamente fresche anche in movimento<\/span><\/li>\n<li><span style=\"font-weight: 400;\">Pu\u00f2 essere chiusa con una cerniera a 360\u00b0<\/span><\/li>\n<li><span style=\"font-weight: 400;\">Pu\u00f2 essere facilmente ripiegata<\/span><\/li>\n<li><span style=\"font-weight: 400;\">Con tracolla imbottita e regolabile<\/span><\/li>\n<li><span style=\"font-weight: 400;\">2 maniglie per il trasporto&nbsp;<\/span><\/li>\n<li><span style=\"font-weight: 400;\">Non lascia fuoriuscire i liquidi<\/span><\/li>\n<li><span style=\"font-weight: 400;\">Con tasche a rete su entrambi i lati<\/span><\/li>\n<li><span style=\"font-weight: 400;\">Capacit\u00e0 fino a 35 litri<\/span><\/li>\n<li><span style=\"font-weight: 400;\">Colore: nero&nbsp;<\/span><\/li>\n<li><span style=\"font-weight: 400;\">Dimensioni: lunghezza x larghezza x altezza \/\/ 43 cm x 31 cm x 28 cm<\/span><\/li>\n<li><span style=\"font-weight: 400;\">Peso: 850 g <\/span><\/li>\n<\/ul>\n","protected":false},"excerpt":{"rendered":"<p><span style=\"font-weight: 400;\">C&#8217;\u00e8 spazio per tutto: borsa frigo con ampia capacit\u00e0. I due scomparti aggiuntivi in rete esterni offrono uno spazio extra per riporre vari ingredienti. La nostra borsa termica \u00e8 la compagna perfetta per i viaggi o per un semplice picnic. Basta inserire le bevande o gli alimenti nell&#8217;ampio scomparto della borsa ermetica\/portaoggetti e chiudere la cerniera. La borsa termica ha una capacit\u00e0 di 35 litri.<\/span><\/p>\n","protected":false},"featured_media":145496,"comment_status":"closed","ping_status":"closed","template":"","meta":{"inline_featured_image":false},"product_brand":[],"product_cat":[1060,888,1436],"product_tag":[1778],"class_list":{"0":"post-145492","1":"product","2":"type-product","3":"status-publish","4":"has-post-thumbnail","6":"product_cat-borse","7":"product_cat-accessori","8":"product_cat-campeggio-viaggio","9":"product_tag-campeggio-viaggio","11":"first","12":"instock","13":"taxable","14":"shipping-taxable","15":"purchasable","16":"product-type-simple"},"_links":{"self":[{"href":"https:\/\/metal-badge.ch\/it\/wp-json\/wp\/v2\/product\/145492","targetHints":{"allow":["GET"]}}],"collection":[{"href":"https:\/\/metal-badge.ch\/it\/wp-json\/wp\/v2\/product"}],"about":[{"href":"https:\/\/metal-badge.ch\/it\/wp-json\/wp\/v2\/types\/product"}],"replies":[{"embeddable":true,"href":"https:\/\/metal-badge.ch\/it\/wp-json\/wp\/v2\/comments?post=145492"}],"wp:featuredmedia":[{"embeddable":true,"href":"https:\/\/metal-badge.ch\/it\/wp-json\/wp\/v2\/media\/145496"}],"wp:attachment":[{"href":"https:\/\/metal-badge.ch\/it\/wp-json\/wp\/v2\/media?parent=145492"}],"wp:term":[{"taxonomy":"product_brand","embeddable":true,"href":"https:\/\/metal-badge.ch\/it\/wp-json\/wp\/v2\/product_brand?post=145492"},{"taxonomy":"product_cat","embeddable":true,"href":"https:\/\/metal-badge.ch\/it\/wp-json\/wp\/v2\/product_cat?post=145492"},{"taxonomy":"product_tag","embeddable":true,"href":"https:\/\/metal-badge.ch\/it\/wp-json\/wp\/v2\/product_tag?post=145492"}],"curies":[{"name":"wp","href":"https:\/\/api.w.org\/{rel}","templated":true}]}}