{"id":145186,"date":"2025-06-26T22:19:42","date_gmt":"2025-06-26T20:19:42","guid":{"rendered":"https:\/\/metal-badge.ch\/product\/145186\/sangue-artificiale-sangue-per-film-in-bottiglie-da-50-ml\/"},"modified":"2025-06-26T22:19:42","modified_gmt":"2025-06-26T20:19:42","slug":"sangue-artificiale-sangue-per-film-in-bottiglie-da-50-ml","status":"publish","type":"product","link":"https:\/\/metal-badge.ch\/it\/product\/145186\/sangue-artificiale-sangue-per-film-in-bottiglie-da-50-ml\/","title":{"rendered":"Sangue artificiale\/sangue per film in bottiglie da 50 ml"},"content":{"rendered":"<p><span style=\"font-weight: 400;\">Questo sangue finto B \u00e8 scuro come il sangue delle vene. Questo sangue ha una durata molto lunga, si asciuga lentamente e mantiene la sua lucentezza anche quando si devono fingere incidenti e tagli freschi. Il sangue pu\u00f2 essere applicato direttamente sulla pelle. Il sangue finto teatrale pu\u00f2 essere facilmente lavato via con acqua calda. Anche sui vestiti il sangue artificiale pu\u00f2 essere facilmente pulito con acqua e sapone. Questo sangue teatrale ti aiuter\u00e0 a fare un bel bagno di sangue ad Halloween. Il sangue per Halloween ha un aspetto molto realistico grazie alla tonalit\u00e0 di colore piuttosto scura, che non lascia adito a dubbi.<\/span><\/p>\n<p><span style=\"font-weight: 400;\">Che tu voglia rendere pi\u00f9 vivace il tuo costume da vampiro, zombie o serial killer, il sangue finto \u00e8 sempre la scelta giusta per Halloween! Con il sangue teatrale per Halloween, puoi creare un momento cruento in qualsiasi festa di Halloween. Naturalmente, il sangue pu\u00f2 essere utilizzato in molti modi, tra cui per corsi di medicina, esercitazioni di soccorso, film, ecc.! Il sangue finto \u00e8 innocuo e non danneggia la pelle.&nbsp;<\/span><\/p>\n<p><b>Informazioni prodotto:&nbsp;<\/b><\/p>\n<ul>\n<li><span style=\"font-weight: 400;\">Denominazione: Sangue artificiale\/sangue per film&nbsp;<\/span><\/li>\n<li><span style=\"font-weight: 400;\">Colore: rosso scuro B<\/span><\/li>\n<li><span style=\"font-weight: 400;\">Non nocivo per l&#8217;ambiente&nbsp;<\/span><\/li>\n<li><span style=\"font-weight: 400;\">Contenuto: bottiglie da 50 ml<\/span><\/li>\n<li><span style=\"font-weight: 400;\">Ingredienti: acqua \/ glicole propilenico \/ polisorbato \/ gomma di cellulosa \/ fenossietanolo \/ CI 16035 \/ sorbato di potassio \/ benzoato di sodio \/ acido citrico<\/span><\/li>\n<\/ul>\n","protected":false},"excerpt":{"rendered":"<p><span style=\"font-weight: 400;\">Questo sangue finto B \u00e8 scuro come il sangue delle vene. Questo sangue ha una durata molto lunga, si asciuga lentamente e mantiene la sua lucentezza anche quando si devono fingere incidenti e tagli freschi. Il sangue pu\u00f2 essere applicato direttamente sulla pelle. Il sangue finto teatrale pu\u00f2 essere facilmente lavato via con acqua calda. Anche sui vestiti il sangue artificiale pu\u00f2 essere facilmente pulito con acqua e sapone. Questo sangue teatrale ti aiuter\u00e0 a fare un bel bagno di sangue ad Halloween. Il sangue per Halloween ha un aspetto molto realistico grazie alla tonalit\u00e0 di colore piuttosto scura, che non lascia adito a dubbi.<\/span><\/p>\n","protected":false},"featured_media":145175,"comment_status":"closed","ping_status":"closed","template":"","meta":{"inline_featured_image":false},"product_brand":[],"product_cat":[1212,888,1348,1945],"product_tag":[1786],"class_list":{"0":"post-145186","1":"product","2":"type-product","3":"status-publish","4":"has-post-thumbnail","6":"product_cat-bambini-divertimento","7":"product_cat-accessori","8":"product_cat-accessori-per-esercito-caccia","9":"product_cat-organizzazioni-a-luce-blu-sicurezza","10":"product_tag-pronto-soccorso-soccorso","12":"first","13":"instock","14":"taxable","15":"shipping-taxable","16":"purchasable","17":"product-type-simple"},"_links":{"self":[{"href":"https:\/\/metal-badge.ch\/it\/wp-json\/wp\/v2\/product\/145186","targetHints":{"allow":["GET"]}}],"collection":[{"href":"https:\/\/metal-badge.ch\/it\/wp-json\/wp\/v2\/product"}],"about":[{"href":"https:\/\/metal-badge.ch\/it\/wp-json\/wp\/v2\/types\/product"}],"replies":[{"embeddable":true,"href":"https:\/\/metal-badge.ch\/it\/wp-json\/wp\/v2\/comments?post=145186"}],"wp:featuredmedia":[{"embeddable":true,"href":"https:\/\/metal-badge.ch\/it\/wp-json\/wp\/v2\/media\/145175"}],"wp:attachment":[{"href":"https:\/\/metal-badge.ch\/it\/wp-json\/wp\/v2\/media?parent=145186"}],"wp:term":[{"taxonomy":"product_brand","embeddable":true,"href":"https:\/\/metal-badge.ch\/it\/wp-json\/wp\/v2\/product_brand?post=145186"},{"taxonomy":"product_cat","embeddable":true,"href":"https:\/\/metal-badge.ch\/it\/wp-json\/wp\/v2\/product_cat?post=145186"},{"taxonomy":"product_tag","embeddable":true,"href":"https:\/\/metal-badge.ch\/it\/wp-json\/wp\/v2\/product_tag?post=145186"}],"curies":[{"name":"wp","href":"https:\/\/api.w.org\/{rel}","templated":true}]}}