{"id":145052,"date":"2025-06-26T07:42:12","date_gmt":"2025-06-26T05:42:12","guid":{"rendered":"https:\/\/metal-badge.ch\/?post_type=product&#038;p=145052"},"modified":"2025-06-26T07:48:11","modified_gmt":"2025-06-26T05:48:11","slug":"ascia-da-carpentiere-vigili-del-fuoco","status":"publish","type":"product","link":"https:\/\/metal-badge.ch\/it\/product\/145052\/ascia-da-carpentiere-vigili-del-fuoco\/","title":{"rendered":"Ascia da carpentiere\/vigili del fuoco"},"content":{"rendered":"<p><span style=\"font-weight: 400;\">L&#8217;ascia da carpentiere da 700 g \u00e8 uno strumento tradizionale per la lavorazione dei tronchi rotondi. La testa di questa accetta \u00e8 realizzata in acciaio forgiato. Il manico \u00e8 in legno di frassino ed \u00e8 incastrato in 2 punti.<\/span><\/p>\n<p><b>Informazioni prodotto:<\/b><\/p>\n<ul>\n<li><span style=\"font-weight: 400;\">Descrizione: accetta da carpentiere&nbsp;<\/span><\/li>\n<li><span style=\"font-weight: 400;\">Materiale testa: acciaio forgiato&nbsp;<\/span><\/li>\n<li><span style=\"font-weight: 400;\">Materiale manico: legno di frassino<\/span><\/li>\n<li><span style=\"font-weight: 400;\">Colore: rosso&nbsp;<\/span><\/li>\n<li><span style=\"font-weight: 400;\">Lunghezza del manico: 38 cm<\/span><\/li>\n<li><span style=\"font-weight: 400;\">Peso: 700 g<\/span><\/li>\n<\/ul>\n","protected":false},"excerpt":{"rendered":"<p><span style=\"font-weight: 400;\">L&#8217;ascia da carpentiere da 700 g \u00e8 uno strumento tradizionale per la lavorazione dei tronchi rotondi. La testa di questa accetta \u00e8 realizzata in acciaio forgiato. Il manico \u00e8 in legno di frassino ed \u00e8 incastrato in 2 punti.<\/span><\/p>\n","protected":false},"featured_media":145056,"comment_status":"closed","ping_status":"closed","template":"","meta":{"inline_featured_image":false},"product_brand":[],"product_cat":[1036,888],"product_tag":[],"class_list":{"0":"post-145052","1":"product","2":"type-product","3":"status-publish","4":"has-post-thumbnail","6":"product_cat-coltelli-machete","7":"product_cat-accessori","9":"first","10":"instock","11":"taxable","12":"shipping-taxable","13":"purchasable","14":"product-type-simple"},"_links":{"self":[{"href":"https:\/\/metal-badge.ch\/it\/wp-json\/wp\/v2\/product\/145052","targetHints":{"allow":["GET"]}}],"collection":[{"href":"https:\/\/metal-badge.ch\/it\/wp-json\/wp\/v2\/product"}],"about":[{"href":"https:\/\/metal-badge.ch\/it\/wp-json\/wp\/v2\/types\/product"}],"replies":[{"embeddable":true,"href":"https:\/\/metal-badge.ch\/it\/wp-json\/wp\/v2\/comments?post=145052"}],"wp:featuredmedia":[{"embeddable":true,"href":"https:\/\/metal-badge.ch\/it\/wp-json\/wp\/v2\/media\/145056"}],"wp:attachment":[{"href":"https:\/\/metal-badge.ch\/it\/wp-json\/wp\/v2\/media?parent=145052"}],"wp:term":[{"taxonomy":"product_brand","embeddable":true,"href":"https:\/\/metal-badge.ch\/it\/wp-json\/wp\/v2\/product_brand?post=145052"},{"taxonomy":"product_cat","embeddable":true,"href":"https:\/\/metal-badge.ch\/it\/wp-json\/wp\/v2\/product_cat?post=145052"},{"taxonomy":"product_tag","embeddable":true,"href":"https:\/\/metal-badge.ch\/it\/wp-json\/wp\/v2\/product_tag?post=145052"}],"curies":[{"name":"wp","href":"https:\/\/api.w.org\/{rel}","templated":true}]}}