{"id":145036,"date":"2025-06-26T07:25:38","date_gmt":"2025-06-26T05:25:39","guid":{"rendered":"https:\/\/metal-badge.ch\/?post_type=product&#038;p=145036"},"modified":"2025-06-26T07:35:03","modified_gmt":"2025-06-26T05:35:03","slug":"ascia-universale-ascia-holzer-2","status":"publish","type":"product","link":"https:\/\/metal-badge.ch\/it\/product\/145036\/ascia-universale-ascia-holzer-2\/","title":{"rendered":"Ascia universale\/ascia Holzer"},"content":{"rendered":"<p><span style=\"font-weight: 400;\">Questa ascia universale Profiline da 1600 g \u00e8 il partner ideale per la silvicoltura e il giardinaggio e pu\u00f2 essere utilizzata in molti modi all&#8217;aperto. La testa dell&#8217;ascia \u00e8 realizzata in acciaio forgiato e trattato termicamente. La superficie del manico \u00e8 levigata e verniciata di rosso. La testa dell&#8217;ascia \u00e8 fissata saldamente al manico con un incavo. Con il suo peso bilanciato, l&#8217;ascia \u00e8 facile da maneggiare e allo stesso tempo offre la forza necessaria.<\/span><\/p>\n<p><b>Informazioni prodotto:<\/b><\/p>\n<ul>\n<li><span style=\"font-weight: 400;\">Descrizione: ascia Profiline&nbsp;<\/span><\/li>\n<li><span style=\"font-weight: 400;\">Lama lucidata<\/span><\/li>\n<li><span style=\"font-weight: 400;\">Materiale testa dell&#8217;ascia: acciaio forgiato&nbsp;<\/span><\/li>\n<li><span style=\"font-weight: 400;\">Materiale manico: legno di frassino<\/span><\/li>\n<li><span style=\"font-weight: 400;\">Colore: rosso&nbsp;<\/span><\/li>\n<li><span style=\"font-weight: 400;\">Lunghezza del manico: 70 cm<\/span><\/li>\n<li><span style=\"font-weight: 400;\">Peso: 1,6 kg<\/span><\/li>\n<\/ul>\n","protected":false},"excerpt":{"rendered":"<p><span style=\"font-weight: 400;\">Questa ascia universale Profiline da 1600 g \u00e8 il partner ideale per la silvicoltura e il giardinaggio e pu\u00f2 essere utilizzata in molti modi all&#8217;aperto. La testa dell&#8217;ascia \u00e8 realizzata in acciaio forgiato e trattato termicamente. La superficie del manico \u00e8 levigata e verniciata di rosso. La testa dell&#8217;ascia \u00e8 fissata saldamente al manico con un incavo. Con il suo peso bilanciato, l&#8217;ascia \u00e8 facile da maneggiare e allo stesso tempo offre la forza necessaria.<\/span><\/p>\n","protected":false},"featured_media":145040,"comment_status":"closed","ping_status":"closed","template":"","meta":{"inline_featured_image":false},"product_brand":[],"product_cat":[1036,888],"product_tag":[],"class_list":{"0":"post-145036","1":"product","2":"type-product","3":"status-publish","4":"has-post-thumbnail","6":"product_cat-coltelli-machete","7":"product_cat-accessori","9":"first","10":"instock","11":"taxable","12":"shipping-taxable","13":"purchasable","14":"product-type-simple"},"_links":{"self":[{"href":"https:\/\/metal-badge.ch\/it\/wp-json\/wp\/v2\/product\/145036","targetHints":{"allow":["GET"]}}],"collection":[{"href":"https:\/\/metal-badge.ch\/it\/wp-json\/wp\/v2\/product"}],"about":[{"href":"https:\/\/metal-badge.ch\/it\/wp-json\/wp\/v2\/types\/product"}],"replies":[{"embeddable":true,"href":"https:\/\/metal-badge.ch\/it\/wp-json\/wp\/v2\/comments?post=145036"}],"wp:featuredmedia":[{"embeddable":true,"href":"https:\/\/metal-badge.ch\/it\/wp-json\/wp\/v2\/media\/145040"}],"wp:attachment":[{"href":"https:\/\/metal-badge.ch\/it\/wp-json\/wp\/v2\/media?parent=145036"}],"wp:term":[{"taxonomy":"product_brand","embeddable":true,"href":"https:\/\/metal-badge.ch\/it\/wp-json\/wp\/v2\/product_brand?post=145036"},{"taxonomy":"product_cat","embeddable":true,"href":"https:\/\/metal-badge.ch\/it\/wp-json\/wp\/v2\/product_cat?post=145036"},{"taxonomy":"product_tag","embeddable":true,"href":"https:\/\/metal-badge.ch\/it\/wp-json\/wp\/v2\/product_tag?post=145036"}],"curies":[{"name":"wp","href":"https:\/\/api.w.org\/{rel}","templated":true}]}}