{"id":144960,"date":"2025-06-26T05:26:36","date_gmt":"2025-06-26T03:26:36","guid":{"rendered":"https:\/\/metal-badge.ch\/product\/144960\/manette-asp-ultra-cuff-rigida-in-acciaio-inox-nere\/"},"modified":"2025-06-26T05:53:40","modified_gmt":"2025-06-26T03:53:40","slug":"manette-asp-ultra-cuff-rigida-in-acciaio-inox-nere","status":"publish","type":"product","link":"https:\/\/metal-badge.ch\/it\/product\/144960\/manette-asp-ultra-cuff-rigida-in-acciaio-inox-nere\/","title":{"rendered":"Manette ASP Ultra Cuff rigida in acciaio inox, nere"},"content":{"rendered":"<p><span style=\"font-weight: 400;\">Le <\/span><b>ASP Ultra Cuffs<\/b><span style=\"font-weight: 400;\"> sono un&#8217;innovazione nel campo della tecnologia di immobilizzazione; con lo sviluppo di materiali, il design intelligente e alcuni piccoli trucchi \u00e8 stata introdotta sul mercato una serie di manette che fanno sembrare tutto ci\u00f2 che c&#8217;era prima letteralmente vecchio. Le <\/span><b>Ultra Cuffs<\/b><span style=\"font-weight: 400;\"> sono disponibili in diverse combinazioni di materiali (qui in alluminio e acciaio combinati) e con diverse connessioni: catena, giunto o rigido. L&#8217;articolo proposto ha una parte centrale fissa e rigida tra i due archi ed \u00e8 quindi un&#8217;alternativa importante in casi di durezza e resistenza.<\/span><\/p>\n<p><span style=\"font-weight: 400;\">La struttura sicura delle <\/span><b>Ultra-Cuffs<\/b><span style=\"font-weight: 400;\"> con sezione centrale rigida stabilizza gli urti ed \u00e8 sicuramente la costruzione pi\u00f9 restrittiva della serie ASP Tactical. Il ponte che collega i due archi \u00e8 ergonomico e quindi ottimale da afferrare: la protezione sagomata della mano riduce il rischio di lesioni quando si afferrano le manette e rende la presa pi\u00f9 sicura. Come tutte le manette ASP Tactical, anche il design rigido \u00e8 realizzato con un telaio in alluminio 7075 forgiato, piatto nel profilo ed estremamente leggero. Gli archi conici e il profilo piatto, cos\u00ec come i bordi arrotondati, rendono le manette particolarmente facili da usare e maneggiare. Il design a raggio riduce il potenziale di lesioni causate da un eccessivo carico trasversale.<\/span><\/p>\n<p><span style=\"font-weight: 400;\">Grazie alla doppia chiave \u2013 entrambi i lati delle manette possono essere azionati \u2013 e a un doppio indicatore di blocco chiaramente visibile, le manette sono molto pi\u00f9 facili da usare.<\/span><\/p>\n<p><span style=\"font-weight: 400;\">Le sottili e leggere Rigid Cuffs della serie ASP Ultra Cuffs non rappresentano solo un progresso in termini di peso e maneggevolezza, ma anche un nuovo punto di riferimento in termini di controllabilit\u00e0.<\/span><\/p>\n<p><b>Informazioni prodotto:&nbsp;<\/b><\/p>\n<ul>\n<li><span style=\"font-weight: 400;\">Set di serrature intercambiabili<\/span><\/li>\n<li><span style=\"font-weight: 400;\">Ponte rinforzato<\/span><\/li>\n<li><span style=\"font-weight: 400;\">Lunghezza: 23,2 cm<\/span><\/li>\n<li><span style=\"font-weight: 400;\">Larghezza: 7,94 cm<\/span><\/li>\n<li><span style=\"font-weight: 400;\">Peso: 352 g<\/span><\/li>\n<\/ul>\n","protected":false},"excerpt":{"rendered":"<p><span style=\"font-weight: 400;\">Le <\/span><b>ASP Ultra Cuffs<\/b><span style=\"font-weight: 400;\"> sono un&#8217;innovazione nel campo della tecnologia di immobilizzazione; con lo sviluppo di materiali, il design intelligente e alcuni piccoli trucchi \u00e8 stata introdotta sul mercato una serie di manette che fanno sembrare tutto ci\u00f2 che c&#8217;era prima letteralmente vecchio. Le <\/span><b>Ultra Cuffs<\/b><span style=\"font-weight: 400;\"> sono disponibili in diverse combinazioni di materiali (qui in alluminio e acciaio combinati) e con diverse connessioni: catena, giunto o rigido. L&#8217;articolo proposto ha una parte centrale fissa e rigida tra i due archi ed \u00e8 quindi un&#8217;alternativa importante in casi di durezza e resistenza.<\/span><\/p>\n","protected":false},"featured_media":144957,"comment_status":"closed","ping_status":"closed","template":"","meta":{"inline_featured_image":false},"product_brand":[],"product_cat":[1464,888],"product_tag":[],"class_list":{"0":"post-144960","1":"product","2":"type-product","3":"status-publish","4":"has-post-thumbnail","6":"product_cat-manette-cavigliere-zak-tool","7":"product_cat-accessori","9":"first","10":"instock","11":"taxable","12":"shipping-taxable","13":"purchasable","14":"product-type-simple"},"_links":{"self":[{"href":"https:\/\/metal-badge.ch\/it\/wp-json\/wp\/v2\/product\/144960","targetHints":{"allow":["GET"]}}],"collection":[{"href":"https:\/\/metal-badge.ch\/it\/wp-json\/wp\/v2\/product"}],"about":[{"href":"https:\/\/metal-badge.ch\/it\/wp-json\/wp\/v2\/types\/product"}],"replies":[{"embeddable":true,"href":"https:\/\/metal-badge.ch\/it\/wp-json\/wp\/v2\/comments?post=144960"}],"wp:featuredmedia":[{"embeddable":true,"href":"https:\/\/metal-badge.ch\/it\/wp-json\/wp\/v2\/media\/144957"}],"wp:attachment":[{"href":"https:\/\/metal-badge.ch\/it\/wp-json\/wp\/v2\/media?parent=144960"}],"wp:term":[{"taxonomy":"product_brand","embeddable":true,"href":"https:\/\/metal-badge.ch\/it\/wp-json\/wp\/v2\/product_brand?post=144960"},{"taxonomy":"product_cat","embeddable":true,"href":"https:\/\/metal-badge.ch\/it\/wp-json\/wp\/v2\/product_cat?post=144960"},{"taxonomy":"product_tag","embeddable":true,"href":"https:\/\/metal-badge.ch\/it\/wp-json\/wp\/v2\/product_tag?post=144960"}],"curies":[{"name":"wp","href":"https:\/\/api.w.org\/{rel}","templated":true}]}}