{"id":144876,"date":"2025-06-26T01:33:46","date_gmt":"2025-06-25T23:33:46","guid":{"rendered":"https:\/\/metal-badge.ch\/product\/144876\/okadu-robusta-lampada-da-intervento-con-3000-lumen\/"},"modified":"2025-06-26T01:33:46","modified_gmt":"2025-06-25T23:33:46","slug":"okadu-robusta-lampada-da-intervento-con-3000-lumen","status":"publish","type":"product","link":"https:\/\/metal-badge.ch\/it\/product\/144876\/okadu-robusta-lampada-da-intervento-con-3000-lumen\/","title":{"rendered":"OKADU Robusta lampada da intervento con 3000 Lumen"},"content":{"rendered":"<p><span style=\"font-weight: 400;\">Robusta lampada a LED a luce bianca con 4 batterie per utilizzi extra lunghi disponibile in varie dimensioni. Si adatta bene alla mano e, con una portata fino a 500 m e un cono di luce luminoso, \u00e8 uno strumento affidabile per le organizzazioni di soccorso notturno, la caccia, il campeggio e il tempo libero. Anche con la carica della batteria in diminuzione, questa lampada offre 3 modalit\u00e0 di illuminazione a luce costante: High\/LOW e stroboscopio. La lampada si accende e si spegne con il pulsante superiore e i programmi di illuminazione si attivano con una leggera pressione. La luce stroboscopica \u00e8 un punto di forza che pu\u00f2 essere utile in situazioni di emergenza. Tempo di utilizzo da 7 a 18 ore a seconda del programma. 4 X batterie agli ioni di litio in formato 18650 per l&#8217;alimentazione sono incluse nel prezzo. La durata della batteria completamente carica e le diverse intensit\u00e0 luminose variano da 7 a 18 ore. Il design nero opaco della torcia a LED in alluminio aeronautico \u00e8 intramontabile e molto resistente ai graffi. La torcia \u00e8 resistente alla polvere e agli spruzzi d&#8217;acqua IP67.<\/span><\/p>\n<p><b>Informazioni prodotto:<\/b><\/p>\n<ul>\n<li><span style=\"font-weight: 400;\">Descrizione: torcia da lavoro&nbsp;<\/span><\/li>\n<li><span style=\"font-weight: 400;\">Modello: Okadu OK-ST03K \/ 3 T6 LED<\/span><span style=\"font-weight: 400;\"><br \/>\n<\/span><\/li>\n<li><span style=\"font-weight: 400;\">Colore: nero opaco<\/span><span style=\"font-weight: 400;\"><br \/>\n<\/span><\/li>\n<li><span style=\"font-weight: 400;\">Tipo: torcia a LED<\/span><span style=\"font-weight: 400;\"><br \/>\n<\/span><\/li>\n<li><span style=\"font-weight: 400;\">Materiale: lega di alluminio<\/span><span style=\"font-weight: 400;\"><br \/>\n<\/span><\/li>\n<li><span style=\"font-weight: 400;\">Numero di lampade: XM-L T6 3 LED<\/span><span style=\"font-weight: 400;\"><br \/>\n<\/span><\/li>\n<li><span style=\"font-weight: 400;\">Lumen: 3000 LM<\/span><span style=\"font-weight: 400;\"><br \/>\n<\/span><\/li>\n<li><span style=\"font-weight: 400;\">Peso: 480 g incl. 4 batterie<\/span><\/li>\n<li><span style=\"font-weight: 400;\">Batteria: 18650 batteria agli ioni di litio<\/span><\/li>\n<li><span style=\"font-weight: 400;\">Cinturino da polso<\/span><span style=\"font-weight: 400;\"><br \/>\n<\/span><\/li>\n<li><span style=\"font-weight: 400;\">Colore della luce: bianco<\/span><\/li>\n<li><span style=\"font-weight: 400;\">Impermeabile: IP67<\/span><span style=\"font-weight: 400;\"><br \/>\n<\/span><\/li>\n<li><span style=\"font-weight: 400;\">3 modalit\u00e0 di illuminazione<\/span><span style=\"font-weight: 400;\"><br \/>\n<\/span><\/li>\n<li><span style=\"font-weight: 400;\">Dimensioni: lunghezza 13 cm<\/span><span style=\"font-weight: 400;\"><br \/>\n<\/span><\/li>\n<li><span style=\"font-weight: 400;\">Diametro testa: 6,0 cm<\/span><span style=\"font-weight: 400;\"><br \/>\n<\/span><\/li>\n<li><span style=\"font-weight: 400;\">Incl. Scatola di imballaggio<\/span><\/li>\n<\/ul>\n<p><b><i>La lampada \u00e8 disponibile anche con: 3T6 LED, 4T6 LED, 5T6 LED, 6T6 LED, 7T6 LED&nbsp;<\/i><\/b><\/p>\n<p><span style=\"font-weight: 400;\">Le batterie sono disponibili anche singolarmente. TF 18650\/3000 mAh\/3,7 V Li-ion Prezzo da 12.al pz.&nbsp;<\/span><span style=\"font-weight: 400;\"><br \/>\n<\/span><span style=\"font-weight: 400;\">Inoltre, offriamo anche caricabatterie per le nostre batterie.<\/span><\/p>\n","protected":false},"excerpt":{"rendered":"<p><span style=\"font-weight: 400;\">Robusta lampada a LED a luce bianca con 4 batterie per utilizzi extra lunghi disponibile in varie dimensioni. Si adatta bene alla mano e, con una portata fino a 500 m e un cono di luce luminoso, \u00e8 uno strumento affidabile per le organizzazioni di soccorso notturno, la caccia, il campeggio e il tempo libero. Anche con la carica della batteria in diminuzione, questa lampada offre 3 modalit\u00e0 di illuminazione a luce costante: High\/LOW e stroboscopio.<\/span><\/p>\n","protected":false},"featured_media":144853,"comment_status":"closed","ping_status":"closed","template":"","meta":{"inline_featured_image":false},"product_brand":[],"product_cat":[1344],"product_tag":[],"class_list":{"0":"post-144876","1":"product","2":"type-product","3":"status-publish","4":"has-post-thumbnail","6":"product_cat-lampade-lampadina-tascabile","8":"first","9":"instock","10":"taxable","11":"shipping-taxable","12":"purchasable","13":"product-type-simple"},"_links":{"self":[{"href":"https:\/\/metal-badge.ch\/it\/wp-json\/wp\/v2\/product\/144876","targetHints":{"allow":["GET"]}}],"collection":[{"href":"https:\/\/metal-badge.ch\/it\/wp-json\/wp\/v2\/product"}],"about":[{"href":"https:\/\/metal-badge.ch\/it\/wp-json\/wp\/v2\/types\/product"}],"replies":[{"embeddable":true,"href":"https:\/\/metal-badge.ch\/it\/wp-json\/wp\/v2\/comments?post=144876"}],"wp:featuredmedia":[{"embeddable":true,"href":"https:\/\/metal-badge.ch\/it\/wp-json\/wp\/v2\/media\/144853"}],"wp:attachment":[{"href":"https:\/\/metal-badge.ch\/it\/wp-json\/wp\/v2\/media?parent=144876"}],"wp:term":[{"taxonomy":"product_brand","embeddable":true,"href":"https:\/\/metal-badge.ch\/it\/wp-json\/wp\/v2\/product_brand?post=144876"},{"taxonomy":"product_cat","embeddable":true,"href":"https:\/\/metal-badge.ch\/it\/wp-json\/wp\/v2\/product_cat?post=144876"},{"taxonomy":"product_tag","embeddable":true,"href":"https:\/\/metal-badge.ch\/it\/wp-json\/wp\/v2\/product_tag?post=144876"}],"curies":[{"name":"wp","href":"https:\/\/api.w.org\/{rel}","templated":true}]}}