{"id":144712,"date":"2025-06-25T22:28:48","date_gmt":"2025-06-25T20:28:48","guid":{"rendered":"https:\/\/metal-badge.ch\/?post_type=product&#038;p=144712"},"modified":"2025-06-25T23:08:16","modified_gmt":"2025-06-25T21:08:16","slug":"giacca-forestale-timbermen-con-pantaloni-allround","status":"publish","type":"product","link":"https:\/\/metal-badge.ch\/it\/product\/144712\/giacca-forestale-timbermen-con-pantaloni-allround\/","title":{"rendered":"Giacca forestale Timbermen con pantaloni Allround"},"content":{"rendered":"<p><span style=\"font-weight: 400;\">La robusta e versatile giacca forestale <\/span><b>Timbermen<\/b><span style=\"font-weight: 400;\"> con pantaloni Allround offre il miglior comfort e un&#8217;elevata traspirabilit\u00e0. \u00c8 ideale per un uso professionale in tutto ci\u00f2 che riguarda la silvicoltura, i boschi e la natura.<\/span><\/p>\n<p><span style=\"font-weight: 400;\">La giacca forestale con pantaloni \u00e8 il compagno ideale per lavorare nei boschi e sul campo. Realizzata in 90% poliestere e 10% spandex, con gomiti, ginocchia, glutei e cavallo protetti da tessuto Cordura impermeabile. Grazie ai colori vivaci e alla striscia luminosa riflettente, sarai sempre ben visibile. Il tessuto in poliestere elasticizzato traspirante garantisce un comfort ottimale. I pantaloni sono dotati di due ampie tasche con cerniera sul davanti a destra e a sinistra, due ampie tasche con velcro sulle gambe a destra e a sinistra e una tasca posteriore a destra con cerniera. Inoltre, i pantaloni sono dotati su entrambi i lati di ventilazione con cerniera nella zona posteriore del ginocchio. All&#8217;interno, i pantaloni e la giacca sono dotati di un tessuto a rete che assorbe il sudore. La cintura \u00e8 elastica e dotata di 5 passanti per cintura. La patta \u00e8 dotata di bottone automatico e cerniera YKK.&nbsp;<\/span><\/p>\n<p><span style=\"font-weight: 400;\">Giacca da lavoro leggera ed elasticizzata con colori accattivanti per una maggiore visibilit\u00e0. Polsini interni elasticizzati su entrambi i lati, colletto alla coreana, due ampie tasche con cerniera all&#8217;esterno, due tasche con cerniera sul petto e una tasca interna in velcro completano il design.&nbsp;<\/span><\/p>\n<p><b>Informazioni prodotto:&nbsp;<\/b><\/p>\n<ul>\n<li><span style=\"font-weight: 400;\">Descrizione: giacca forestale Timbermen con pantaloni Allround<\/span><span style=\"font-weight: 400;\"><br \/>\n<\/span><\/li>\n<li><span style=\"font-weight: 400;\">Elevata traspirabilit\u00e0<\/span><span style=\"font-weight: 400;\"><br \/>\n<\/span><\/li>\n<li><span style=\"font-weight: 400;\">Cerniere resistenti allo sporco<\/span><span style=\"font-weight: 400;\"><br \/>\n<\/span><\/li>\n<li><span style=\"font-weight: 400;\">Particolarmente piacevole, leggero e comodo da indossare<\/span><span style=\"font-weight: 400;\"><br \/>\n<\/span><\/li>\n<li><span style=\"font-weight: 400;\">Materiale: 90% poliestere\/10% spandex<\/span><span style=\"font-weight: 400;\"><br \/>\n<\/span><\/li>\n<li><span style=\"font-weight: 400;\">Tessuto Cordura impermeabile rinforzato su glutei, ginocchia e gomiti<\/span><span style=\"font-weight: 400;\"><br \/>\n<\/span><\/li>\n<li><span style=\"font-weight: 400;\">Colore: rosso\/giallo fluorescente\/nero<\/span><span style=\"font-weight: 400;\"><br \/>\n<\/span><\/li>\n<li><span style=\"font-weight: 400;\">GSM: 160 g\/m\u00b2<\/span><span style=\"font-weight: 400;\"><br \/>\n<\/span><\/li>\n<li><span style=\"font-weight: 400;\">Tessuto interno: tessuto a rete che assorbe il sudore <\/span><span style=\"font-weight: 400;\"><br \/>\n<\/span><\/li>\n<li><span style=\"font-weight: 400;\">Pantaloni: ventilazione con cerniera su entrambi i lati nella zona del ginocchio<\/span><span style=\"font-weight: 400;\"><br \/>\n<\/span><\/li>\n<li><span style=\"font-weight: 400;\">Protezione antitaglio<\/span><\/li>\n<\/ul>\n<p><b>Pantaloni: <\/b><b><br \/>\n<\/b><\/p>\n<ul>\n<li><span style=\"font-weight: 400;\">2 tasche anteriori con cerniera<\/span><b><br \/>\n<\/b><\/li>\n<li><span style=\"font-weight: 400;\">2 tasche sulle gambe con velcro <\/span><b><br \/>\n<\/b><\/li>\n<li><span style=\"font-weight: 400;\">1x tasca posteriore con cerniera a destra<\/span><b><br \/>\n<\/b><\/li>\n<li><span style=\"font-weight: 400;\">Cintura elastica <\/span><b><br \/>\n<\/b><\/li>\n<li><span style=\"font-weight: 400;\">5 passanti per cintura altezza 7 cm<\/span><b><br \/>\n<\/b><\/li>\n<li><span style=\"font-weight: 400;\">Patta con bottone automatico e cerniera YKK<\/span><\/li>\n<\/ul>\n<p><b>Giacca:<\/b><\/p>\n<ul>\n<li><span style=\"font-weight: 400;\">Con strisce riflettenti a tutto tondo<\/span><b><br \/>\n<\/b><\/li>\n<li><span style=\"font-weight: 400;\">Colletto alla coreana\/risvoltato<\/span><b><br \/>\n<\/b><\/li>\n<li><span style=\"font-weight: 400;\">2 tasche sul petto con cerniera<\/span><b><br \/>\n<\/b><\/li>\n<li><span style=\"font-weight: 400;\">2 tasche esterne con cerniera <\/span><b><br \/>\n<\/b><\/li>\n<li><span style=\"font-weight: 400;\">1x tasca interna con velcro a sinistra<\/span><b><br \/>\n<\/b><\/li>\n<li><span style=\"font-weight: 400;\">Polsini interni elasticizzati su entrambi i lati<\/span><\/li>\n<\/ul>\n<p><b><\/b><b>Indicazioni di lavaggio:<\/b><b><br \/>\n<\/b><\/p>\n<ul>\n<li><span style=\"font-weight: 400;\">lavare in lavatrice a 40 \u00b0C<\/span><span style=\"font-weight: 400;\"><br \/>\n<\/span><\/li>\n<li><span style=\"font-weight: 400;\">Non stirare<\/span><span style=\"font-weight: 400;\"><br \/>\n<\/span><\/li>\n<li><span style=\"font-weight: 400;\">Peso: 820 g (taglia L) Pantaloni con giacca<\/span><span style=\"font-weight: 400;\"><br \/>\n<\/span><\/li>\n<li><span style=\"font-weight: 400;\">Taglie: S, M, L, XL, 2XL, 3XL <\/span><b><br \/>\n<\/b><\/li>\n<li><span style=\"font-weight: 400;\">Prezzo pantaloni con giacca<\/span><\/li>\n<\/ul>\n","protected":false},"excerpt":{"rendered":"<p><span style=\"font-weight: 400;\">La robusta e versatile giacca forestale <\/span><b>Timbermen<\/b><span style=\"font-weight: 400;\"> con pantaloni Allround offre il miglior comfort e un&#8217;elevata traspirabilit\u00e0. \u00c8 ideale per un uso professionale in tutto ci\u00f2 che riguarda la silvicoltura, i boschi e la natura.<\/span><\/p>\n<p><span style=\"font-weight: 400;\">La giacca forestale con pantaloni \u00e8 il compagno ideale per lavorare nei boschi e sul campo. Realizzata in 90% poliestere e 10% spandex, con gomiti, ginocchia, glutei e cavallo protetti da tessuto Cordura impermeabile. Grazie ai colori vivaci e alla striscia luminosa riflettente, sarai sempre ben visibile.<\/span><\/p>\n","protected":false},"featured_media":144792,"comment_status":"closed","ping_status":"closed","template":"","meta":{"inline_featured_image":false},"product_brand":[],"product_cat":[1607],"product_tag":[],"class_list":{"0":"post-144712","1":"product","2":"type-product","3":"status-publish","4":"has-post-thumbnail","6":"product_cat-abbigliamento-segnaletico-rifrangente","8":"first","9":"instock","10":"taxable","11":"shipping-taxable","12":"purchasable","13":"product-type-simple"},"_links":{"self":[{"href":"https:\/\/metal-badge.ch\/it\/wp-json\/wp\/v2\/product\/144712","targetHints":{"allow":["GET"]}}],"collection":[{"href":"https:\/\/metal-badge.ch\/it\/wp-json\/wp\/v2\/product"}],"about":[{"href":"https:\/\/metal-badge.ch\/it\/wp-json\/wp\/v2\/types\/product"}],"replies":[{"embeddable":true,"href":"https:\/\/metal-badge.ch\/it\/wp-json\/wp\/v2\/comments?post=144712"}],"wp:featuredmedia":[{"embeddable":true,"href":"https:\/\/metal-badge.ch\/it\/wp-json\/wp\/v2\/media\/144792"}],"wp:attachment":[{"href":"https:\/\/metal-badge.ch\/it\/wp-json\/wp\/v2\/media?parent=144712"}],"wp:term":[{"taxonomy":"product_brand","embeddable":true,"href":"https:\/\/metal-badge.ch\/it\/wp-json\/wp\/v2\/product_brand?post=144712"},{"taxonomy":"product_cat","embeddable":true,"href":"https:\/\/metal-badge.ch\/it\/wp-json\/wp\/v2\/product_cat?post=144712"},{"taxonomy":"product_tag","embeddable":true,"href":"https:\/\/metal-badge.ch\/it\/wp-json\/wp\/v2\/product_tag?post=144712"}],"curies":[{"name":"wp","href":"https:\/\/api.w.org\/{rel}","templated":true}]}}