{"id":144652,"date":"2025-06-25T21:43:53","date_gmt":"2025-06-25T19:43:54","guid":{"rendered":"https:\/\/metal-badge.ch\/?post_type=product&#038;p=144652"},"modified":"2025-06-25T21:54:46","modified_gmt":"2025-06-25T19:54:46","slug":"pantaloni-di-protezione-robusti-in-giallo-fluorescente-nero","status":"publish","type":"product","link":"https:\/\/metal-badge.ch\/it\/product\/144652\/pantaloni-di-protezione-robusti-in-giallo-fluorescente-nero\/","title":{"rendered":"Pantaloni di protezione robusti in giallo fluorescente-nero"},"content":{"rendered":"<p><span style=\"font-weight: 400;\">I pantaloni da lavoro in giallo fluorescente con strisce riflettenti soddisfano i requisiti della norma EN 20471 e garantiscono quindi un&#8217;elevata visibilit\u00e0 e sicurezza in condizioni di scarsa illuminazione o al buio. L&#8217;accattivante colore fluorescente e gli elementi riflettenti strategicamente posizionati assicurano che chi li indossa sia chiaramente visibile anche da lontano: un fattore di sicurezza decisivo, soprattutto in settori come la costruzione di strade, i cantieri o i lavori all&#8217;aperto.&nbsp;<\/span><\/p>\n<p><span style=\"font-weight: 400;\">Questi pantaloni ad alta visibilit\u00e0 sono perfetti per il lavoro quotidiano. Sono resistenti allo sporco e offrono un&#8217;elevata visibilit\u00e0 secondo la norma EN ISO 20471 \u2013 Classe 2 e Gruppo Hi-Vis. I pantaloni da lavoro HiVis sono realizzati in tessuto Star particolarmente robusto, caratterizzato da un&#8217;elevata durata. Inoltre, i pantaloni sono dotati di due tasche posteriori con cerniera, pratiche tasche che offrono spazio sufficiente per strumenti, smartphone e altri utensili da lavoro, in modo che siano sempre a portata di mano. La lavorazione robusta e le cuciture rinforzate rendono i pantaloni particolarmente durevoli e resistenti, mentre la vestibilit\u00e0 ergonomica garantisce un elevato comfort, anche durante i lavori pi\u00f9 lunghi. Le bordature riflettenti offrono una visibilit\u00e0 ancora maggiore a 360 gradi.&nbsp;<\/span><\/p>\n<p><span style=\"font-weight: 400;\">Questi pantaloni da lavoro sono quindi la scelta perfetta per chi lavora in ambienti critici per la sicurezza e non vuole rinunciare alla funzionalit\u00e0 pratica e al comfort.<\/span><\/p>\n<p><b>Informazioni prodotto:&nbsp;<\/b><\/p>\n<ul>\n<li><span style=\"font-weight: 400;\">Descrizione: pantaloni ad alta visibilit\u00e0<\/span><\/li>\n<li><span style=\"font-weight: 400;\">Colore: giallo fluorescente\/nero&nbsp;<\/span><\/li>\n<li><span style=\"font-weight: 400;\">2 ampie tasche frontali<\/span><\/li>\n<li><span style=\"font-weight: 400;\">2 tasche posteriori con cerniera<\/span><\/li>\n<li><span style=\"font-weight: 400;\">2 tasche portapenne laterali<\/span><\/li>\n<li><span style=\"font-weight: 400;\">1 tasca per lampada o tasca per attrezzi a destra 22 cm<\/span><\/li>\n<li><span style=\"font-weight: 400;\">Passante per martello e tasca per metro sulla gamba destra<\/span><\/li>\n<li><span style=\"font-weight: 400;\">Fascia elastica laterale<\/span><\/li>\n<li><span style=\"font-weight: 400;\">Passanti per cintura 6 cm<\/span><\/li>\n<li><span style=\"font-weight: 400;\">Tasca sulla gamba con cerniera<\/span><\/li>\n<li><span style=\"font-weight: 400;\">Alta visibilit\u00e0<\/span><\/li>\n<li><span style=\"font-weight: 400;\">Molto facile da pulire e ad asciugatura rapida<\/span><\/li>\n<li><span style=\"font-weight: 400;\">Buona traspirabilit\u00e0 e compatibilit\u00e0 con la pelle, nonch\u00e9 elevata resistenza all&#8217;usura<\/span><\/li>\n<li><span style=\"font-weight: 400;\">Resistente allo sporco<\/span><\/li>\n<li><span style=\"font-weight: 400;\">Gambe dei pantaloni dal taglio ergonomico<\/span><\/li>\n<li><span style=\"font-weight: 400;\">Patta con bottone e cerniera<\/span><\/li>\n<li><span style=\"font-weight: 400;\">Strisce riflettenti di alta qualit\u00e0 di 7 cm applicate e avvolgenti<\/span><\/li>\n<li><span style=\"font-weight: 400;\">Materiali idrorepellenti<\/span><\/li>\n<li><span style=\"font-weight: 400;\">EN ISO 20471 \u2013 Classe 2<\/span><\/li>\n<li><span style=\"font-weight: 400;\">Gruppo Hi-Vis<\/span><\/li>\n<li><span style=\"font-weight: 400;\">Istruzioni per il lavaggio: lavare in lavatrice a 60\u00b0&nbsp;<\/span><\/li>\n<li><span style=\"font-weight: 400;\">Materiale: 9% spandex 91% poliestere&nbsp;<\/span><\/li>\n<li><span style=\"font-weight: 400;\">GSM: 260 GSM<\/span><\/li>\n<li><span style=\"font-weight: 400;\">Peso approssimativo per la taglia L: 475 g&nbsp;<\/span><\/li>\n<li><span style=\"font-weight: 400;\">Taglie: S\/M\/L\/XL\/2XL <\/span><\/li>\n<\/ul>\n","protected":false},"excerpt":{"rendered":"<p><span style=\"font-weight: 400;\">I pantaloni da lavoro in giallo fluorescente con strisce riflettenti soddisfano i requisiti della norma EN 20471 e garantiscono quindi un&#8217;elevata visibilit\u00e0 e sicurezza in condizioni di scarsa illuminazione o al buio. L&#8217;accattivante colore fluorescente e gli elementi riflettenti strategicamente posizionati assicurano che chi li indossa sia chiaramente visibile anche da lontano: un fattore di sicurezza decisivo, soprattutto in settori come la costruzione di strade, i cantieri o i lavori all&#8217;aperto.&nbsp;<\/span><\/p>\n","protected":false},"featured_media":144656,"comment_status":"closed","ping_status":"closed","template":"","meta":{"inline_featured_image":false},"product_brand":[],"product_cat":[1615,1607],"product_tag":[],"class_list":{"0":"post-144652","1":"product","2":"type-product","3":"status-publish","4":"has-post-thumbnail","6":"product_cat-pantaloni-and-shorts","7":"product_cat-abbigliamento-segnaletico-rifrangente","9":"first","10":"instock","11":"taxable","12":"shipping-taxable","13":"purchasable","14":"product-type-simple"},"_links":{"self":[{"href":"https:\/\/metal-badge.ch\/it\/wp-json\/wp\/v2\/product\/144652","targetHints":{"allow":["GET"]}}],"collection":[{"href":"https:\/\/metal-badge.ch\/it\/wp-json\/wp\/v2\/product"}],"about":[{"href":"https:\/\/metal-badge.ch\/it\/wp-json\/wp\/v2\/types\/product"}],"replies":[{"embeddable":true,"href":"https:\/\/metal-badge.ch\/it\/wp-json\/wp\/v2\/comments?post=144652"}],"wp:featuredmedia":[{"embeddable":true,"href":"https:\/\/metal-badge.ch\/it\/wp-json\/wp\/v2\/media\/144656"}],"wp:attachment":[{"href":"https:\/\/metal-badge.ch\/it\/wp-json\/wp\/v2\/media?parent=144652"}],"wp:term":[{"taxonomy":"product_brand","embeddable":true,"href":"https:\/\/metal-badge.ch\/it\/wp-json\/wp\/v2\/product_brand?post=144652"},{"taxonomy":"product_cat","embeddable":true,"href":"https:\/\/metal-badge.ch\/it\/wp-json\/wp\/v2\/product_cat?post=144652"},{"taxonomy":"product_tag","embeddable":true,"href":"https:\/\/metal-badge.ch\/it\/wp-json\/wp\/v2\/product_tag?post=144652"}],"curies":[{"name":"wp","href":"https:\/\/api.w.org\/{rel}","templated":true}]}}