{"id":144346,"date":"2025-06-24T07:25:29","date_gmt":"2025-06-24T05:25:30","guid":{"rendered":"https:\/\/metal-badge.ch\/?post_type=product&#038;p=144346"},"modified":"2025-06-24T07:33:06","modified_gmt":"2025-06-24T05:33:06","slug":"maglietta-sportiva-e-per-il-tempo-libero-ad-asciugatura-rapida-con-scollo-rotondo-azzurro-2","status":"publish","type":"product","link":"https:\/\/metal-badge.ch\/it\/product\/144346\/maglietta-sportiva-e-per-il-tempo-libero-ad-asciugatura-rapida-con-scollo-rotondo-azzurro-2\/","title":{"rendered":"Maglietta sportiva e per il tempo libero ad asciugatura rapida con scollo rotondo &#8211; azzurro"},"content":{"rendered":"<p><span style=\"font-weight: 400;\">Questa maglia sportiva a maniche corte e girocollo \u00e8 realizzata in poliestere di alta qualit\u00e0 ad asciugatura rapida. Offre una traspirabilit\u00e0 ottimale e allontana rapidamente l&#8217;umidit\u00e0 dal corpo, in modo da rimanere asciutti anche durante le attivit\u00e0 pi\u00f9 intense. Il tessuto elasticizzato assicura una vestibilit\u00e0 ideale e la massima libert\u00e0 di movimento. Inoltre, la maglia \u00e8 dotata di strisce riflettenti, che garantiscono una migliore visibilit\u00e0 al crepuscolo o al buio. Disponibile in diverse taglie e colori, \u00e8 la scelta perfetta per lo sport, la corsa o le attivit\u00e0 all&#8217;aperto.<\/span><\/p>\n<p><b>Informazioni prodotto:<\/b><\/p>\n<ul>\n<li><span style=\"font-weight: 400;\">Descrizione: maglietta sportiva con scollo rotondo A75 blue&nbsp;<\/span><\/li>\n<li><span style=\"font-weight: 400;\">Colore: azzurro&nbsp;<\/span><\/li>\n<li><span style=\"font-weight: 400;\">Materiale: 100% poliestere<\/span><\/li>\n<li><span style=\"font-weight: 400;\">T-shirt in materiale elasticizzato dal design classico<\/span><\/li>\n<li><span style=\"font-weight: 400;\">Elastica e ad asciugatura rapida&nbsp;<\/span><\/li>\n<li><span style=\"font-weight: 400;\">Traspirante&nbsp;<\/span><\/li>\n<li><span style=\"font-weight: 400;\">Inodore<\/span><\/li>\n<li><span style=\"font-weight: 400;\">Assorbe il sudore&nbsp;<\/span><\/li>\n<li><span style=\"font-weight: 400;\">Leggera e traspirante<\/span><\/li>\n<li><span style=\"font-weight: 400;\">Termoregolante e traspirante<\/span><\/li>\n<li><span style=\"font-weight: 400;\">Design sportivo blu<\/span><\/li>\n<li><span style=\"font-weight: 400;\">Strisce riflettenti sul davanti e sul retro&nbsp;&nbsp;<\/span><\/li>\n<li><span style=\"font-weight: 400;\">Istruzioni per il lavaggio: lavare in lavatrice a 40\u00b0&nbsp;<\/span><\/li>\n<li><span style=\"font-weight: 400;\">GSM 220&nbsp;<\/span><\/li>\n<li><span style=\"font-weight: 400;\">Peso: circa 160 g Taglia L<\/span><\/li>\n<li><span style=\"font-weight: 400;\">Taglie: S\/M\/L\/XL\/2XL <\/span><\/li>\n<\/ul>\n","protected":false},"excerpt":{"rendered":"<p><span style=\"font-weight: 400;\">QQuesta maglia sportiva a maniche corte e girocollo \u00e8 realizzata in poliestere di alta qualit\u00e0 ad asciugatura rapida. Offre una traspirabilit\u00e0 ottimale e allontana rapidamente l&#8217;umidit\u00e0 dal corpo, in modo da rimanere asciutti anche durante le attivit\u00e0 pi\u00f9 intense. Il tessuto elasticizzato assicura una vestibilit\u00e0 ideale e la massima libert\u00e0 di movimento. Inoltre, la maglia \u00e8 dotata di strisce riflettenti, che garantiscono una migliore visibilit\u00e0 al crepuscolo o al buio. Disponibile in diverse taglie e colori, \u00e8 la scelta perfetta per lo sport, la corsa o le attivit\u00e0 all&#8217;aperto.<\/span><\/p>\n","protected":false},"featured_media":144350,"comment_status":"closed","ping_status":"closed","template":"","meta":{"inline_featured_image":false},"product_brand":[],"product_cat":[1571,2190],"product_tag":[],"class_list":{"0":"post-144346","1":"product","2":"type-product","3":"status-publish","4":"has-post-thumbnail","6":"product_cat-t-shirts-polo-shirts-it","7":"product_cat-abbigliamentoperiltempolibero","9":"first","10":"instock","11":"taxable","12":"shipping-taxable","13":"purchasable","14":"product-type-simple"},"_links":{"self":[{"href":"https:\/\/metal-badge.ch\/it\/wp-json\/wp\/v2\/product\/144346","targetHints":{"allow":["GET"]}}],"collection":[{"href":"https:\/\/metal-badge.ch\/it\/wp-json\/wp\/v2\/product"}],"about":[{"href":"https:\/\/metal-badge.ch\/it\/wp-json\/wp\/v2\/types\/product"}],"replies":[{"embeddable":true,"href":"https:\/\/metal-badge.ch\/it\/wp-json\/wp\/v2\/comments?post=144346"}],"wp:featuredmedia":[{"embeddable":true,"href":"https:\/\/metal-badge.ch\/it\/wp-json\/wp\/v2\/media\/144350"}],"wp:attachment":[{"href":"https:\/\/metal-badge.ch\/it\/wp-json\/wp\/v2\/media?parent=144346"}],"wp:term":[{"taxonomy":"product_brand","embeddable":true,"href":"https:\/\/metal-badge.ch\/it\/wp-json\/wp\/v2\/product_brand?post=144346"},{"taxonomy":"product_cat","embeddable":true,"href":"https:\/\/metal-badge.ch\/it\/wp-json\/wp\/v2\/product_cat?post=144346"},{"taxonomy":"product_tag","embeddable":true,"href":"https:\/\/metal-badge.ch\/it\/wp-json\/wp\/v2\/product_tag?post=144346"}],"curies":[{"name":"wp","href":"https:\/\/api.w.org\/{rel}","templated":true}]}}