{"id":143969,"date":"2025-06-20T01:31:09","date_gmt":"2025-06-19T23:31:10","guid":{"rendered":"https:\/\/metal-badge.ch\/?post_type=product&#038;p=143969"},"modified":"2025-06-20T01:43:53","modified_gmt":"2025-06-19T23:43:53","slug":"borsellino-in-pelle-waikiki-conduttore","status":"publish","type":"product","link":"https:\/\/metal-badge.ch\/it\/product\/143969\/borsellino-in-pelle-waikiki-conduttore\/","title":{"rendered":"Borsellino in pelle &#8220;Waikiki&#8221; conduttore"},"content":{"rendered":"<p><span style=\"font-weight: 400;\">Pratico &#8220;borsellino in pelle liscia Nappa&#8221; in stile Hawaii Waikiki. Elegante borsellino in pelle di vitello con 1 grande finestra per documenti d&#8217;identit\u00e0 all&#8217;interno e 3 slot per carte di credito per almeno 9 carte di credito. Il prezzo comprende una piccola lampada e una piccola penna a sfera in metallo estensibile, che pu\u00f2 essere inserita all&#8217;interno di un elastico. Il borsellino \u00e8 dotato di chiusura a scatto. All&#8217;esterno, il borsellino \u00e8 dotato di 1 finestra aggiuntiva per documenti d&#8217;identit\u00e0. In questo borsellino, il tesserino viene inserito all&#8217;esterno dall&#8217;alto nell&#8217;apposita fessura. Il borsellino viene fornito in una bella confezione regalo. Tutti i nostri borsellini sono compatibili e utilizzabili con tutti i nostri tesserini.<\/span><\/p>\n<p><b>Informazioni prodotto:<\/b><\/p>\n<ul>\n<li><b>Nome del prodotto: <\/b><span style=\"font-weight: 400;\">Waikiki&nbsp;<\/span><\/li>\n<li><b>Colore<\/b><span style=\"font-weight: 400;\">: mix Hawaii: rosso \/ blu \/ arancione \/ porpora&nbsp;<\/span><\/li>\n<li><b>Materiale:<\/b><span style=\"font-weight: 400;\"> nappa di vitello liscia<\/span><\/li>\n<li><span style=\"font-weight: 400;\">Con chiusura a scatto<\/span><\/li>\n<li><span style=\"font-weight: 400;\">Design compatto in un formato pratico<\/span><\/li>\n<li><span style=\"font-weight: 400;\">2 finestre per documenti d&#8217;identit\u00e0: 8,5 cm x 6,0 cm<\/span><\/li>\n<li><span style=\"font-weight: 400;\">3 slot per carte di credito per almeno 9 carte di credito<\/span><\/li>\n<li><span style=\"font-weight: 400;\">1 portapenne con mini penna a sfera in metallo estraibile (ciondolo)<\/span><\/li>\n<li><span style=\"font-weight: 400;\">1 piccola lampada (ciondolo)<\/span><\/li>\n<li><b>Dimensioni borsellino:<\/b><span style=\"font-weight: 400;\">&nbsp;altezza 11,5 cm \/ larghezza 8,0 cm \/ profondit\u00e0 1,5 cm<\/span><\/li>\n<li><b>Peso: <\/b><span style=\"font-weight: 400;\">80 g Solo borsellino senza tesserino&nbsp;<\/span><\/li>\n<li><span style=\"font-weight: 400;\">Viene fornito in una bella confezione regalo<\/span><\/li>\n<\/ul>\n","protected":false},"excerpt":{"rendered":"<p><span style=\"font-weight: 400;\">Pratico &#8220;borsellino in pelle liscia Nappa&#8221; in stile Hawaii Waikiki. Elegante borsellino in pelle di vitello con 1 grande finestra per documenti d&#8217;identit\u00e0 all&#8217;interno e 3 slot per carte di credito per almeno 9 carte di credito. Il prezzo comprende una piccola lampada e una piccola penna a sfera in metallo estensibile, che pu\u00f2 essere inserita all&#8217;interno di un elastico. Il borsellino \u00e8 dotato di chiusura a scatto. All&#8217;esterno, il borsellino \u00e8 dotato di 1 finestra aggiuntiva per documenti d&#8217;identit\u00e0. In questo borsellino, il tesserino viene inserito all&#8217;esterno dall&#8217;alto nell&#8217;apposita fessura. Il borsellino viene fornito in una bella confezione regalo. Tutti i nostri borsellini sono compatibili e utilizzabili con tutti i nostri tesserini.<\/span><\/p>\n","protected":false},"featured_media":143973,"comment_status":"open","ping_status":"closed","template":"","meta":{"inline_featured_image":false},"product_brand":[],"product_cat":[2340,1404],"product_tag":[],"class_list":{"0":"post-143969","1":"product","2":"type-product","3":"status-publish","4":"has-post-thumbnail","6":"product_cat-conduttore-it","7":"product_cat-conduttore","9":"first","10":"instock","11":"taxable","12":"shipping-taxable","13":"purchasable","14":"product-type-simple"},"_links":{"self":[{"href":"https:\/\/metal-badge.ch\/it\/wp-json\/wp\/v2\/product\/143969","targetHints":{"allow":["GET"]}}],"collection":[{"href":"https:\/\/metal-badge.ch\/it\/wp-json\/wp\/v2\/product"}],"about":[{"href":"https:\/\/metal-badge.ch\/it\/wp-json\/wp\/v2\/types\/product"}],"replies":[{"embeddable":true,"href":"https:\/\/metal-badge.ch\/it\/wp-json\/wp\/v2\/comments?post=143969"}],"wp:featuredmedia":[{"embeddable":true,"href":"https:\/\/metal-badge.ch\/it\/wp-json\/wp\/v2\/media\/143973"}],"wp:attachment":[{"href":"https:\/\/metal-badge.ch\/it\/wp-json\/wp\/v2\/media?parent=143969"}],"wp:term":[{"taxonomy":"product_brand","embeddable":true,"href":"https:\/\/metal-badge.ch\/it\/wp-json\/wp\/v2\/product_brand?post=143969"},{"taxonomy":"product_cat","embeddable":true,"href":"https:\/\/metal-badge.ch\/it\/wp-json\/wp\/v2\/product_cat?post=143969"},{"taxonomy":"product_tag","embeddable":true,"href":"https:\/\/metal-badge.ch\/it\/wp-json\/wp\/v2\/product_tag?post=143969"}],"curies":[{"name":"wp","href":"https:\/\/api.w.org\/{rel}","templated":true}]}}