{"id":143593,"date":"2025-06-16T14:31:17","date_gmt":"2025-06-16T12:31:18","guid":{"rendered":"https:\/\/metal-badge.ch\/?post_type=product&#038;p=143593"},"modified":"2025-06-16T14:39:20","modified_gmt":"2025-06-16T12:39:20","slug":"borsellino-in-pelle-compact-guardia-svizzera","status":"publish","type":"product","link":"https:\/\/metal-badge.ch\/it\/product\/143593\/borsellino-in-pelle-compact-guardia-svizzera\/","title":{"rendered":"Borsellino in pelle &#8220;Compact&#8221; Guardia Svizzera"},"content":{"rendered":"<p><b>Utile, funzionale ed elegante, il porta carte di credito con molti extra.<\/b><\/p>\n<p><span style=\"font-weight: 400;\">Il nuovo borsellino <\/span><b>Compact<\/b><span style=\"font-weight: 400;\"> in pelle realizzato in pelle di vitello e un rivestimento in carbonio nero con chiusura a scatto e custodia protettiva in alluminio per 7 carte di credito.<\/span><\/p>\n<p><span style=\"font-weight: 400;\">Accesso rapido alle 7 carte di credito pi\u00f9 utilizzate. Il porta carte di credito rende un gioco da ragazzi selezionare la carta di cui hai bisogno. Una semplice pressione sul pulsante previsto consente una pratica presentazione a ventaglio delle carte. Non \u00e8 pi\u00f9 necessario cercare a lungo la carta giusta nel portafoglio. Adatto per almeno 7 carte di credito.<\/span><\/p>\n<p><span style=\"font-weight: 400;\">Include anche una finestra per documenti d&#8217;identit\u00e0 all&#8217;interno e due slot aggiuntivi per carte di credito per almeno 4 carte di credito. All&#8217;interno sono presenti altri due scomparti per carte o documenti d&#8217;identit\u00e0 e un ampio vano per le banconote.&nbsp;<\/span><\/p>\n<p><span style=\"font-weight: 400;\">L&#8217;apertura per il tesserino si trova all&#8217;esterno. Il tesserino pu\u00f2 essere facilmente inserito nella fessura all&#8217;esterno. All&#8217;esterno \u00e8 presente anche un piccolo portamonete con cerniera. Grazie alle dimensioni compatte, il porta carte con tesserino pu\u00f2 essere facilmente riposto tasca dei pantaloni o della giacca. Questo borsellino con custodia protegge anche le tue carte di credito da rotture o danni al chip o alla banda magnetica; inoltre, le carte sono protette dalla tecnologia RFID all&#8217;interno della custodia in alluminio.<\/span><\/p>\n<p><b>Informazioni prodotto:&nbsp;<\/b><\/p>\n<ul>\n<li><span style=\"font-weight: 400;\">Nome: Borsellino in pelle &#8220;Compact&#8221;&nbsp;<\/span><\/li>\n<li><span style=\"font-weight: 400;\">Apertura per tesserino all&#8217;esterno<\/span><\/li>\n<li><span style=\"font-weight: 400;\">Portamonete esterno con cerniera&nbsp;<\/span><\/li>\n<li><span style=\"font-weight: 400;\">Ampio scomparto per le banconote&nbsp;<\/span><\/li>\n<li><span style=\"font-weight: 400;\">1 finestra trasparente per documenti d&#8217;identit\u00e0<\/span><span style=\"font-weight: 400;\"><br \/>\n<\/span><\/li>\n<li><span style=\"font-weight: 400;\">Custodia in alluminio per 7 carte di credito<\/span><\/li>\n<li><span style=\"font-weight: 400;\">2 scomparti per carte di credito per un totale di 4 carte di credito aggiuntive<\/span><\/li>\n<li><span style=\"font-weight: 400;\">Le carte sono protette da piegature e rotture e dal lettore RFID<\/span><\/li>\n<li><span style=\"font-weight: 400;\">Materiale: pelle di vitello con rivestimento in carbonio<\/span><\/li>\n<li><span style=\"font-weight: 400;\">Colore: nero<\/span><\/li>\n<li><span style=\"font-weight: 400;\">Dimensioni borsellino: <\/span><span style=\"font-weight: 400;\">altezza 10,5 cm \/ larghezza: 8,0 cm \/ spessore 2,7 cm<\/span><\/li>\n<li><span style=\"font-weight: 400;\">Larghezza aperto: 23 cm <\/span><span style=\"font-weight: 400;\"><br \/>\n<\/span><\/li>\n<li><span style=\"font-weight: 400;\">Peso con tesserino: 165 g&nbsp;<\/span><\/li>\n<li><span style=\"font-weight: 400;\">Peso senza tesserino: 117 g<\/span><\/li>\n<\/ul>\n","protected":false},"excerpt":{"rendered":"<p><b>Utile, funzionale ed elegante, il porta carte di credito con molti extra.<\/b><\/p>\n<p><span style=\"font-weight: 400;\">Il nuovo borsellino <\/span><b>Compact<\/b><span style=\"font-weight: 400;\"> in pelle realizzato in pelle di vitello e un rivestimento in carbonio nero con chiusura a scatto e custodia protettiva in alluminio per 7 carte di credito.<\/span><\/p>\n<p><span style=\"font-weight: 400;\">Accesso rapido alle 7 carte di credito pi\u00f9 utilizzate. Il porta carte di credito rende un gioco da ragazzi selezionare la carta di cui hai bisogno. Una semplice pressione sul pulsante previsto consente una pratica presentazione a ventaglio delle carte. Non \u00e8 pi\u00f9 necessario cercare a lungo la carta giusta nel portafoglio. Adatto per almeno 7 carte di credito.<\/span><\/p>\n","protected":false},"featured_media":143597,"comment_status":"open","ping_status":"closed","template":"","meta":{"inline_featured_image":false},"product_brand":[],"product_cat":[1048],"product_tag":[],"class_list":{"0":"post-143593","1":"product","2":"type-product","3":"status-publish","4":"has-post-thumbnail","6":"product_cat-guardia-svizzera","8":"first","9":"instock","10":"taxable","11":"shipping-taxable","12":"purchasable","13":"product-type-simple"},"_links":{"self":[{"href":"https:\/\/metal-badge.ch\/it\/wp-json\/wp\/v2\/product\/143593","targetHints":{"allow":["GET"]}}],"collection":[{"href":"https:\/\/metal-badge.ch\/it\/wp-json\/wp\/v2\/product"}],"about":[{"href":"https:\/\/metal-badge.ch\/it\/wp-json\/wp\/v2\/types\/product"}],"replies":[{"embeddable":true,"href":"https:\/\/metal-badge.ch\/it\/wp-json\/wp\/v2\/comments?post=143593"}],"wp:featuredmedia":[{"embeddable":true,"href":"https:\/\/metal-badge.ch\/it\/wp-json\/wp\/v2\/media\/143597"}],"wp:attachment":[{"href":"https:\/\/metal-badge.ch\/it\/wp-json\/wp\/v2\/media?parent=143593"}],"wp:term":[{"taxonomy":"product_brand","embeddable":true,"href":"https:\/\/metal-badge.ch\/it\/wp-json\/wp\/v2\/product_brand?post=143593"},{"taxonomy":"product_cat","embeddable":true,"href":"https:\/\/metal-badge.ch\/it\/wp-json\/wp\/v2\/product_cat?post=143593"},{"taxonomy":"product_tag","embeddable":true,"href":"https:\/\/metal-badge.ch\/it\/wp-json\/wp\/v2\/product_tag?post=143593"}],"curies":[{"name":"wp","href":"https:\/\/api.w.org\/{rel}","templated":true}]}}