{"id":142267,"date":"2025-02-20T22:08:44","date_gmt":"2025-02-20T21:08:47","guid":{"rendered":"https:\/\/metal-badge.ch\/?post_type=product&#038;p=142267"},"modified":"2025-03-16T02:06:23","modified_gmt":"2025-03-16T01:06:23","slug":"buono-fedelta-50","status":"publish","type":"product","link":"https:\/\/metal-badge.ch\/it\/product\/142267\/buono-fedelta-50\/","title":{"rendered":"Buono fedelt\u00e0 da CHF 50"},"content":{"rendered":"<p>Questo buono fedelt\u00e0 \u00e8 il premio per la vostra fedelt\u00e0! Scambiate i punti fedelt\u00e0 raccolti con un buono fisico del valore di 50 CHF. Il buono \u00e8 valido solo nel nostro negozio di Goldau e non pu\u00f2 essere utilizzato online.<\/p>\n<p>Dopo la riscossione, il buono vi sar\u00e0 inviato per posta, in modo che possiate utilizzarlo comodamente durante la vostra prossima visita a Goldau. Grazie per la vostra fedelt\u00e0!<\/p>\n<p data-pm-slice=\"1 3 []\"><strong>Informazioni importanti sulla procedura:<\/strong><\/p>\n<ul data-spread=\"false\">\n<li>Per ordinare questo buono \u00e8 necessario avere un conto cliente con almeno 150 punti fedelt\u00e0.<\/li>\n<li>Inserire il buono nel carrello e completare il processo di acquisto.<\/li>\n<li>Dopo aver completato l&#8217;ordine, i 150 punti fedelt\u00e0 verranno automaticamente detratti dal vostro conto punti.<\/li>\n<li>Il buono verr\u00e0 inviato per posta all&#8217;indirizzo indicato.<\/li>\n<li>Il buono \u00e8 valido solo nel negozio di Goldau e non pu\u00f2 essere riscosso online.<\/li>\n<\/ul>\n<p data-pm-slice=\"1 1 []\"><strong>Scoprite di pi\u00f9 sul nostro programma fedelt\u00e0:<\/strong> <a href=\"https:\/\/metal-badge.ch\/treuepunkte\/\">cliccate qui<\/a> per i dettagli e le opzioni di utilizzo dei vostri punti.<\/p>\n","protected":false},"excerpt":{"rendered":"<p>Riscuotete i vostri punti fedelt\u00e0 e ricevete un buono da 50 CHF, valido nel negozio di Goldau!<\/p>\n\n","protected":false},"featured_media":103588,"comment_status":"closed","ping_status":"closed","template":"","meta":{"inline_featured_image":false},"product_brand":[],"product_cat":[1490,2213,1494],"product_tag":[2517,2518],"class_list":{"0":"post-142267","1":"product","2":"type-product","3":"status-publish","4":"has-post-thumbnail","6":"product_cat-metal-badge-it","7":"product_cat-regali-adatti","8":"product_cat-security-factory-it","9":"product_tag-buono-fedelta","10":"product_tag-punti-fedelta","12":"first","13":"instock","14":"virtual","15":"purchasable","16":"product-type-simple"},"_links":{"self":[{"href":"https:\/\/metal-badge.ch\/it\/wp-json\/wp\/v2\/product\/142267","targetHints":{"allow":["GET"]}}],"collection":[{"href":"https:\/\/metal-badge.ch\/it\/wp-json\/wp\/v2\/product"}],"about":[{"href":"https:\/\/metal-badge.ch\/it\/wp-json\/wp\/v2\/types\/product"}],"replies":[{"embeddable":true,"href":"https:\/\/metal-badge.ch\/it\/wp-json\/wp\/v2\/comments?post=142267"}],"wp:featuredmedia":[{"embeddable":true,"href":"https:\/\/metal-badge.ch\/it\/wp-json\/wp\/v2\/media\/103588"}],"wp:attachment":[{"href":"https:\/\/metal-badge.ch\/it\/wp-json\/wp\/v2\/media?parent=142267"}],"wp:term":[{"taxonomy":"product_brand","embeddable":true,"href":"https:\/\/metal-badge.ch\/it\/wp-json\/wp\/v2\/product_brand?post=142267"},{"taxonomy":"product_cat","embeddable":true,"href":"https:\/\/metal-badge.ch\/it\/wp-json\/wp\/v2\/product_cat?post=142267"},{"taxonomy":"product_tag","embeddable":true,"href":"https:\/\/metal-badge.ch\/it\/wp-json\/wp\/v2\/product_tag?post=142267"}],"curies":[{"name":"wp","href":"https:\/\/api.w.org\/{rel}","templated":true}]}}