{"id":141028,"date":"2024-06-06T03:18:49","date_gmt":"2024-06-06T01:18:50","guid":{"rendered":"https:\/\/metal-badge.ch\/?post_type=product&#038;p=141028"},"modified":"2024-06-06T03:25:33","modified_gmt":"2024-06-06T01:25:33","slug":"frantumatore-di-emergenza-per-vetri-della-zak-tool","status":"publish","type":"product","link":"https:\/\/metal-badge.ch\/it\/product\/141028\/frantumatore-di-emergenza-per-vetri-della-zak-tool\/","title":{"rendered":"Frantumatore di emergenza per vetri della ZAK-Tool"},"content":{"rendered":"<p><span style=\"font-weight: 400;\">La punteruolo di emergenza della ZAK-Tool con portachiavi sviluppato da soccorritori professionisti. Dal momento che i finestrini delle auto diventano sempre pi\u00f9 resistenti i soccorritori affrontano sfide sempre nuove. Lo ZAK-Tool, con la sua punta dura speciale, pu\u00f2 frantumare vetri fino a uno spessore di 10 mm ed \u00e8 quindi adatto anche per i finestrini delle auto di ultima generazione. Grazie al sistema di tiraggio a molla, l&#8217;operazione \u00e8 semplice da eseguire, in modo sicuro e controllata. Applicazione: mettere la punta dello strumento sul vetro, tirare leggermente la parte posteriore \u00absistema di trazione a molla\u00bb quindi rilasciare. Il vetro si rompe in pochi secondi. Incluso anche il portachiavi da 4 cm.&nbsp;<\/span><\/p>\n<p><b>Informazioni prodotto:&nbsp;<\/b><\/p>\n<ul>\n<li><span style=\"font-weight: 400;\">Frantumatore di emergenza per vetri della ZAK-Tool&nbsp;<\/span><\/li>\n<li><span style=\"font-weight: 400;\">Modello: ZT57K-red&nbsp;<\/span><\/li>\n<li><span style=\"font-weight: 400;\">Punta estremamente dura&nbsp;<\/span><\/li>\n<li><span style=\"font-weight: 400;\">Rompe vetri fino a 10 mm di spessore<\/span><\/li>\n<li><span style=\"font-weight: 400;\">Sistema di tiraggio a molla per un facile utilizzo<\/span><\/li>\n<li><span style=\"font-weight: 400;\">Peso: 55 gr. con portachiavi&nbsp;<\/span><\/li>\n<li><span style=\"font-weight: 400;\">Dimensioni: lunghezza 12cm&nbsp;<\/span><\/li>\n<li><span style=\"font-weight: 400;\">Colore: argento \/ rosso&nbsp;<\/span><\/li>\n<li><span style=\"font-weight: 400;\">Materiale: acciaio inossidabile e molle in acciaio <\/span><\/li>\n<\/ul>\n","protected":false},"excerpt":{"rendered":"<p><span style=\"font-weight: 400;\">La punteruolo di emergenza della ZAK-Tool con portachiavi sviluppato da soccorritori professionisti. Dal momento che i finestrini delle auto diventano sempre pi\u00f9 resistenti i soccorritori affrontano sfide sempre nuove. Lo ZAK-Tool, con la sua punta dura speciale, pu\u00f2 frantumare vetri fino a uno spessore di 10 mm ed \u00e8 quindi adatto anche per i finestrini delle auto di ultima generazione. Grazie al sistema di tiraggio a molla, l&#8217;operazione \u00e8 semplice da eseguire, in modo sicuro e controllata. Applicazione: mettere la punta dello strumento sul vetro, tirare leggermente la parte posteriore \u00absistema di trazione a molla\u00bb quindi rilasciare. Il vetro si rompe in pochi secondi. Incluso anche il portachiavi da 4 cm.&nbsp;<\/span><\/p>\n","protected":false},"featured_media":141032,"comment_status":"closed","ping_status":"closed","template":"","meta":{"inline_featured_image":false},"product_brand":[],"product_cat":[1464,1945],"product_tag":[1782],"class_list":{"0":"post-141028","1":"product","2":"type-product","3":"status-publish","4":"has-post-thumbnail","6":"product_cat-manette-cavigliere-zak-tool","7":"product_cat-organizzazioni-a-luce-blu-sicurezza","8":"product_tag-polizia-sicurezza","10":"first","11":"instock","12":"taxable","13":"shipping-taxable","14":"purchasable","15":"product-type-simple"},"_links":{"self":[{"href":"https:\/\/metal-badge.ch\/it\/wp-json\/wp\/v2\/product\/141028","targetHints":{"allow":["GET"]}}],"collection":[{"href":"https:\/\/metal-badge.ch\/it\/wp-json\/wp\/v2\/product"}],"about":[{"href":"https:\/\/metal-badge.ch\/it\/wp-json\/wp\/v2\/types\/product"}],"replies":[{"embeddable":true,"href":"https:\/\/metal-badge.ch\/it\/wp-json\/wp\/v2\/comments?post=141028"}],"wp:featuredmedia":[{"embeddable":true,"href":"https:\/\/metal-badge.ch\/it\/wp-json\/wp\/v2\/media\/141032"}],"wp:attachment":[{"href":"https:\/\/metal-badge.ch\/it\/wp-json\/wp\/v2\/media?parent=141028"}],"wp:term":[{"taxonomy":"product_brand","embeddable":true,"href":"https:\/\/metal-badge.ch\/it\/wp-json\/wp\/v2\/product_brand?post=141028"},{"taxonomy":"product_cat","embeddable":true,"href":"https:\/\/metal-badge.ch\/it\/wp-json\/wp\/v2\/product_cat?post=141028"},{"taxonomy":"product_tag","embeddable":true,"href":"https:\/\/metal-badge.ch\/it\/wp-json\/wp\/v2\/product_tag?post=141028"}],"curies":[{"name":"wp","href":"https:\/\/api.w.org\/{rel}","templated":true}]}}