{"id":140491,"date":"2024-06-05T07:45:28","date_gmt":"2024-06-05T05:45:29","guid":{"rendered":"https:\/\/metal-badge.ch\/?post_type=product&#038;p=140491"},"modified":"2024-06-05T07:57:22","modified_gmt":"2024-06-05T05:57:22","slug":"fionda-camouflage-con-sfere-in-acciaio-da-8-mm","status":"publish","type":"product","link":"https:\/\/metal-badge.ch\/it\/product\/140491\/fionda-camouflage-con-sfere-in-acciaio-da-8-mm\/","title":{"rendered":"Fionda &#8220;Camouflage&#8221; con sfere in acciaio da 8 mm"},"content":{"rendered":"<p><span style=\"font-weight: 400;\">Con questa fionda potrete sparare ai bersagli all&#8217;aperto, il che garantisce un alto fattore di divertimento. Realizzata in robusto acciaio, questa fionda offre un&#8217;elevata stabilit\u00e0 durante il tiro e grazie all&#8217;impugnatura ergonomica si tiene bene in mano. Essa \u00e8 dotata di una robusta gomma tripla che conferisce ai proiettili un&#8217;elevata velocit\u00e0 di tiro.<\/span><\/p>\n<p><span style=\"font-weight: 400;\">Semplice fionda con buona precisione. Con un po &#8216; di pratica si possono raggiungere <\/span><b>fino a 15 metri, una fionda molto precisa. <\/b><span style=\"font-weight: 400;\">Il prezzo sono inclusi 20 sfere in acciaio da 8 mm di diametro <\/span><b><i>Non avendo un supporto per il braccio o qualcosa di simile, questa fionda non e subordinata ala legge sulle armi.<\/i><\/b><\/p>\n<p><b>Informazioni prodotto:<\/b><\/p>\n<ul>\n<li><span style=\"font-weight: 400;\">Nome: Fionda \u00ab Camouflage \u00bb&nbsp;<\/span><\/li>\n<li><span style=\"font-weight: 400;\">Colore: mimetico<\/span><\/li>\n<li><span style=\"font-weight: 400;\">Costruzione: acciaio&nbsp;<\/span><\/li>\n<li><span style=\"font-weight: 400;\">Manico: ergonomico ABS&nbsp;<\/span><\/li>\n<li><span style=\"font-weight: 400;\">Dotata di una robusta gomma<\/span><\/li>\n<li><span style=\"font-weight: 400;\">Peso: 85 gr.&nbsp;<\/span><\/li>\n<li><span style=\"font-weight: 400;\">Dimensione manico: lunghezza 10cm \/ larghezza 3 cm<\/span><\/li>\n<li><span style=\"font-weight: 400;\">Larghezza 8cm altezza 5 cm:&nbsp;&nbsp;<\/span><\/li>\n<li><span style=\"font-weight: 400;\">incl. 20 sfere. in acciaio con diametro di 8 mm<\/span><\/li>\n<\/ul>\n","protected":false},"excerpt":{"rendered":"<p><span style=\"font-weight: 400;\">Con questa fionda potrete sparare ai bersagli all&#8217;aperto, il che garantisce un alto fattore di divertimento. Realizzata in robusto acciaio, questa fionda offre un&#8217;elevata stabilit\u00e0 durante il tiro e grazie all&#8217;impugnatura ergonomica si tiene bene in mano. Essa \u00e8 dotata di una robusta gomma tripla che conferisce ai proiettili un&#8217;elevata velocit\u00e0 di tiro.<\/span><\/p>\n<p><span style=\"font-weight: 400;\">Semplice fionda con buona precisione. Con un po &#8216; di pratica si possono raggiungere <\/span><b>fino a 15 metri, una fionda molto precisa. <\/b><span style=\"font-weight: 400;\">Il prezzo sono inclusi 20 sfere in acciaio da 8 mm di diametro <\/span><b><i>Non avendo un supporto per il braccio o qualcosa di simile, questa fionda non e subordinata ala legge sulle armi.<\/i><\/b><\/p>\n<p>&nbsp;<\/p>\n","protected":false},"featured_media":140495,"comment_status":"closed","ping_status":"closed","template":"","meta":{"inline_featured_image":false},"product_brand":[],"product_cat":[1348,888,1212,1476],"product_tag":[1766],"class_list":{"0":"post-140491","1":"product","2":"type-product","3":"status-publish","4":"has-post-thumbnail","6":"product_cat-accessori-per-esercito-caccia","7":"product_cat-accessori","8":"product_cat-bambini-divertimento","9":"product_cat-tiro-con-larco-balestra-cerbottana","10":"product_tag-sport-outdoor-it","12":"first","13":"instock","14":"taxable","15":"shipping-taxable","16":"purchasable","17":"product-type-simple"},"_links":{"self":[{"href":"https:\/\/metal-badge.ch\/it\/wp-json\/wp\/v2\/product\/140491","targetHints":{"allow":["GET"]}}],"collection":[{"href":"https:\/\/metal-badge.ch\/it\/wp-json\/wp\/v2\/product"}],"about":[{"href":"https:\/\/metal-badge.ch\/it\/wp-json\/wp\/v2\/types\/product"}],"replies":[{"embeddable":true,"href":"https:\/\/metal-badge.ch\/it\/wp-json\/wp\/v2\/comments?post=140491"}],"wp:featuredmedia":[{"embeddable":true,"href":"https:\/\/metal-badge.ch\/it\/wp-json\/wp\/v2\/media\/140495"}],"wp:attachment":[{"href":"https:\/\/metal-badge.ch\/it\/wp-json\/wp\/v2\/media?parent=140491"}],"wp:term":[{"taxonomy":"product_brand","embeddable":true,"href":"https:\/\/metal-badge.ch\/it\/wp-json\/wp\/v2\/product_brand?post=140491"},{"taxonomy":"product_cat","embeddable":true,"href":"https:\/\/metal-badge.ch\/it\/wp-json\/wp\/v2\/product_cat?post=140491"},{"taxonomy":"product_tag","embeddable":true,"href":"https:\/\/metal-badge.ch\/it\/wp-json\/wp\/v2\/product_tag?post=140491"}],"curies":[{"name":"wp","href":"https:\/\/api.w.org\/{rel}","templated":true}]}}