{"id":140426,"date":"2024-06-05T06:24:52","date_gmt":"2024-06-05T04:24:52","guid":{"rendered":"https:\/\/metal-badge.ch\/product\/140426\/camicia-da-uniforme-manica-lunga-nera\/"},"modified":"2024-09-23T18:06:46","modified_gmt":"2024-09-23T16:06:46","slug":"camicia-da-uniforme-manica-lunga-nera","status":"publish","type":"product","link":"https:\/\/metal-badge.ch\/it\/product\/140426\/camicia-da-uniforme-manica-lunga-nera\/","title":{"rendered":"Camicia da uniforme manica lunga nera"},"content":{"rendered":"<p><span style=\"font-weight: 400;\">Camicia da uniforme con colletto &#8211; vestibilit\u00e0 regolare disponibile con manica corta o lunga.&nbsp;<\/span><\/p>\n<p><span style=\"font-weight: 400;\">Camicia a maniche lunghe nera per uniforme che garantisce un elevato comfort. Qualit\u00e0 elastica e molto confortevole, estremamente facile da lavare. Il tessuto misto idrorepellente ma traspirante in 80% poliestere, 10% cotone, 10% elastico \u00e8 dotato di due tasche applicate sul petto e due spalline con chiusura a scatto. Sul davanti della patta della tasca all&#8217;altezza del petto \u00e8 applicato un velcro soffice delle dimensioni di 10 cm x 2 cm per il nominativo. Sulla manica destra \u00e8 attaccato un velcro rotondo per toppe del diametro di 10 cm. Anche sulla manica a sinistra \u00e8 presente un velcro soffice di 7.5 cm x 7.5 cm per le toppe. Sulla tasca all&#8217;altezza del petto a sinistra troviamo anche due portapenne. La camicia da uniforme \u00e8 dotata di bottoni a scatto che si trovano al di sotto di striscia di tessuto che non li rende visibili. Anche il polsini sono dotati di bei bottoni automatici a pressione. Camicia da uniforme ideale per le servizi di sicurezza o anche perfetta per un look casual rilassato. Casual e confortevole disponibile in diverse misure.&nbsp;&nbsp;<\/span><\/p>\n<p><b>Informazioni prodotto:&nbsp;<\/b><\/p>\n<ul>\n<li><span style=\"font-weight: 400;\">La camicia \u00e8 disponibile con maniche corte e lunghe&nbsp;<\/span><\/li>\n<li><span style=\"font-weight: 400;\">Descrizione: camicia da uniforme nera&nbsp;<\/span><\/li>\n<li><span style=\"font-weight: 400;\">Materiale: 80% poliestere \/ 10% cotone 5% elastico<\/span><\/li>\n<li><span style=\"font-weight: 400;\">GSM 160&nbsp;<\/span><\/li>\n<li><span style=\"font-weight: 400;\">Colore: Nero&nbsp;<\/span><\/li>\n<li><span style=\"font-weight: 400;\">Peso: circa 390 gr.&nbsp;<\/span><\/li>\n<li><span style=\"font-weight: 400;\">Misure: S, M, L, XL, 2 XL&nbsp;<\/span><\/li>\n<li><span style=\"font-weight: 400;\">1 tasca sul petto a destra con patta e bottone a pressione&nbsp;<\/span><\/li>\n<li><span style=\"font-weight: 400;\">1 tasca sul petto a sinistra e due portapenne<\/span><\/li>\n<li><span style=\"font-weight: 400;\">1 velcro soffice da 10 cm x 2 cm per applicare il nome sul lembo della tasca all&#8217;altezza del petto<\/span><\/li>\n<li><span style=\"font-weight: 400;\">1 Inserto in velcro morbido sulla manica sinistra 7,5 cm x 7,5 cm per toppe<\/span><\/li>\n<li><span style=\"font-weight: 400;\">1 inserto in velcro rotondo sulla manica destra con diametro 10 cm<\/span><\/li>\n<li><span style=\"font-weight: 400;\">Anche il polsini sono dotati di bei bottoni automatici a pressione.<\/span><\/li>\n<li><span style=\"font-weight: 400;\">Spalline con bottone a pressione destra \/ sinistra&nbsp;<\/span><\/li>\n<li><span style=\"font-weight: 400;\">Idrorepellente e traspirante&nbsp;<\/span><\/li>\n<li><span style=\"font-weight: 400;\">Realizzazione: vestibilit\u00e0 regolare<\/span><\/li>\n<li><span style=\"font-weight: 400;\">Lavabile in lavatrice a 30 gradi<\/span><\/li>\n<\/ul>\n","protected":false},"excerpt":{"rendered":"<p><span style=\"font-weight: 400;\">Camicia da uniforme con colletto &#8211; vestibilit\u00e0 regolare disponibile con manica corta o lunga.&nbsp;<\/span><\/p>\n<p><span style=\"font-weight: 400;\">Camicia a maniche lunghe nera per uniforme che garantisce un elevato comfort. Qualit\u00e0 elastica e molto confortevole, estremamente facile da lavare. Il tessuto misto idrorepellente ma traspirante in 80% poliestere, 10% cotone, 10% elastico \u00e8 dotato di due tasche applicate sul petto e due spalline con chiusura a scatto. Sul davanti della patta della tasca all&#8217;altezza del petto \u00e8 applicato un velcro soffice delle dimensioni di 10 cm x 2 cm per il nominativo. <\/span><\/p>\n","protected":false},"featured_media":140395,"comment_status":"closed","ping_status":"closed","template":"","meta":{"inline_featured_image":false},"product_brand":[],"product_cat":[1577,2190],"product_tag":[],"class_list":{"0":"post-140426","1":"product","2":"type-product","3":"status-publish","4":"has-post-thumbnail","6":"product_cat-camicie","7":"product_cat-abbigliamentoperiltempolibero","9":"first","10":"instock","11":"taxable","12":"shipping-taxable","13":"purchasable","14":"product-type-simple"},"_links":{"self":[{"href":"https:\/\/metal-badge.ch\/it\/wp-json\/wp\/v2\/product\/140426","targetHints":{"allow":["GET"]}}],"collection":[{"href":"https:\/\/metal-badge.ch\/it\/wp-json\/wp\/v2\/product"}],"about":[{"href":"https:\/\/metal-badge.ch\/it\/wp-json\/wp\/v2\/types\/product"}],"replies":[{"embeddable":true,"href":"https:\/\/metal-badge.ch\/it\/wp-json\/wp\/v2\/comments?post=140426"}],"wp:featuredmedia":[{"embeddable":true,"href":"https:\/\/metal-badge.ch\/it\/wp-json\/wp\/v2\/media\/140395"}],"wp:attachment":[{"href":"https:\/\/metal-badge.ch\/it\/wp-json\/wp\/v2\/media?parent=140426"}],"wp:term":[{"taxonomy":"product_brand","embeddable":true,"href":"https:\/\/metal-badge.ch\/it\/wp-json\/wp\/v2\/product_brand?post=140426"},{"taxonomy":"product_cat","embeddable":true,"href":"https:\/\/metal-badge.ch\/it\/wp-json\/wp\/v2\/product_cat?post=140426"},{"taxonomy":"product_tag","embeddable":true,"href":"https:\/\/metal-badge.ch\/it\/wp-json\/wp\/v2\/product_tag?post=140426"}],"curies":[{"name":"wp","href":"https:\/\/api.w.org\/{rel}","templated":true}]}}