{"id":140286,"date":"2024-06-03T09:49:16","date_gmt":"2024-06-03T07:49:18","guid":{"rendered":"https:\/\/metal-badge.ch\/?post_type=product&#038;p=140286"},"modified":"2024-09-23T18:20:29","modified_gmt":"2024-09-23T16:20:29","slug":"borsetta-porta-spray-al-pepe-porta-bottiglietta","status":"publish","type":"product","link":"https:\/\/metal-badge.ch\/it\/product\/140286\/borsetta-porta-spray-al-pepe-porta-bottiglietta\/","title":{"rendered":"Borsetta porta spray al pepe \/ porta bottiglietta"},"content":{"rendered":"<p><span style=\"font-weight: 400;\">Borsa universale per sistema Molle per spray al pepe di grandi dimensioni, bevande, da poter attaccare alla cintura o allo zaino. Adatto per cinture fino a 60 mm di larghezza. Passanti Molle con doppia sicurezza grazie a bottoni a pressione e velcro. L&#8217;apertura della borsa \u00e8 dotata di un elastico che tiene salda la bottiglietta. Inoltre, la borsa pu\u00f2 essere regolata e fissata all&#8217;esterno tramite una chiusura a scatto regolabile. Il materiale nyolon 1000D \u00e8 resistente alle intemperie e molto resistente.&nbsp;<\/span><\/p>\n<p><b>Descrizione prodotto<\/b><\/p>\n<ul>\n<li><span style=\"font-weight: 400;\">Colore: nero<\/span><span style=\"font-weight: 400;\"><br \/>\n<\/span><\/li>\n<li><span style=\"font-weight: 400;\">peso: 110 gr.<\/span><span style=\"font-weight: 400;\"><br \/>\n<\/span><span style=\"font-weight: 400;\">Materiale: nylon 1000D<\/span><\/li>\n<li><span style=\"font-weight: 400;\">Molto resistente&nbsp;<\/span><\/li>\n<li><span style=\"font-weight: 400;\">Una borsa Molle robusta per le bottiglie ed spray al pepe di grandi dimensioni.&nbsp;<\/span><\/li>\n<li><span style=\"font-weight: 400;\">con velcro e chiusura a doppio pulsante per cinture e zaini con sistema Molle<\/span><\/li>\n<li><span style=\"font-weight: 400;\">pu\u00f2 essere regolata e fissata nella parte anteriore con sgancio rapido a scatto<\/span><span style=\"font-weight: 400;\"><br \/>\n<\/span><\/li>\n<li><span style=\"font-weight: 400;\">Dimensioni: altezza Borsa 16 cm<\/span><span style=\"font-weight: 400;\"><br \/>\n<\/span><\/li>\n<li><span style=\"font-weight: 400;\">larghezza fondo: 8 cm elastico regolabile e bloccabile<\/span><\/li>\n<\/ul>\n","protected":false},"excerpt":{"rendered":"<p><span style=\"font-weight: 400;\">Borsa universale per sistema Molle per spray al pepe di grandi dimensioni, bevande, da poter attaccare alla cintura o allo zaino. Adatto per cinture fino a 60 mm di larghezza. Passanti Molle con doppia sicurezza grazie a bottoni a pressione e velcro. L&#8217;apertura della borsa \u00e8 dotata di un elastico che tiene salda la bottiglietta. Inoltre, la borsa pu\u00f2 essere regolata e fissata all&#8217;esterno tramite una chiusura a scatto regolabile. Il materiale nyolon 1000D \u00e8 resistente alle intemperie e molto resistente.&nbsp;<\/span><\/p>\n","protected":false},"featured_media":140290,"comment_status":"closed","ping_status":"closed","template":"","meta":{"inline_featured_image":false},"product_brand":[],"product_cat":[1060,888,1945,1468],"product_tag":[1782],"class_list":{"0":"post-140286","1":"product","2":"type-product","3":"status-publish","4":"has-post-thumbnail","6":"product_cat-borse","7":"product_cat-accessori","8":"product_cat-organizzazioni-a-luce-blu-sicurezza","9":"product_cat-radio-supporti","10":"product_tag-polizia-sicurezza","12":"first","13":"instock","14":"taxable","15":"shipping-taxable","16":"purchasable","17":"product-type-simple"},"_links":{"self":[{"href":"https:\/\/metal-badge.ch\/it\/wp-json\/wp\/v2\/product\/140286","targetHints":{"allow":["GET"]}}],"collection":[{"href":"https:\/\/metal-badge.ch\/it\/wp-json\/wp\/v2\/product"}],"about":[{"href":"https:\/\/metal-badge.ch\/it\/wp-json\/wp\/v2\/types\/product"}],"replies":[{"embeddable":true,"href":"https:\/\/metal-badge.ch\/it\/wp-json\/wp\/v2\/comments?post=140286"}],"wp:featuredmedia":[{"embeddable":true,"href":"https:\/\/metal-badge.ch\/it\/wp-json\/wp\/v2\/media\/140290"}],"wp:attachment":[{"href":"https:\/\/metal-badge.ch\/it\/wp-json\/wp\/v2\/media?parent=140286"}],"wp:term":[{"taxonomy":"product_brand","embeddable":true,"href":"https:\/\/metal-badge.ch\/it\/wp-json\/wp\/v2\/product_brand?post=140286"},{"taxonomy":"product_cat","embeddable":true,"href":"https:\/\/metal-badge.ch\/it\/wp-json\/wp\/v2\/product_cat?post=140286"},{"taxonomy":"product_tag","embeddable":true,"href":"https:\/\/metal-badge.ch\/it\/wp-json\/wp\/v2\/product_tag?post=140286"}],"curies":[{"name":"wp","href":"https:\/\/api.w.org\/{rel}","templated":true}]}}