{"id":139696,"date":"2024-05-29T21:32:17","date_gmt":"2024-05-29T19:32:18","guid":{"rendered":"https:\/\/metal-badge.ch\/?post_type=product&#038;p=139696"},"modified":"2024-05-29T21:40:26","modified_gmt":"2024-05-29T19:40:26","slug":"accendino-impermeabile-ricaricabile-nero-con-torcia-a-led","status":"publish","type":"product","link":"https:\/\/metal-badge.ch\/it\/product\/139696\/accendino-impermeabile-ricaricabile-nero-con-torcia-a-led\/","title":{"rendered":"Accendino impermeabile ricaricabile nero con torcia a LED"},"content":{"rendered":"<p><span style=\"font-weight: 400;\">Accendino con torcia A LED. La torcia ha tre modalit\u00e0; luce debole, luce forte, luce stroboscopica. Accendino ad arco antivento ricaricabile via USB. \u00c8 un accendino da esterno perfetto come accendino da campeggio, di emergenza, per esterni. L&#8217;accendino \u00e8 impermeabile perch\u00e9 l&#8217;anello di metallo \u00e8 sigillato e il coperchio ha una guarnizione a tenuta. Pertanto, questo accendino \u00e8 particolarmente adatto per essere utilizzato all&#8217;aperto in occasione di escursioni, viaggi, campeggio. \u00c8 impermeabile e pronto per l&#8217;uso in qualsiasi condizione atmosferica. Il coperchio di protezione pu\u00f2 essere fissato mediante un supporto. La Batteria al litio ricaricabile integrata si ricarica completamente entro circa 2 ore. Non serve gas o gas butano, non sar\u00e0 pi\u00f9 necessario riempirlo. Cos\u00ec risparmierete e avrete un accendino pulito, conveniente, economico e rispettoso dell&#8217;ambiente.<\/span><\/p>\n<p><span style=\"font-weight: 400;\">L&#8217;accendino ha naturalmente un occhiello per il fissaggio di un cordoncino che fa anch&#8217;esso parte del volume di consegna.&nbsp;<\/span><\/p>\n<p><b>Informazioni prodotto:<\/b><\/p>\n<ul>\n<li><span style=\"font-weight: 400;\">Tipo di accendino: doppia accenzione ad arco FR-169<\/span><\/li>\n<li><span style=\"font-weight: 400;\">Modalit\u00e0 di funzionamento: Elettrico<\/span><\/li>\n<li><span style=\"font-weight: 400;\">Tensione: 3.7 V<\/span><\/li>\n<li><span style=\"font-weight: 400;\">Tensione di carica: DC 5.0 +\/- 0.25 V<\/span><\/li>\n<li><span style=\"font-weight: 400;\">Tempo di ricarica: \u2264 1.5 ore<\/span><\/li>\n<li><span style=\"font-weight: 400;\">Durata della torcia elettrica: 2.5 ore<\/span><\/li>\n<li><span style=\"font-weight: 400;\">Batteria: 360mA<\/span><\/li>\n<li><span style=\"font-weight: 400;\">Colore: nero&nbsp;<\/span><\/li>\n<li><span style=\"font-weight: 400;\">Materiale: ABS + lega di zinco<\/span><\/li>\n<li><span style=\"font-weight: 400;\">Dimensioni: lunghezza 9.5 cm<\/span><\/li>\n<li><span style=\"font-weight: 400;\">Diametro: 2.5 cm<\/span><\/li>\n<li><span style=\"font-weight: 400;\">Larghezza: 3.5 cm<\/span><\/li>\n<li><span style=\"font-weight: 400;\">Peso: 55 gr.<\/span><\/li>\n<li><span style=\"font-weight: 400;\">Cavo di ricarica: USB \/ Micro USB<\/span><\/li>\n<li><span style=\"font-weight: 400;\">Incl. cordoncino<\/span><\/li>\n<\/ul>\n","protected":false},"excerpt":{"rendered":"<p><span style=\"font-weight: 400;\">Accendino con torcia A LED. La torcia ha tre modalit\u00e0; luce debole, luce forte, luce stroboscopica. Accendino ad arco antivento ricaricabile via USB. \u00c8 un accendino da esterno perfetto come accendino da campeggio, di emergenza, per esterni. L&#8217;accendino \u00e8 impermeabile perch\u00e9 l&#8217;anello di metallo \u00e8 sigillato e il coperchio ha una guarnizione a tenuta. Pertanto, questo accendino \u00e8 particolarmente adatto per essere utilizzato all&#8217;aperto in occasione di escursioni, viaggi, campeggio.<\/span><\/p>\n","protected":false},"featured_media":139700,"comment_status":"closed","ping_status":"closed","template":"","meta":{"inline_featured_image":false},"product_brand":[],"product_cat":[1280,888,1436],"product_tag":[1774,1766],"class_list":{"0":"post-139696","1":"product","2":"type-product","3":"status-publish","4":"has-post-thumbnail","6":"product_cat-accendini-a-gas","7":"product_cat-accessori","8":"product_cat-campeggio-viaggio","9":"product_tag-caccia-pesca","10":"product_tag-sport-outdoor-it","12":"first","13":"instock","14":"taxable","15":"shipping-taxable","16":"purchasable","17":"product-type-simple"},"_links":{"self":[{"href":"https:\/\/metal-badge.ch\/it\/wp-json\/wp\/v2\/product\/139696","targetHints":{"allow":["GET"]}}],"collection":[{"href":"https:\/\/metal-badge.ch\/it\/wp-json\/wp\/v2\/product"}],"about":[{"href":"https:\/\/metal-badge.ch\/it\/wp-json\/wp\/v2\/types\/product"}],"replies":[{"embeddable":true,"href":"https:\/\/metal-badge.ch\/it\/wp-json\/wp\/v2\/comments?post=139696"}],"wp:featuredmedia":[{"embeddable":true,"href":"https:\/\/metal-badge.ch\/it\/wp-json\/wp\/v2\/media\/139700"}],"wp:attachment":[{"href":"https:\/\/metal-badge.ch\/it\/wp-json\/wp\/v2\/media?parent=139696"}],"wp:term":[{"taxonomy":"product_brand","embeddable":true,"href":"https:\/\/metal-badge.ch\/it\/wp-json\/wp\/v2\/product_brand?post=139696"},{"taxonomy":"product_cat","embeddable":true,"href":"https:\/\/metal-badge.ch\/it\/wp-json\/wp\/v2\/product_cat?post=139696"},{"taxonomy":"product_tag","embeddable":true,"href":"https:\/\/metal-badge.ch\/it\/wp-json\/wp\/v2\/product_tag?post=139696"}],"curies":[{"name":"wp","href":"https:\/\/api.w.org\/{rel}","templated":true}]}}