{"id":139613,"date":"2024-05-29T01:03:35","date_gmt":"2024-05-28T23:03:36","guid":{"rendered":"https:\/\/metal-badge.ch\/?post_type=product&#038;p=139613"},"modified":"2024-05-29T02:33:37","modified_gmt":"2024-05-29T00:33:37","slug":"mini-lampada-multifunzione-con-luce-estremamente-luminosa-ip64","status":"publish","type":"product","link":"https:\/\/metal-badge.ch\/it\/product\/139613\/mini-lampada-multifunzione-con-luce-estremamente-luminosa-ip64\/","title":{"rendered":"Mini lampada multifunzione con luce estremamente luminosa &#8211; IP64"},"content":{"rendered":"<p><span style=\"font-weight: 400;\">La mini lampada multifunzionale con le tante funzioni aggiuntive. La luce bianca a LED estremamente luminosa con 500 Lumen e 6 modalit\u00e0 \u00e8 un compagno sicuro per il tuo prossimo viaggio o escursione. Essa garantisce fino a 4 ore di autonomia della batteria. La lampada pu\u00f2 essere ricaricata rapidamente con il cavo USB tramite un power bank tramite dalla rete elettrica.&nbsp;<\/span><\/p>\n<p><span style=\"font-weight: 400;\">Con la tracolla regolabile la lampada pu\u00f2 anche attaccata rapidamente e facilmente sullo zaino o su una borsa. Con appena 45 gr. di peso \u00e8 ideale per essere conservata. Lampada a LED con le sue numerose funzioni come apribottiglie, fischietto di emergenza, accedisigari ed una potente calamita sulla parte posteriore oltre ad un supporto da tavolo estensibile a 180 gradi.&nbsp;<\/span><\/p>\n<p><b>Informazioni prodotto:<\/b><\/p>\n<ul>\n<li><span style=\"font-weight: 400;\">Descrizione: Mini lampada multifunzione con le numerose funzioni aggiuntive<\/span><\/li>\n<li><span style=\"font-weight: 400;\">Materiale: plastica ABS \/ alluminio<\/span><\/li>\n<li><span style=\"font-weight: 400;\">Impermeabile: IP64&nbsp;&nbsp;<\/span><\/li>\n<li><span style=\"font-weight: 400;\">LED: luce bianca molto luminosa<\/span><\/li>\n<li><span style=\"font-weight: 400;\">Lumen: 500 Lumen<\/span><\/li>\n<li><span style=\"font-weight: 400;\">Lampada con 6 modalit\u00e0 \/ luminosit\u00e0 100%, luminosit\u00e0 60%, luminosit\u00e0 40%, luce bianca, luce rossa, luce rossa intermittente<\/span><\/li>\n<li><span style=\"font-weight: 400;\">Durata della batteria: circa 4 ore.&nbsp;<\/span><\/li>\n<li><span style=\"font-weight: 400;\">Con tracolla recolabile<\/span><\/li>\n<li><span style=\"font-weight: 400;\">Con accendisigari<\/span><\/li>\n<li><span style=\"font-weight: 400;\">Con fischietto di emergenza<\/span><\/li>\n<li><span style=\"font-weight: 400;\">Con supporto da tavolo regolabile estensibile a 180 gradi per posizionarla all&#8217;impiedi <\/span><span style=\"font-weight: 400;\"><br \/>\n<\/span><span style=\"font-weight: 400;\">Con apribottiglie e calamita sulla parte posteriore<\/span><\/li>\n<li><span style=\"font-weight: 400;\">Display carica batteria sulla parte posteriore con led blu<\/span><\/li>\n<li><span style=\"font-weight: 400;\">Batteria: batteria integrata ricaricabile 500 mah al litio<\/span><\/li>\n<li><span style=\"font-weight: 400;\">Cavetto USB incluso&nbsp;<\/span><\/li>\n<li><span style=\"font-weight: 400;\">Peso: 45 gr.&nbsp;<\/span><\/li>\n<li><span style=\"font-weight: 400;\">Dimensione: lunghezza 6.5 cm \/ larghezza 5.5cm \/&nbsp;<\/span><\/li>\n<li><span style=\"font-weight: 400;\">Profondit\u00e0: 2.5 cm<\/span><span style=\"font-weight: 400;\"><br \/>\n<\/span><\/li>\n<\/ul>\n","protected":false},"excerpt":{"rendered":"<p><span style=\"font-weight: 400;\">La mini lampada multifunzionale con le tante funzioni aggiuntive. La luce bianca a LED estremamente luminosa con 500 Lumen e 6 modalit\u00e0 \u00e8 un compagno sicuro per il tuo prossimo viaggio o escursione. Essa garantisce fino a 4 ore di autonomia della batteria. La lampada pu\u00f2 essere ricaricata rapidamente con il cavo USB tramite un power bank tramite dalla rete elettrica.&nbsp;<\/span><\/p>\n","protected":false},"featured_media":139617,"comment_status":"closed","ping_status":"closed","template":"","meta":{"inline_featured_image":false},"product_brand":[],"product_cat":[1344,888,1436],"product_tag":[1774,1766],"class_list":{"0":"post-139613","1":"product","2":"type-product","3":"status-publish","4":"has-post-thumbnail","6":"product_cat-lampade-lampadina-tascabile","7":"product_cat-accessori","8":"product_cat-campeggio-viaggio","9":"product_tag-caccia-pesca","10":"product_tag-sport-outdoor-it","12":"first","13":"instock","14":"taxable","15":"shipping-taxable","16":"purchasable","17":"product-type-simple"},"_links":{"self":[{"href":"https:\/\/metal-badge.ch\/it\/wp-json\/wp\/v2\/product\/139613","targetHints":{"allow":["GET"]}}],"collection":[{"href":"https:\/\/metal-badge.ch\/it\/wp-json\/wp\/v2\/product"}],"about":[{"href":"https:\/\/metal-badge.ch\/it\/wp-json\/wp\/v2\/types\/product"}],"replies":[{"embeddable":true,"href":"https:\/\/metal-badge.ch\/it\/wp-json\/wp\/v2\/comments?post=139613"}],"wp:featuredmedia":[{"embeddable":true,"href":"https:\/\/metal-badge.ch\/it\/wp-json\/wp\/v2\/media\/139617"}],"wp:attachment":[{"href":"https:\/\/metal-badge.ch\/it\/wp-json\/wp\/v2\/media?parent=139613"}],"wp:term":[{"taxonomy":"product_brand","embeddable":true,"href":"https:\/\/metal-badge.ch\/it\/wp-json\/wp\/v2\/product_brand?post=139613"},{"taxonomy":"product_cat","embeddable":true,"href":"https:\/\/metal-badge.ch\/it\/wp-json\/wp\/v2\/product_cat?post=139613"},{"taxonomy":"product_tag","embeddable":true,"href":"https:\/\/metal-badge.ch\/it\/wp-json\/wp\/v2\/product_tag?post=139613"}],"curies":[{"name":"wp","href":"https:\/\/api.w.org\/{rel}","templated":true}]}}