{"id":139360,"date":"2024-05-28T01:35:48","date_gmt":"2024-05-27T23:35:48","guid":{"rendered":"https:\/\/metal-badge.ch\/product\/139360\/mini-lampada-multifunzionale-con-luce-estremamente-luminosa\/"},"modified":"2024-05-28T01:35:48","modified_gmt":"2024-05-27T23:35:48","slug":"mini-lampada-multifunzionale-con-luce-estremamente-luminosa","status":"publish","type":"product","link":"https:\/\/metal-badge.ch\/it\/product\/139360\/mini-lampada-multifunzionale-con-luce-estremamente-luminosa\/","title":{"rendered":"Mini lampada multifunzionale con luce estremamente luminosa"},"content":{"rendered":"<p><span style=\"font-weight: 400;\">La mini lampada multifunzionale con le tante funzioni aggiuntive. La luce bianca a LED estremamente luminosa con 500 Lumen e 3 modalit\u00e0 \u00e8 un compagno sicuro per il Vostro prossimo viaggio o escursione. Essa ha una batteria che garantisce fino a 4 ore di autonomia. La lampada pu\u00f2 essere ricaricata rapidamente tramite il cavetto USB con un power bank o tramite dalla rete elettrica.&nbsp;<\/span><\/p>\n<p><span style=\"font-weight: 400;\">Grazie al moschettone, la lampada pu\u00f2 anche essere attaccata rapidamente e facilmente su uno zaino o su una borsa. Questa funzionale lampada \u00e8 adatta anche come portachiavi. Con appena 60 gr. di peso \u00e8 ideale per essere conservata. Lampada a LED con le sue numerose funzioni come apribottiglie, varie chiavi, set di 2 cacciavite italiano e americano che si trovano sulla parte posteriore e possono essere bloccate nella parte inferiore della lampada con un semplice movimento. La lampada ha una punta di metallo sulla staffa per rompere un finestrino dell&#8217;auto in caso di emergenza. Non manca nemmeno un supporto da tavolo estensibile a 180 gradi.&nbsp;<\/span><\/p>\n<p><b>Informazioni prodotto:<\/b><\/p>\n<ul>\n<li><span style=\"font-weight: 400;\">Descrizione: Mini lampada multifunzione con numerose funzioni aggiuntive<\/span><\/li>\n<li><span style=\"font-weight: 400;\">Materiale: plastica \/ alluminio<\/span><\/li>\n<li><span style=\"font-weight: 400;\">Impermeabile: IP64&nbsp;&nbsp;<\/span><\/li>\n<li><span style=\"font-weight: 400;\">LED: luce a LED bianca molto luminosa<\/span><\/li>\n<li><span style=\"font-weight: 400;\">Lumen: 500 Lumen<\/span><\/li>\n<li><span style=\"font-weight: 400;\">Lampada con 3 modalit\u00e0 \/ luminosit\u00e0 100%, luminosit\u00e0 60%, luce stroboscopica&nbsp;<\/span><\/li>\n<li><span style=\"font-weight: 400;\">Durata della batteria: circa 4 ore.&nbsp;<\/span><\/li>\n<li><span style=\"font-weight: 400;\">Batteria: batteria integrata ricaricabile 500 mah al litio<\/span><\/li>\n<li><span style=\"font-weight: 400;\">Cavetto USB incluso&nbsp;<\/span><\/li>\n<li><span style=\"font-weight: 400;\">Con moschettone di sicurezza per zaino o come portachiavi<\/span><\/li>\n<li><span style=\"font-weight: 400;\">Con supporto da tavolo regolabile estensibile a 180 gradi per posizionarla all&#8217;impiedi&nbsp;<\/span><\/li>\n<li><span style=\"font-weight: 400;\">Con apribottiglie e varie chiavi<\/span><\/li>\n<li><span style=\"font-weight: 400;\">Con set di 2 cacciaviti italiano e americano&nbsp;<\/span><\/li>\n<li><span style=\"font-weight: 400;\">Nella parte anteriore della staffa troviamo una punta in metallo per rompere il vetro dell&#8217;auto in caso di emergenza.&nbsp;<\/span><\/li>\n<li><span style=\"font-weight: 400;\">Forte calamita sul retro<\/span><\/li>\n<li><span style=\"font-weight: 400;\">Filettatura per un treppiedi presente nella parte inferiore<\/span><\/li>\n<li><span style=\"font-weight: 400;\">Peso: 60 gr.&nbsp;<\/span><\/li>\n<li><span style=\"font-weight: 400;\">Dimensione: lunghezza 10cm \/ larghezza 5cm \/ profondit\u00e0 2.5 cm<\/span><\/li>\n<\/ul>\n","protected":false},"excerpt":{"rendered":"<p><span style=\"font-weight: 400;\">La mini lampada multifunzionale con le tante funzioni aggiuntive. La luce bianca a LED estremamente luminosa con 500 Lumen e 3 modalit\u00e0 \u00e8 un compagno sicuro per il Vostro prossimo viaggio o escursione. Essa ha una batteria che garantisce fino a 4 ore di autonomia. La lampada pu\u00f2 essere ricaricata rapidamente tramite il cavetto USB con un power bank o tramite dalla rete elettrica.&nbsp;<\/span><\/p>\n","protected":false},"featured_media":139321,"comment_status":"closed","ping_status":"closed","template":"","meta":{"inline_featured_image":false},"product_brand":[],"product_cat":[1344,888,1436],"product_tag":[1774,1766],"class_list":{"0":"post-139360","1":"product","2":"type-product","3":"status-publish","4":"has-post-thumbnail","6":"product_cat-lampade-lampadina-tascabile","7":"product_cat-accessori","8":"product_cat-campeggio-viaggio","9":"product_tag-caccia-pesca","10":"product_tag-sport-outdoor-it","12":"first","13":"instock","14":"taxable","15":"shipping-taxable","16":"purchasable","17":"product-type-simple"},"_links":{"self":[{"href":"https:\/\/metal-badge.ch\/it\/wp-json\/wp\/v2\/product\/139360","targetHints":{"allow":["GET"]}}],"collection":[{"href":"https:\/\/metal-badge.ch\/it\/wp-json\/wp\/v2\/product"}],"about":[{"href":"https:\/\/metal-badge.ch\/it\/wp-json\/wp\/v2\/types\/product"}],"replies":[{"embeddable":true,"href":"https:\/\/metal-badge.ch\/it\/wp-json\/wp\/v2\/comments?post=139360"}],"wp:featuredmedia":[{"embeddable":true,"href":"https:\/\/metal-badge.ch\/it\/wp-json\/wp\/v2\/media\/139321"}],"wp:attachment":[{"href":"https:\/\/metal-badge.ch\/it\/wp-json\/wp\/v2\/media?parent=139360"}],"wp:term":[{"taxonomy":"product_brand","embeddable":true,"href":"https:\/\/metal-badge.ch\/it\/wp-json\/wp\/v2\/product_brand?post=139360"},{"taxonomy":"product_cat","embeddable":true,"href":"https:\/\/metal-badge.ch\/it\/wp-json\/wp\/v2\/product_cat?post=139360"},{"taxonomy":"product_tag","embeddable":true,"href":"https:\/\/metal-badge.ch\/it\/wp-json\/wp\/v2\/product_tag?post=139360"}],"curies":[{"name":"wp","href":"https:\/\/api.w.org\/{rel}","templated":true}]}}