{"id":138842,"date":"2024-05-22T06:57:22","date_gmt":"2024-05-22T04:57:23","guid":{"rendered":"https:\/\/metal-badge.ch\/?post_type=product&#038;p=138842"},"modified":"2024-05-22T07:07:28","modified_gmt":"2024-05-22T05:07:28","slug":"benda-israeliana-bendaggio-a-pressione-con-applicatore-meb-03","status":"publish","type":"product","link":"https:\/\/metal-badge.ch\/it\/product\/138842\/benda-israeliana-bendaggio-a-pressione-con-applicatore-meb-03\/","title":{"rendered":"Benda israeliana &#8211; bendaggio a pressione con applicatore &#8211; MEB-03"},"content":{"rendered":"<p><span style=\"font-weight: 400;\">Fasciatura rapida israeliana (fasciatura a pressione) 6 pollici \/ 15 cm di larghezza<\/span><\/p>\n<p><span style=\"font-weight: 400;\">L&#8217;originale benda di emergenza \u00e8 la benda traumatologica pi\u00f9 venduta al mondo e fa parte dell&#8217;equipaggiamento standard di diversi eserciti, corpi di polizia e Forze Speciali. \u00c8 una soluzione multifunzionale per il controllo del sanguinamento.<\/span><span style=\"font-weight: 400;\"><br \/>\n<\/span><span style=\"font-weight: 400;\"><br \/>\n<\/span><span style=\"font-weight: 400;\">Grazie alla benda israeliana con applicatore a pressione integrato, anche le emorragie potenzialmente letali possono essere fermate in modo rapido e affidabile. Questa medicazione piccola e compatta per ferite non pu\u00f2 mancare in nessun kit di Pronto Soccorso! L&#8217;articolo \u00e8 confezionato in maniera sterile, sigillato sottovuoto (impermeabile) e pu\u00f2 essere conservato per diversi anni. La benda pu\u00f2 esercitare fino a 18 chili di pressione sulla ferita, fermando cos\u00ec l&#8217;emorragia.<\/span><\/p>\n<p><span style=\"font-weight: 400;\">In caso di emergenza, questo bendaggio a pressione offre un grande aiuto e pu\u00f2 salvare vite umane. Questa medicazione di emergenza israeliana combina molte possibilit\u00e0 di applicazione in un unico prodotto.<\/span><\/p>\n<p><span style=\"font-weight: 400;\">La benda \u00e8 confezionata sottovuoto in maniera sterile e con delle immagini di istruzione all&#8217;uso sulla confezione.&nbsp;<\/span><\/p>\n<p><b>Informazioni prodotto:<\/b><\/p>\n<ul>\n<li><span style=\"font-weight: 400;\">Nome: benda israeliana MEB-03<\/span><\/li>\n<li><span style=\"font-weight: 400;\">Colore: verde oliva&nbsp;<\/span><\/li>\n<li><span style=\"font-weight: 400;\">Larghezza: 15 cm&nbsp;<\/span><\/li>\n<li><span style=\"font-weight: 400;\">Peso: 85 gr..&nbsp;<\/span><\/li>\n<li><span style=\"font-weight: 400;\">Lunghezza benda: 160 cm estensibile<\/span><\/li>\n<li><span style=\"font-weight: 400;\">emostasi efficiente<\/span><\/li>\n<li><span style=\"font-weight: 400;\">Pad antiaderente (non provoca dolore durante l&#8217;apertura e riduce al minimo il rischio di riaprire la ferita durante la rimozione)<\/span><\/li>\n<li><span style=\"font-weight: 400;\">Applicatore a pressione (per una pressione diretta sul lato della ferita)<\/span><\/li>\n<li><span style=\"font-weight: 400;\">medicazione secondaria sterile (mantiene pulita l&#8217;area della ferita e mantiene il pad e la pressione nel posto giusto)<\/span><\/li>\n<li><span style=\"font-weight: 400;\">Chiusura a scatto (consente la chiusura e il fissaggio della benda di emergenza in qualsiasi punto)<\/span><\/li>\n<li><span style=\"font-weight: 400;\">applicazione rapida e semplice (\u00e8 possibile applicarla autonomamente)<\/span><\/li>\n<li><span style=\"font-weight: 400;\">progettato per l&#8217;utente finale; per l&#8217;utente addestrato al Pronto Soccorso e aiutanti senza esperienza.<\/span><\/li>\n<li><span style=\"font-weight: 400;\">Facilit\u00e0 d&#8217;uso &#8211; istruzioni passo passo&nbsp;<\/span><\/li>\n<li><span style=\"font-weight: 400;\">Confezionato in maniera sterile e sottovuoto<\/span><\/li>\n<\/ul>\n","protected":false},"excerpt":{"rendered":"<p><span style=\"font-weight: 400;\">Fasciatura rapida israeliana (fasciatura a pressione) 6 pollici \/ 15 cm di larghezza<\/span><\/p>\n<p><span style=\"font-weight: 400;\">L&#8217;originale benda di emergenza \u00e8 la benda traumatologica pi\u00f9 venduta al mondo e fa parte dell&#8217;equipaggiamento standard di diversi eserciti, corpi di polizia e Forze Speciali. \u00c8 una soluzione multifunzionale per il controllo del sanguinamento.<\/span><span style=\"font-weight: 400;\"><br \/>\n<\/span><span style=\"font-weight: 400;\"><br \/>\n<\/span><span style=\"font-weight: 400;\">Grazie alla benda israeliana con applicatore a pressione integrato, anche le emorragie potenzialmente letali possono essere fermate in modo rapido e affidabile. Questa medicazione piccola e compatta per ferite non pu\u00f2 mancare in nessun kit di Pronto Soccorso! L&#8217;articolo \u00e8 confezionato in maniera sterile, sigillato sottovuoto (impermeabile) e pu\u00f2 essere conservato per diversi anni. La benda pu\u00f2 esercitare fino a 18 chili di pressione sulla ferita, fermando cos\u00ec l&#8217;emorragia.<\/span><\/p>\n","protected":false},"featured_media":138846,"comment_status":"closed","ping_status":"closed","template":"","meta":{"inline_featured_image":false},"product_brand":[],"product_cat":[1945,888],"product_tag":[1778,1782,1786],"class_list":{"0":"post-138842","1":"product","2":"type-product","3":"status-publish","4":"has-post-thumbnail","6":"product_cat-organizzazioni-a-luce-blu-sicurezza","7":"product_cat-accessori","8":"product_tag-campeggio-viaggio","9":"product_tag-polizia-sicurezza","10":"product_tag-pronto-soccorso-soccorso","12":"first","13":"instock","14":"taxable","15":"shipping-taxable","16":"purchasable","17":"product-type-simple"},"_links":{"self":[{"href":"https:\/\/metal-badge.ch\/it\/wp-json\/wp\/v2\/product\/138842","targetHints":{"allow":["GET"]}}],"collection":[{"href":"https:\/\/metal-badge.ch\/it\/wp-json\/wp\/v2\/product"}],"about":[{"href":"https:\/\/metal-badge.ch\/it\/wp-json\/wp\/v2\/types\/product"}],"replies":[{"embeddable":true,"href":"https:\/\/metal-badge.ch\/it\/wp-json\/wp\/v2\/comments?post=138842"}],"wp:featuredmedia":[{"embeddable":true,"href":"https:\/\/metal-badge.ch\/it\/wp-json\/wp\/v2\/media\/138846"}],"wp:attachment":[{"href":"https:\/\/metal-badge.ch\/it\/wp-json\/wp\/v2\/media?parent=138842"}],"wp:term":[{"taxonomy":"product_brand","embeddable":true,"href":"https:\/\/metal-badge.ch\/it\/wp-json\/wp\/v2\/product_brand?post=138842"},{"taxonomy":"product_cat","embeddable":true,"href":"https:\/\/metal-badge.ch\/it\/wp-json\/wp\/v2\/product_cat?post=138842"},{"taxonomy":"product_tag","embeddable":true,"href":"https:\/\/metal-badge.ch\/it\/wp-json\/wp\/v2\/product_tag?post=138842"}],"curies":[{"name":"wp","href":"https:\/\/api.w.org\/{rel}","templated":true}]}}