{"id":138773,"date":"2024-05-22T06:06:23","date_gmt":"2024-05-22T04:06:24","guid":{"rendered":"https:\/\/metal-badge.ch\/?post_type=product&#038;p=138773"},"modified":"2024-05-22T06:17:54","modified_gmt":"2024-05-22T04:17:54","slug":"fondina-da-spalla-per-pistole-in-nylon","status":"publish","type":"product","link":"https:\/\/metal-badge.ch\/it\/product\/138773\/fondina-da-spalla-per-pistole-in-nylon\/","title":{"rendered":"Fondina da spalla per pistole in nylon"},"content":{"rendered":"<p><span style=\"font-weight: 400;\">La fondina da spalla per pistola in nylon con doppio porta-caricatore. La fondina pu\u00f2 essere montata sia a destra che a sinistra ed il sistema di chiusura a click pu\u00f2 essere riposto sia a destra che a sinistra. Inoltre la essa pu\u00f2 essere regolata individualmente alla taglia. Le cinutre sulle spalle solo elastiche. Molto leggera e comoda da indossare. La fondina \u00e8 per pistola viene fissata da un cinturino elastico con bottoni automatici a pressione. Fondina, <\/span><b><i>porta-pistola e porta-caricatore<\/i><\/b><span style=\"font-weight: 400;\"> possono essere fissati e regolati su entrambi i lati sulla parte inferiore del cinturino mediante velcoro e bottoni automatici a pressione.&nbsp;&nbsp;<\/span><\/p>\n<p><b>Informazioni prodotto:&nbsp;<\/b><\/p>\n<ul>\n<li><span style=\"font-weight: 400;\">Nome: fondina da Spalla per pistola con due porta-caricatori<\/span><\/li>\n<li><span style=\"font-weight: 400;\">Pu\u00f2 essere portata a destra o a sinistra \/ intercambiabile grazie a sistema di chiusura a click.<\/span><span style=\"font-weight: 400;\"><br \/>\n<\/span><span style=\"font-weight: 400;\">Borsetta porta-caricatore con velcro che si apre verso il basso&nbsp;<\/span><\/li>\n<li><span style=\"font-weight: 400;\">Fondina fissata con elastico e bottoni a pressione autmatica.<\/span><\/li>\n<li><span style=\"font-weight: 400;\">La fondina per pistola ed il porta-caricatore ore possono essere fissati alla cintura mediante passante e velcro.&nbsp;<\/span><\/li>\n<li><span style=\"font-weight: 400;\">La fondina \u00e8 regolabile sulle spalle tramite elastico e lateralmente tramite un sistema a chiusura a click<\/span><\/li>\n<li><span style=\"font-weight: 400;\">Colore: nero&nbsp;<\/span><\/li>\n<li><span style=\"font-weight: 400;\">Materiale: nylon \/ poliestere&nbsp;<\/span><\/li>\n<li><span style=\"font-weight: 400;\">Peso: 200 gr.&nbsp;<\/span><\/li>\n<li><span style=\"font-weight: 400;\">Adatta per Walther PPK, Beretta, SIG 220-229, Glock,Ruger LCP etc<\/span><\/li>\n<\/ul>\n","protected":false},"excerpt":{"rendered":"<p><span style=\"font-weight: 400;\">La fondina da spalla per pistola in nylon con doppio porta-caricatore. La fondina pu\u00f2 essere montata sia a destra che a sinistra ed il sistema di chiusura a click pu\u00f2 essere riposto sia a destra che a sinistra. Inoltre la essa pu\u00f2 essere regolata individualmente alla taglia. Le cinutre sulle spalle solo elastiche. Molto leggera e comoda da indossare. La fondina \u00e8 per pistola viene fissata da un cinturino elastico con bottoni automatici a pressione. Fondina, <\/span><b><i>porta-pistola e porta-caricatore<\/i><\/b><span style=\"font-weight: 400;\"> possono essere fissati e regolati su entrambi i lati sulla parte inferiore del cinturino mediante velcoro e bottoni automatici a pressione.&nbsp;&nbsp;<\/span><\/p>\n","protected":false},"featured_media":138777,"comment_status":"closed","ping_status":"closed","template":"","meta":{"inline_featured_image":false},"product_brand":[],"product_cat":[1945,1480],"product_tag":[1782,1766],"class_list":{"0":"post-138773","1":"product","2":"type-product","3":"status-publish","4":"has-post-thumbnail","6":"product_cat-organizzazioni-a-luce-blu-sicurezza","7":"product_cat-fondine","8":"product_tag-polizia-sicurezza","9":"product_tag-sport-outdoor-it","11":"first","12":"instock","13":"taxable","14":"shipping-taxable","15":"purchasable","16":"product-type-simple"},"_links":{"self":[{"href":"https:\/\/metal-badge.ch\/it\/wp-json\/wp\/v2\/product\/138773","targetHints":{"allow":["GET"]}}],"collection":[{"href":"https:\/\/metal-badge.ch\/it\/wp-json\/wp\/v2\/product"}],"about":[{"href":"https:\/\/metal-badge.ch\/it\/wp-json\/wp\/v2\/types\/product"}],"replies":[{"embeddable":true,"href":"https:\/\/metal-badge.ch\/it\/wp-json\/wp\/v2\/comments?post=138773"}],"wp:featuredmedia":[{"embeddable":true,"href":"https:\/\/metal-badge.ch\/it\/wp-json\/wp\/v2\/media\/138777"}],"wp:attachment":[{"href":"https:\/\/metal-badge.ch\/it\/wp-json\/wp\/v2\/media?parent=138773"}],"wp:term":[{"taxonomy":"product_brand","embeddable":true,"href":"https:\/\/metal-badge.ch\/it\/wp-json\/wp\/v2\/product_brand?post=138773"},{"taxonomy":"product_cat","embeddable":true,"href":"https:\/\/metal-badge.ch\/it\/wp-json\/wp\/v2\/product_cat?post=138773"},{"taxonomy":"product_tag","embeddable":true,"href":"https:\/\/metal-badge.ch\/it\/wp-json\/wp\/v2\/product_tag?post=138773"}],"curies":[{"name":"wp","href":"https:\/\/api.w.org\/{rel}","templated":true}]}}