{"id":138586,"date":"2024-05-15T06:47:10","date_gmt":"2024-05-15T04:47:11","guid":{"rendered":"https:\/\/metal-badge.ch\/?post_type=product&#038;p=138586"},"modified":"2024-05-15T06:59:01","modified_gmt":"2024-05-15T04:59:01","slug":"macinapepe-elettrico-macina-spezie-automatico-con-luce-a-led-a-batteria-nero","status":"publish","type":"product","link":"https:\/\/metal-badge.ch\/it\/product\/138586\/macinapepe-elettrico-macina-spezie-automatico-con-luce-a-led-a-batteria-nero\/","title":{"rendered":"Macinapepe elettrico \/ macina spezie automatico con luce a LED (a batteria) &#8211; Nero"},"content":{"rendered":"<p><span style=\"font-weight: 400;\">Puoi avere entrambi i risultati con questo macina spezie elettrico: grazie alla regolazione precisa e regolabile del meccanismo di macinazione si possono macinare spezie in maniera fine o grossolana. Il macina spezie pu\u00f2 essere utilizzato praticamente con una sola mano. Per fare ci\u00f2, inclinatelo in avanti e la macinazione si avvier\u00e0 automaticamente. Grazie alla luce a LED, potrete seguire con precisione il dosaggio nella pentola o sul piatto. La finestrella trasparente nella parte superiore Vi consente di tenere sempre d&#8217;occhio il livello. Potete usare il macina spezie per tutti i tipi di spezie, come sale marino, sale dell&#8217;Himalaia o pepe.<\/span><\/p>\n<p><span style=\"font-weight: 400;\">Il macina spezie elettrico trendy in stile Chef de Cuisine Copper unisce eleganza e funzionalit\u00e0. Con un interruttore gravitazionale intuitivo e un meccanismo in ceramica regolabile, consente un preciso condimento.&nbsp;<\/span><\/p>\n<p><b>Informazioni prodotto:<\/b><\/p>\n<ul>\n<li><span style=\"font-weight: 400;\">Nome: macina pepe elettrico&nbsp;<\/span><\/li>\n<li><span style=\"font-weight: 400;\">Colore: nero \/ trasparente<\/span><\/li>\n<li><span style=\"font-weight: 400;\">Materiale: plastica<\/span><\/li>\n<li><span style=\"font-weight: 400;\">Dimensioni: circa 20.5 x 6 cm<\/span><\/li>\n<li><span style=\"font-weight: 400;\">Peso: circa 292 gr.<\/span><\/li>\n<li><span style=\"font-weight: 400;\">Macina pepe automatico:<\/span><\/li>\n<li><span style=\"font-weight: 400;\">Il meccanismo di macinazione pu\u00f2 essere regolato<\/span><\/li>\n<li><span style=\"font-weight: 400;\">Con la grande luce blu a LED quando macina<\/span><\/li>\n<li><span style=\"font-weight: 400;\">Ideale per sale o pepe<\/span><\/li>\n<li><span style=\"font-weight: 400;\">Facile utilizzo e pulizia<\/span><\/li>\n<li><span style=\"font-weight: 400;\">Accattivante sul tavolo della cucina<\/span><\/li>\n<li><span style=\"font-weight: 400;\">Funziona con 6 batterie AAA (non incluse)<\/span><\/li>\n<li><span style=\"font-weight: 400;\">Preferite il pepe macinato in maniera grossolana o fine?<\/span><\/li>\n<li><span style=\"font-weight: 400;\">Nota: il macina spezie \u00e8 alimentato da 6 batterie AAA, che non sono incluse.<\/span><\/li>\n<\/ul>\n","protected":false},"excerpt":{"rendered":"<p><span style=\"font-weight: 400;\">Puoi avere entrambi i risultati con questo macina spezie elettrico: grazie alla regolazione precisa e regolabile del meccanismo di macinazione si possono macinare spezie in maniera fine o grossolana. Il macina spezie pu\u00f2 essere utilizzato praticamente con una sola mano. Per fare ci\u00f2, inclinatelo in avanti e la macinazione si avvier\u00e0 automaticamente. Grazie alla luce a LED, potrete seguire con precisione il dosaggio nella pentola o sul piatto. La finestrella trasparente nella parte superiore Vi consente di tenere sempre d&#8217;occhio il livello. Potete usare il macina spezie per tutti i tipi di spezie, come sale marino, sale dell&#8217;Himalaia o pepe.<\/span><\/p>\n","protected":false},"featured_media":138590,"comment_status":"closed","ping_status":"closed","template":"","meta":{"inline_featured_image":false},"product_brand":[],"product_cat":[1436,888],"product_tag":[1778,1891],"class_list":{"0":"post-138586","1":"product","2":"type-product","3":"status-publish","4":"has-post-thumbnail","6":"product_cat-campeggio-viaggio","7":"product_cat-accessori","8":"product_tag-campeggio-viaggio","9":"product_tag-i-regali","11":"first","12":"instock","13":"taxable","14":"shipping-taxable","15":"purchasable","16":"product-type-simple"},"_links":{"self":[{"href":"https:\/\/metal-badge.ch\/it\/wp-json\/wp\/v2\/product\/138586","targetHints":{"allow":["GET"]}}],"collection":[{"href":"https:\/\/metal-badge.ch\/it\/wp-json\/wp\/v2\/product"}],"about":[{"href":"https:\/\/metal-badge.ch\/it\/wp-json\/wp\/v2\/types\/product"}],"replies":[{"embeddable":true,"href":"https:\/\/metal-badge.ch\/it\/wp-json\/wp\/v2\/comments?post=138586"}],"wp:featuredmedia":[{"embeddable":true,"href":"https:\/\/metal-badge.ch\/it\/wp-json\/wp\/v2\/media\/138590"}],"wp:attachment":[{"href":"https:\/\/metal-badge.ch\/it\/wp-json\/wp\/v2\/media?parent=138586"}],"wp:term":[{"taxonomy":"product_brand","embeddable":true,"href":"https:\/\/metal-badge.ch\/it\/wp-json\/wp\/v2\/product_brand?post=138586"},{"taxonomy":"product_cat","embeddable":true,"href":"https:\/\/metal-badge.ch\/it\/wp-json\/wp\/v2\/product_cat?post=138586"},{"taxonomy":"product_tag","embeddable":true,"href":"https:\/\/metal-badge.ch\/it\/wp-json\/wp\/v2\/product_tag?post=138586"}],"curies":[{"name":"wp","href":"https:\/\/api.w.org\/{rel}","templated":true}]}}