{"id":138180,"date":"2024-05-13T19:05:04","date_gmt":"2024-05-13T17:05:05","guid":{"rendered":"https:\/\/metal-badge.ch\/?post_type=product&#038;p=138180"},"modified":"2024-05-13T19:10:33","modified_gmt":"2024-05-13T17:10:33","slug":"nassa-per-pesce-e-gamberi-di-fiume-sl-04","status":"publish","type":"product","link":"https:\/\/metal-badge.ch\/it\/product\/138180\/nassa-per-pesce-e-gamberi-di-fiume-sl-04\/","title":{"rendered":"Nassa per pesce e gamberi di fiume SL-04"},"content":{"rendered":"<p><span style=\"font-weight: 400;\">L&#8217;uso semplice e conveniente di questa nassa per pesce o gamberi di fiume&nbsp; rende facile la cattura dei pesci. La nassa pu\u00f2 essere aperta dall&#8217;alto come un ombrello, azionando un cordoncino. Essa \u00e8 dotata di 8 ingressi e 1 uscita nella parte inferiore. All&#8217;uscita sul fondo pu\u00f2 essere agganciata con una seconda nassa o anche chiusa con una corda. Ogni entrata ha un diametro di 16cm e converge verso l&#8217;interno. La nassa \u00e8 costituita da una rete verde a maglia fine, che \u00e8 collegata tramite una struttura in metallo. La nassa \u00e8 estremamente leggera e pu\u00f2 essere piegata. Occupa poco spazio e si pu\u00f2 essere trasportata all&#8217;esterno di qualsiasi zaino.&nbsp;<\/span><\/p>\n<p><b>Istruzioni: <\/b><span style=\"font-weight: 400;\">aprire ed inserire l&#8217;esca nell&#8217;apposito sacchetto. Quindi rilasciare la nassa e posizionarla.&nbsp;&nbsp;<\/span><\/p>\n<p><b>Informazioni prodotto:&nbsp;<\/b><\/p>\n<ul>\n<li><span style=\"font-weight: 400;\">Denominazione: nassa per pesca SL-04&nbsp;<\/span><\/li>\n<li><span style=\"font-weight: 400;\">Facile da usare<\/span><\/li>\n<li><span style=\"font-weight: 400;\">Nassa con 6 accessi rotondi sulla parte anteriore con 16 cm di diametro che convergono verso l&#8217;interno<\/span><\/li>\n<li><span style=\"font-weight: 400;\">Rete a maglia fine 4mm&nbsp;<\/span><\/li>\n<li><span style=\"font-weight: 400;\">Colore: verde<\/span><\/li>\n<li><span style=\"font-weight: 400;\">Peso: 220 gr.&nbsp;<\/span><\/li>\n<li><span style=\"font-weight: 400;\">Materiale: tessuto a rete<\/span><\/li>\n<li><span style=\"font-weight: 400;\">Struttura portante in metallo<\/span><\/li>\n<li><span style=\"font-weight: 400;\">Dimensioni: lunghezza 93 cm x larghezza 73 cm x altezza 40 cm<\/span><\/li>\n<li><span style=\"font-weight: 400;\">Dimensioni esterne: impacchettata lunghezza 62 centimetri&nbsp;<\/span><\/li>\n<li><span style=\"font-weight: 400;\">Pieghevole come un ombrello<\/span><\/li>\n<li><span style=\"font-weight: 400;\">Adatta per pesci, gamberi e gamberetti di fiume<\/span><\/li>\n<\/ul>\n","protected":false},"excerpt":{"rendered":"<p><span style=\"font-weight: 400;\">L&#8217;uso semplice e conveniente di questa nassa per pesce o gamberi di fiume&nbsp; rende facile la cattura dei pesci. La nassa pu\u00f2 essere aperta dall&#8217;alto come un ombrello, azionando un cordoncino. Essa \u00e8 dotata di 8 ingressi e 1 uscita nella parte inferiore. All&#8217;uscita sul fondo pu\u00f2 essere agganciata con una seconda nassa o anche chiusa con una corda. Ogni entrata ha un diametro di 16cm e converge verso l&#8217;interno. La nassa \u00e8 costituita da una rete verde a maglia fine, che \u00e8 collegata tramite una struttura in metallo. La nassa \u00e8 estremamente leggera e pu\u00f2 essere piegata. Occupa poco spazio e si pu\u00f2 essere trasportata all&#8217;esterno di qualsiasi zaino.&nbsp;<\/span><\/p>\n","protected":false},"featured_media":138192,"comment_status":"closed","ping_status":"closed","template":"","meta":{"inline_featured_image":false},"product_brand":[],"product_cat":[1436,888],"product_tag":[1774,1766],"class_list":{"0":"post-138180","1":"product","2":"type-product","3":"status-publish","4":"has-post-thumbnail","6":"product_cat-campeggio-viaggio","7":"product_cat-accessori","8":"product_tag-caccia-pesca","9":"product_tag-sport-outdoor-it","11":"first","12":"instock","13":"taxable","14":"shipping-taxable","15":"purchasable","16":"product-type-simple"},"_links":{"self":[{"href":"https:\/\/metal-badge.ch\/it\/wp-json\/wp\/v2\/product\/138180","targetHints":{"allow":["GET"]}}],"collection":[{"href":"https:\/\/metal-badge.ch\/it\/wp-json\/wp\/v2\/product"}],"about":[{"href":"https:\/\/metal-badge.ch\/it\/wp-json\/wp\/v2\/types\/product"}],"replies":[{"embeddable":true,"href":"https:\/\/metal-badge.ch\/it\/wp-json\/wp\/v2\/comments?post=138180"}],"wp:featuredmedia":[{"embeddable":true,"href":"https:\/\/metal-badge.ch\/it\/wp-json\/wp\/v2\/media\/138192"}],"wp:attachment":[{"href":"https:\/\/metal-badge.ch\/it\/wp-json\/wp\/v2\/media?parent=138180"}],"wp:term":[{"taxonomy":"product_brand","embeddable":true,"href":"https:\/\/metal-badge.ch\/it\/wp-json\/wp\/v2\/product_brand?post=138180"},{"taxonomy":"product_cat","embeddable":true,"href":"https:\/\/metal-badge.ch\/it\/wp-json\/wp\/v2\/product_cat?post=138180"},{"taxonomy":"product_tag","embeddable":true,"href":"https:\/\/metal-badge.ch\/it\/wp-json\/wp\/v2\/product_tag?post=138180"}],"curies":[{"name":"wp","href":"https:\/\/api.w.org\/{rel}","templated":true}]}}