{"id":137692,"date":"2024-05-08T00:36:51","date_gmt":"2024-05-07T22:36:52","guid":{"rendered":"https:\/\/metal-badge.ch\/?post_type=product&#038;p=137692"},"modified":"2024-05-08T00:44:33","modified_gmt":"2024-05-07T22:44:33","slug":"protezione-per-la-testa-softshell-per-calcio-rugby-ecc-colori-mimetici","status":"publish","type":"product","link":"https:\/\/metal-badge.ch\/it\/product\/137692\/protezione-per-la-testa-softshell-per-calcio-rugby-ecc-colori-mimetici\/","title":{"rendered":"Protezione per la testa Softshell per calcio, rugby ecc. Colori mimetici"},"content":{"rendered":"<p><span style=\"font-weight: 400;\">La protezione per la testa, copricapo da calcio \u00e8 realizzato in poliestere di alta qualit\u00e0 e tessuto in spugna, che \u00e8 traspirante e confortevole. Ottima fattura, resistenza all&#8217;usura e resistenza allo sporco. Leggero e morbido, molto comodo da indossare. La nostra taglia unica che pu\u00f2 essere regolata sul mento e sul retro con cordoncino elastico sulla testa. Questa morbida protezione per la testa offre una protezione perfetta per la tua testa. Design, il morbido copricapo imbottito \u00e8 dotato di diversi EVA-pads ispessiti, che hanno un forte potere di assorbimento e resistenza agli urti. Il nostro casco morbido offre agli atleti un&#8217;eccellente protezione della testa, un eccellente assorbimento degli urti e prestazioni di decompressione. Numerose prese d&#8217;aria possono assorbire efficacemente umidit\u00e0 e sudore, mantenendovi asciutti e freschi.Questo copricapo da calcio imbottito ha un&#8217;efficace funzione di protezione anticaduta grazie alla protezione per la testa Multisport, adatta non solo per vari sport outdoor come calcio, rugby, hockey sul ghiaccio, skateboard, pattinaggio, wrestling, ciclismo, arti marziali, ma anche per sincope e pazienti autistici. Una protezione perfetta per la testa.&nbsp;<\/span><\/p>\n<p><b>Informazioni prodotto:&nbsp;<\/b><\/p>\n<ul>\n<li><span style=\"font-weight: 400;\">Nome: protezione per la testa&nbsp;<\/span><\/li>\n<li><span style=\"font-weight: 400;\">Colore: Colori mimetici<\/span><\/li>\n<li><span style=\"font-weight: 400;\">Materiale: poliestere spandex e schiuma EVA&nbsp;&nbsp;<\/span><\/li>\n<li><span style=\"font-weight: 400;\">Anti collisione, assorbimento degli urti con EVA-pads<\/span><\/li>\n<li><span style=\"font-weight: 400;\">Traspirante&nbsp;<\/span><\/li>\n<li><span style=\"font-weight: 400;\">Leggero, sensazione molto confortevole nell&#8217;indossarlo<\/span><\/li>\n<li><span style=\"font-weight: 400;\">Taglia unica per adulti regolabile sul mento e sul retro tramite cordoncino elastico sulla testa&nbsp;<\/span><\/li>\n<li><span style=\"font-weight: 400;\">Adatto per sport come calcio, rugby, skateboard, arti marziali, ecc.<\/span><\/li>\n<\/ul>\n","protected":false},"excerpt":{"rendered":"<p><span style=\"font-weight: 400;\">La protezione per la testa, copricapo da calcio \u00e8 realizzato in poliestere di alta qualit\u00e0 e tessuto in spugna, che \u00e8 traspirante e confortevole. Ottima fattura, resistenza all&#8217;usura e resistenza allo sporco. Leggero e morbido, molto comodo da indossare. La nostra taglia unica che pu\u00f2 essere regolata sul mento e sul retro con cordoncino elastico sulla testa. Questa morbida protezione per la testa offre una protezione perfetta per la tua testa. Design, il morbido copricapo imbottito \u00e8 dotato di diversi EVA-pads ispessiti, che hanno un forte potere di assorbimento e resistenza agli urti<\/span><\/p>\n","protected":false},"featured_media":137696,"comment_status":"closed","ping_status":"closed","template":"","meta":{"inline_featured_image":false},"product_brand":[],"product_cat":[1707,888,1638,1591],"product_tag":[1766],"class_list":{"0":"post-137692","1":"product","2":"type-product","3":"status-publish","4":"has-post-thumbnail","6":"product_cat-caschi","7":"product_cat-accessori","8":"product_cat-protezione-per-il-viso-maschere","9":"product_cat-tute-protettive","10":"product_tag-sport-outdoor-it","12":"first","13":"instock","14":"taxable","15":"shipping-taxable","16":"purchasable","17":"product-type-simple"},"_links":{"self":[{"href":"https:\/\/metal-badge.ch\/it\/wp-json\/wp\/v2\/product\/137692","targetHints":{"allow":["GET"]}}],"collection":[{"href":"https:\/\/metal-badge.ch\/it\/wp-json\/wp\/v2\/product"}],"about":[{"href":"https:\/\/metal-badge.ch\/it\/wp-json\/wp\/v2\/types\/product"}],"replies":[{"embeddable":true,"href":"https:\/\/metal-badge.ch\/it\/wp-json\/wp\/v2\/comments?post=137692"}],"wp:featuredmedia":[{"embeddable":true,"href":"https:\/\/metal-badge.ch\/it\/wp-json\/wp\/v2\/media\/137696"}],"wp:attachment":[{"href":"https:\/\/metal-badge.ch\/it\/wp-json\/wp\/v2\/media?parent=137692"}],"wp:term":[{"taxonomy":"product_brand","embeddable":true,"href":"https:\/\/metal-badge.ch\/it\/wp-json\/wp\/v2\/product_brand?post=137692"},{"taxonomy":"product_cat","embeddable":true,"href":"https:\/\/metal-badge.ch\/it\/wp-json\/wp\/v2\/product_cat?post=137692"},{"taxonomy":"product_tag","embeddable":true,"href":"https:\/\/metal-badge.ch\/it\/wp-json\/wp\/v2\/product_tag?post=137692"}],"curies":[{"name":"wp","href":"https:\/\/api.w.org\/{rel}","templated":true}]}}