{"id":137083,"date":"2024-05-02T15:08:11","date_gmt":"2024-05-02T13:08:11","guid":{"rendered":"https:\/\/metal-badge.ch\/product\/137083\/fascia-riflettente-con-velcro-per-sport-outdoor-blu\/"},"modified":"2024-05-02T15:08:11","modified_gmt":"2024-05-02T13:08:11","slug":"fascia-riflettente-con-velcro-per-sport-outdoor-blu","status":"publish","type":"product","link":"https:\/\/metal-badge.ch\/it\/product\/137083\/fascia-riflettente-con-velcro-per-sport-outdoor-blu\/","title":{"rendered":"Fascia riflettente con velcro per sport outdoor &#8211; blu"},"content":{"rendered":"<p><span style=\"font-weight: 400;\">La nostra fascia riflettente ad alta visibilit\u00e0 per braccia e gambe offre non solo una confortevole vestibilit\u00e0 e flessibilit\u00e0, ma assicura anche di essere ben visibili su strada e in altri ambienti.&nbsp; Che si tratti di correre, andare in bicicletta o altre attivit\u00e0 outdoor, scommettete sulla nostra fascia elastica riflettente per aumentare la Vostra sicurezza.<\/span><\/p>\n<p><b>Informazioni prodotto:<\/b><\/p>\n<ul>\n<li><span style=\"font-weight: 400;\">Nome: fascia elastica per braccia e gambe&nbsp;<\/span><\/li>\n<li><span style=\"font-weight: 400;\">Riflettente ad alta visibilit\u00e0<\/span><\/li>\n<li><span style=\"font-weight: 400;\">Regolabile tramite velcro<\/span><\/li>\n<li><span style=\"font-weight: 400;\">Diversi colori disponibili<\/span><\/li>\n<li><span style=\"font-weight: 400;\">Dimensione: 39 cm x 8 cm&nbsp;<\/span><\/li>\n<li><span style=\"font-weight: 400;\">Riflettori 2 per 2 x di larghezza&nbsp;<\/span><\/li>\n<li><span style=\"font-weight: 400;\">Materiale: poliestere<\/span><\/li>\n<li><span style=\"font-weight: 400;\">Colori: blu<\/span><\/li>\n<\/ul>\n","protected":false},"excerpt":{"rendered":"<p><span style=\"font-weight: 400;\">La nostra fascia riflettente ad alta visibilit\u00e0 per braccia e gambe offre non solo una confortevole vestibilit\u00e0 e flessibilit\u00e0, ma assicura anche di essere ben visibili su strada e in altri ambienti.&nbsp; Che si tratti di correre, andare in bicicletta o altre attivit\u00e0 outdoor, scommettete sulla nostra fascia elastica riflettente per aumentare la Vostra sicurezza.<\/span><\/p>\n","protected":false},"featured_media":137078,"comment_status":"closed","ping_status":"closed","template":"","meta":{"inline_featured_image":false},"product_brand":[],"product_cat":[2288,888,2198],"product_tag":[1782,1766],"class_list":{"0":"post-137083","1":"product","2":"type-product","3":"status-publish","4":"has-post-thumbnail","6":"product_cat-fascia-per-il-braccio","7":"product_cat-accessori","8":"product_cat-scarpeestivali","9":"product_tag-polizia-sicurezza","10":"product_tag-sport-outdoor-it","12":"first","13":"instock","14":"taxable","15":"shipping-taxable","16":"purchasable","17":"product-type-simple"},"_links":{"self":[{"href":"https:\/\/metal-badge.ch\/it\/wp-json\/wp\/v2\/product\/137083","targetHints":{"allow":["GET"]}}],"collection":[{"href":"https:\/\/metal-badge.ch\/it\/wp-json\/wp\/v2\/product"}],"about":[{"href":"https:\/\/metal-badge.ch\/it\/wp-json\/wp\/v2\/types\/product"}],"replies":[{"embeddable":true,"href":"https:\/\/metal-badge.ch\/it\/wp-json\/wp\/v2\/comments?post=137083"}],"wp:featuredmedia":[{"embeddable":true,"href":"https:\/\/metal-badge.ch\/it\/wp-json\/wp\/v2\/media\/137078"}],"wp:attachment":[{"href":"https:\/\/metal-badge.ch\/it\/wp-json\/wp\/v2\/media?parent=137083"}],"wp:term":[{"taxonomy":"product_brand","embeddable":true,"href":"https:\/\/metal-badge.ch\/it\/wp-json\/wp\/v2\/product_brand?post=137083"},{"taxonomy":"product_cat","embeddable":true,"href":"https:\/\/metal-badge.ch\/it\/wp-json\/wp\/v2\/product_cat?post=137083"},{"taxonomy":"product_tag","embeddable":true,"href":"https:\/\/metal-badge.ch\/it\/wp-json\/wp\/v2\/product_tag?post=137083"}],"curies":[{"name":"wp","href":"https:\/\/api.w.org\/{rel}","templated":true}]}}