{"id":134869,"date":"2024-01-08T01:42:45","date_gmt":"2024-01-08T00:42:46","guid":{"rendered":"https:\/\/metal-badge.ch\/?post_type=product&#038;p=134869"},"modified":"2024-01-08T01:49:58","modified_gmt":"2024-01-08T00:49:58","slug":"portafogli-in-pelle-revolution-ipa-slovacchia","status":"publish","type":"product","link":"https:\/\/metal-badge.ch\/it\/product\/134869\/portafogli-in-pelle-revolution-ipa-slovacchia\/","title":{"rendered":"Portafogli in pelle \u00abRevolution\u00bb IPA Slovacchia"},"content":{"rendered":"<p><span style=\"font-weight: 400;\">Portafogli in pelle bovina nera di alta qualit\u00e0, con rifiniture pulite dotato di scomparto principale per il telefono cellulare e con elastico laterale. Il telefono cellulare viene inserito dall&#8217;alto nell&#8217;apposito scomparto che pu\u00f2 poi essere chiuso tramite un bottone magnetico. Adatto per tutti i telefoni cellulari pi\u00f9 diffusi. Dimensioni: larghezza fino a 8.5 cm x altezza fino a 18 cm x spessore fino a 2 cm. Il lato anteriore del portafogli \u00e8 dotato di una finestrella trasparente per ID, sotto troviamo una parte ribaltabile con bottone magnetico con 12 scomparti per carte di credito che possono ospitare almeno 24 carte di credito. La chiusura magnetica, incorporata nella pelle \u00e8 non visibile. Essa fissa la parte ribaltabile del portafogli e tiene chiuso lo scomparto per le carte di credito. Sul lato del portafogli \u00e8 presente uno scomparto con cerniera per appunti o altre carte. Sul retro troviamo un supporto \/ incavo per inserirvi il badge. Questo portafogli \u00e8 dotato di un moschettone con cordicella regolabile in lunghezza. La cordicella pu\u00f2 anche essere rimossa tramite moschettone, quindi il portafoglio pu\u00f2 essere utilizzato anche in un formato pratico nella borsa.&nbsp;&nbsp;<\/span><\/p>\n<p><b>Informazioni prodotto:&nbsp;<\/b><\/p>\n<ul>\n<li><span style=\"font-weight: 400;\">Portafogli in formato verticale con cordicella \/ moschettone<\/span><\/li>\n<li><span style=\"font-weight: 400;\">Tracolla: regolabile in lunghezza<\/span><\/li>\n<li><span style=\"font-weight: 400;\">Dimensioni portafogli: altezza 16cm \/ larghezza 8.5 cm \/ spessore 3.0 cm&nbsp;&nbsp;<\/span><\/li>\n<li><span style=\"font-weight: 400;\">Dimensioni: finestrella ID: larghezza 8.5 cm \/ altezza 10cm<\/span><\/li>\n<li><span style=\"font-weight: 400;\">Materiale: pelle bovina di alta qualit\u00e0<\/span><\/li>\n<li><span style=\"font-weight: 400;\">Interno: due lati con 12 scomparti per carte di credito per almeno 24 carte di credito<\/span><\/li>\n<li><span style=\"font-weight: 400;\">Scomparto laterale con cerniera 9.5 cm x 8.0 cm<\/span><\/li>\n<li><span style=\"font-weight: 400;\">Scomparto slide-in per telefono cellulare con bottone a chiusura magnetica&nbsp;<\/span><\/li>\n<li><span style=\"font-weight: 400;\">Dimensioni scomparto per cellulare: larghezza fino a 8.5 cm x altezza fino a 18 cm x spessore fino a 2 cm<\/span><\/li>\n<li><span style=\"font-weight: 400;\">Peso: 120 gr.&nbsp;<\/span><\/li>\n<li><span style=\"font-weight: 400;\">Colore: nero<\/span><\/li>\n<\/ul>\n","protected":false},"excerpt":{"rendered":"<p><span style=\"font-weight: 400;\">Portafogli in pelle bovina nera di alta qualit\u00e0, con rifiniture pulite dotato di scomparto principale per il telefono cellulare e con elastico laterale. Il telefono cellulare viene inserito dall&#8217;alto nell&#8217;apposito scomparto che pu\u00f2 poi essere chiuso tramite un bottone magnetico. Adatto per tutti i telefoni cellulari pi\u00f9 diffusi. Dimensioni: larghezza fino a 8.5 cm x altezza fino a 18 cm x spessore fino a 2 cm. Il lato anteriore del portafogli \u00e8 dotato di una finestrella trasparente per ID, sotto troviamo una parte ribaltabile con bottone magnetico con 12 scomparti per carte di credito che possono ospitare almeno 24 carte di credito.<\/span><\/p>\n","protected":false},"featured_media":134873,"comment_status":"open","ping_status":"closed","template":"","meta":{"inline_featured_image":false},"product_brand":[],"product_cat":[1376],"product_tag":[],"class_list":{"0":"post-134869","1":"product","2":"type-product","3":"status-publish","4":"has-post-thumbnail","6":"product_cat-slovacchia","8":"first","9":"instock","10":"taxable","11":"shipping-taxable","12":"purchasable","13":"product-type-simple"},"_links":{"self":[{"href":"https:\/\/metal-badge.ch\/it\/wp-json\/wp\/v2\/product\/134869","targetHints":{"allow":["GET"]}}],"collection":[{"href":"https:\/\/metal-badge.ch\/it\/wp-json\/wp\/v2\/product"}],"about":[{"href":"https:\/\/metal-badge.ch\/it\/wp-json\/wp\/v2\/types\/product"}],"replies":[{"embeddable":true,"href":"https:\/\/metal-badge.ch\/it\/wp-json\/wp\/v2\/comments?post=134869"}],"wp:featuredmedia":[{"embeddable":true,"href":"https:\/\/metal-badge.ch\/it\/wp-json\/wp\/v2\/media\/134873"}],"wp:attachment":[{"href":"https:\/\/metal-badge.ch\/it\/wp-json\/wp\/v2\/media?parent=134869"}],"wp:term":[{"taxonomy":"product_brand","embeddable":true,"href":"https:\/\/metal-badge.ch\/it\/wp-json\/wp\/v2\/product_brand?post=134869"},{"taxonomy":"product_cat","embeddable":true,"href":"https:\/\/metal-badge.ch\/it\/wp-json\/wp\/v2\/product_cat?post=134869"},{"taxonomy":"product_tag","embeddable":true,"href":"https:\/\/metal-badge.ch\/it\/wp-json\/wp\/v2\/product_tag?post=134869"}],"curies":[{"name":"wp","href":"https:\/\/api.w.org\/{rel}","templated":true}]}}