{"id":134341,"date":"2023-11-14T02:11:45","date_gmt":"2023-11-14T01:11:45","guid":{"rendered":"https:\/\/metal-badge.ch\/product\/134341\/paletto-flessibile-da-75-cm-per-posto-di-blocco-in-diversi-colori-con-o-senza-catena\/"},"modified":"2023-11-14T02:11:45","modified_gmt":"2023-11-14T01:11:45","slug":"paletto-flessibile-da-75-cm-per-posto-di-blocco-in-diversi-colori-con-o-senza-catena","status":"publish","type":"product","link":"https:\/\/metal-badge.ch\/it\/product\/134341\/paletto-flessibile-da-75-cm-per-posto-di-blocco-in-diversi-colori-con-o-senza-catena\/","title":{"rendered":"Paletto flessibile da 75 cm per posto di blocco in diversi colori con o senza catena"},"content":{"rendered":"<p>Il paletto flessibile, elastico e in plastica, ha un diametro di 80 mm e si raddrizza automaticamente dopo il passaggio. Esso \u00e8 ideale per ingressi e uscite, parcheggi o come divisorio per strade strette ed \u00e8 disponibile in diversi colori. La conformit\u00e0 del paletto protegge i veicoli dai danni.<\/p>\n<p>Il dissuasore flessibile \u00e8 estremamente robusto, quindi ci possono passare sopra anche veicoli da 40 tonnellate senza che esso subisca danni. I controlli di qualit\u00e0 mostrano che il montante flessibile in plastica si raddrizza anche che ci si \u00e8 passati sopra 2000 volte.&nbsp;Grazie alle strisce riflettenti, il paletto flessibile \u00e8 facilmente visibile anche di notte. Il paletto flessibile in plastica pu\u00f2 essere fissato al pavimento avvitandolo. Per questo, la base \u00e8 dotata di tre fori preforati.<span class=\"Apple-converted-space\">&nbsp;<\/span><\/p>\n<p>I paletti sono disponibili con o senza catena di arresto. La catena di chiusura \u00e8 disponibile in rosso \/ bianco o nero \/ giallo.<span class=\"Apple-converted-space\">&nbsp;<\/span><\/p>\n<p><b>Informazioni prodotto:<\/b><\/p>\n<p>Descrizione: paletto flessibile 75cm<span class=\"Apple-converted-space\">&nbsp;<\/span><\/p>\n<p>ci si pu\u00f2 passare sopra in sicurezza<br \/>\nI danni ai veicoli sono notevolmente ridotti al minimo<br \/>\nI costi successivi per la riparazione dei paletti non sono necessari o sono minimi<br \/>\nDesign solido in plastica resistente agli agenti atmosferici e ad alta resistenza<br \/>\nEffetto segnaletico grazie a 3 pellicole riflettenti<span class=\"Apple-converted-space\">&nbsp; <\/span><br \/>\nInclinabile a 360 USD<br \/>\nauto-raddrizzante<\/p>\n<p>Materiale: plastica TPU (termo-poliuretano)<span class=\"Apple-converted-space\">&nbsp;<\/span><\/p>\n<p>Fissaggio: avvitabile con 3 grandi viti esagonali<br \/>\nCampi di Applicazione: separazione delle aree di traffico, aree di parcheggio, ideale per delimitazioni e marcatura, segno di partenza per prevenire danni al veicolo.<\/p>\n<ul>\n<li>Altezza: 750 mm<\/li>\n<li>Diametro testa: 80 mm<span class=\"Apple-converted-space\">&nbsp;<\/span><\/li>\n<li>Diametro Inferiore: 200 mm<\/li>\n<li>Peso: 950 gr.<span class=\"Apple-converted-space\">&nbsp;<\/span><\/li>\n<li>Colori: arancione, rosso, giallo, blu<span class=\"Apple-converted-space\">&nbsp;<\/span><\/li>\n<\/ul>\n<p><b>Catena di chiusura in diverse Lunghezze e diversi colori<\/b><\/p>\n<p><b>Prezzo: catena aggiuntiva<\/b> lunghezza: 250 cm \/ 500 cm \/ 700 cm \/ 1000 cm<span class=\"Apple-converted-space\">&nbsp;<\/span><\/p>\n<p>Catena di colore: rosso \/ bianco o nero \/ giallo<span class=\"Apple-converted-space\">&nbsp;<\/span><\/p>\n<p>Colore paletto a scelta: arancione, rosso, giallo, blu<span class=\"Apple-converted-space\">&nbsp;<\/span><\/p>\n<p>&nbsp;<\/p>\n","protected":false},"excerpt":{"rendered":"<p>Il paletto flessibile, elastico e in plastica, ha un diametro di 80 mm e si raddrizza automaticamente dopo il passaggio. Esso \u00e8 ideale per ingressi e uscite, parcheggi o come divisorio per strade strette ed \u00e8 disponibile in diversi colori. La conformit\u00e0 del paletto protegge i veicoli dai danni.<\/p>\n","protected":false},"featured_media":134223,"comment_status":"closed","ping_status":"closed","template":"","meta":{"inline_featured_image":false},"product_brand":[],"product_cat":[1460,888,1727],"product_tag":[1794],"class_list":{"0":"post-134341","1":"product","2":"type-product","3":"status-publish","4":"has-post-thumbnail","6":"product_cat-barriere","7":"product_cat-accessori","8":"product_cat-cones-de-signalisation-pylones-marquages","9":"product_tag-veicolo-strada","11":"first","12":"instock","13":"taxable","14":"shipping-taxable","15":"purchasable","16":"product-type-simple"},"_links":{"self":[{"href":"https:\/\/metal-badge.ch\/it\/wp-json\/wp\/v2\/product\/134341","targetHints":{"allow":["GET"]}}],"collection":[{"href":"https:\/\/metal-badge.ch\/it\/wp-json\/wp\/v2\/product"}],"about":[{"href":"https:\/\/metal-badge.ch\/it\/wp-json\/wp\/v2\/types\/product"}],"replies":[{"embeddable":true,"href":"https:\/\/metal-badge.ch\/it\/wp-json\/wp\/v2\/comments?post=134341"}],"wp:featuredmedia":[{"embeddable":true,"href":"https:\/\/metal-badge.ch\/it\/wp-json\/wp\/v2\/media\/134223"}],"wp:attachment":[{"href":"https:\/\/metal-badge.ch\/it\/wp-json\/wp\/v2\/media?parent=134341"}],"wp:term":[{"taxonomy":"product_brand","embeddable":true,"href":"https:\/\/metal-badge.ch\/it\/wp-json\/wp\/v2\/product_brand?post=134341"},{"taxonomy":"product_cat","embeddable":true,"href":"https:\/\/metal-badge.ch\/it\/wp-json\/wp\/v2\/product_cat?post=134341"},{"taxonomy":"product_tag","embeddable":true,"href":"https:\/\/metal-badge.ch\/it\/wp-json\/wp\/v2\/product_tag?post=134341"}],"curies":[{"name":"wp","href":"https:\/\/api.w.org\/{rel}","templated":true}]}}